{"id":1051,"date":"2020-06-27T11:34:06","date_gmt":"2020-06-27T11:34:06","guid":{"rendered":"https:\/\/inveurop.online\/oldsite\/es\/?page_id=1051"},"modified":"2021-01-29T12:23:07","modified_gmt":"2021-01-29T12:23:07","slug":"mesas-de-cultivo","status":"publish","type":"page","link":"https:\/\/inveurop.online\/oldsite\/es\/productos\/mesas-de-cultivo\/","title":{"rendered":"Mesas de Cultivo"},"content":{"rendered":"\n<div class=\"alignfull wp-block-ugb-header ugb-header ugb-cbec521 ugb-header ugb-header--v3 ugb-header--design-plain ugb-main-block ugb--has-custom-content-width ugb--has-custom-content-width-tablet ugb--has-custom-content-width-mobile ugb-main-block--inner-full ugb--has-block-background ugb--has-background-overlay\"><style>.ugb-cbec521 .ugb-header__title{font-family:\"Montserrat\",Sans-serif !important;color:#ffffff;text-align:center !important}.ugb-cbec521 .ugb-inner-block{text-align:center}.ugb-cbec521.ugb-header{justify-content:center;background-image:url(https:\/\/inveurop.online\/oldsite\/es\/wp-content\/uploads\/sites\/2\/2020\/10\/Mesas-de-cultivo-pa\u0301gina.jpeg)}.ugb-cbec521.ugb-header > .ugb-inner-block{max-width:100% !important}.ugb-cbec521.ugb-header:before{opacity:0.5}@media screen and (min-width:768px){.ugb-cbec521.ugb-header{padding-top:8px !important}}@media screen and (max-width:1025px){.ugb-cbec521.ugb-header{justify-content:flex-start}.ugb-cbec521.ugb-header > .ugb-inner-block{max-width:75% !important}}@media screen and (max-width:768px){.ugb-cbec521.ugb-header{justify-content:flex-start}.ugb-cbec521.ugb-header > .ugb-inner-block{max-width:90% !important}}<\/style><div class=\"ugb-inner-block ugb-inner-block--full\"><div class=\"ugb-block-content\"><div class=\"ugb-header__item\"><div class=\"ugb-content-wrapper\"><h1 class=\"ugb-header__title\">Mesas de Cultivo<\/h1><\/div><\/div><\/div><\/div><\/div>\n\n\n\n<div class=\"wp-block-ugb-text ugb-text ugb-4de6b3d ugb-text--design-plain ugb-text--columns-1 ugb-main-block\"><style>@media screen and (min-width:768px){.ugb-4de6b3d.ugb-text{margin-right:200px !important;margin-left:200px !important}}<\/style><div class=\"ugb-inner-block\"><div class=\"ugb-block-content\"><div class=\"ugb-text__text-wrapper\"><div class=\"ugb-text__text\"><p class=\"ugb-text__text-1\">Las mesas de cultivo son utilizadas en centros de jardiner\u00eda, semilleros, viveros, etc.<br><br>El dise\u00f1o de nuestras mesas de cultivo est\u00e1 pensado para proporcionar la m\u00e1xima comodidad y eficiencia y por supuesto, las fabricamos en el tama\u00f1o que mejor se adapta a las necesidades de tu cultivo:<\/p><\/div><\/div><\/div><\/div><\/div>\n\n\n\n<div class=\"alignfull wp-block-ugb-icon-list ugb-icon-list ugb-icon--icon-arrow ugb-21d94f2 ugb-icon-list--v2 ugb-main-block ugb--has-custom-content-width ugb--has-custom-content-width-mobile ugb-main-block--inner-center ugb--has-block-background\"><style>.ugb-21d94f2 li{--icon-size:25px !important;margin-bottom:10px !important}.ugb-21d94f2 li::before{width:25px !important;height:25px !important;background-image:url('data:image\/svg+xml;base64,PHN2ZyB2aWV3Qm94PSIwIDAgMTk0IDE5NCIgeG1sbnM9Imh0dHA6Ly93d3cudzMub3JnLzIwMDAvc3ZnIiBzdHlsZT0iZmlsbDogIzI5NTM5NyAhaW1wb3J0YW50OyBjb2xvcjogIzI5NTM5NyAhaW1wb3J0YW50Ij48cGF0aCBkPSJNNzMuMSA2NS4zTDEwNC44IDk3bC0zMS43IDMxLjcgMTAuNiAxMC42TDEyNiA5NyA4My43IDU0Ljd6IiBmaWxsPSIjMjk1Mzk3IiBzdHJva2U9IiMyOTUzOTciIHN0eWxlPSJmaWxsOiByZ2IoNDEsIDgzLCAxNTEpOyBzdHJva2U6IHJnYig0MSwgODMsIDE1MSk7Ii8+PHBhdGggZD0iTTE4NC40IDYwYy03LjItMTctMTkuMi0zMS41LTM0LjQtNDEuOEMxMzQuOSA4IDExNi41IDIgOTYuOSAyYy0xMy4xIDAtMjUuNiAyLjctMzcgNy41LTE3LjEgNy4yLTMxLjYgMTkuMy00MS44IDM0LjRTMS45IDc3LjQgMS45IDk3YzAgMTMuMSAyLjcgMjUuNiA3LjUgMzcgNy4yIDE3LjEgMTkuMyAzMS42IDM0LjQgNDEuOFM3Ny4yIDE5MiA5Ni45IDE5MmMxMy4xIDAgMjUuNi0yLjcgMzctNy41IDE3LjEtNy4yIDMxLjYtMTkuMyA0MS44LTM0LjQgMTAuMi0xNS4yIDE2LjItMzMuNSAxNi4yLTUzLjEgMC0xMy4xLTIuNy0yNS42LTcuNS0zN3ptLTEzLjggNjguMWMtNi4xIDE0LjMtMTYuMiAyNi42LTI5IDM1LjItMTIuOCA4LjctMjguMSAxMy43LTQ0LjcgMTMuNy0xMS4xIDAtMjEuNi0yLjItMzEuMS02LjMtMTQuMy02LjEtMjYuNi0xNi4yLTM1LjItMjlDMjEuOSAxMjkgMTYuOSAxMTMuNiAxNi45IDk3YzAtMTEuMSAyLjItMjEuNiA2LjMtMzEuMSA2LjEtMTQuMyAxNi4yLTI2LjYgMjktMzUuMkM2NC45IDIyIDgwLjMgMTcgOTYuOSAxN2MxMS4xIDAgMjEuNiAyLjIgMzEuMSA2LjMgMTQuMyA2LjEgMjYuNiAxNi4yIDM1LjIgMjkgOC42IDEyLjggMTMuNyAyOC4xIDEzLjcgNDQuNyAwIDExLjEtMi4yIDIxLjYtNi4zIDMxLjF6IiBmaWxsPSIjMjk1Mzk3IiBzdHJva2U9IiMyOTUzOTciIHN0eWxlPSJmaWxsOiByZ2IoNDEsIDgzLCAxNTEpOyBzdHJva2U6IHJnYig0MSwgODMsIDE1MSk7Ii8+PC9zdmc+')}.ugb-21d94f2 li ul{margin-bottom:10px !important}.ugb-21d94f2.ugb-icon-list ul{columns:1}.ugb-21d94f2 .ugb-inner-block{text-align:left}.ugb-21d94f2.ugb-icon-list > .ugb-inner-block{max-width:2500px !important}@media screen and (min-width:768px){.ugb-21d94f2.ugb-icon-list{margin-bottom:0px !important;padding-top:0px !important;padding-right:200px !important;padding-bottom:0px !important;padding-left:200px !important}}@media screen and (max-width:768px){.ugb-21d94f2.ugb-icon-list > .ugb-inner-block{max-width:275px !important}}<\/style><div class=\"ugb-inner-block ugb-inner-block--center\"><div class=\"ugb-block-content\"><ul><li>Estructura en&nbsp;<strong>acero galvanizado<\/strong>&nbsp;mediante el m\u00e9todo sendzimir para mesas con bandeja de inundaci\u00f3n.<\/li><li>Para las mesas con fondo en mallazo su fabricaci\u00f3n se realiza con acero galvanizado en caliente.<\/li><li>Estructura totalmente desmontable.<\/li><li>Fijaci\u00f3n al suelo con anclajes.<\/li><li>Altura regulable.<\/li><li>Anchos estandar 1,20 \/ 1,40 \/ 1,60 \/ 1,80 \/ 2,00 metros<\/li><li>Longitud seg\u00fan necesidad del cliente.<\/li><\/ul><\/div><\/div><\/div>\n\n\n\n<div class=\"wp-block-ugb-text ugb-text ugb-511ed96 ugb-text--design-plain ugb-text--columns-1 ugb-main-block\"><style>@media screen and (min-width:768px){.ugb-511ed96.ugb-text{margin-right:200px !important;margin-left:200px !important}}<\/style><div class=\"ugb-inner-block\"><div class=\"ugb-block-content\"><div class=\"ugb-text__text-wrapper\"><div class=\"ugb-text__text\"><p class=\"ugb-text__text-1\">Distintos&nbsp;<strong>tipos de mesas<\/strong>&nbsp;en funci\u00f3n de&nbsp;<em>su aplicaci\u00f3n<\/em>:<\/p><\/div><\/div><\/div><\/div><\/div>\n\n\n\n<div class=\"alignfull wp-block-ugb-icon-list ugb-icon-list ugb-icon--icon-arrow ugb-299d906 ugb-icon-list--v2 ugb-main-block ugb--has-custom-content-width ugb--has-custom-content-width-mobile ugb-main-block--inner-center ugb--has-block-background\"><style>.ugb-299d906 li{--icon-size:25px !important;margin-bottom:10px !important}.ugb-299d906 li::before{width:25px !important;height:25px !important;background-image:url('data:image\/svg+xml;base64,PHN2ZyB2aWV3Qm94PSIwIDAgMTk0IDE5NCIgeG1sbnM9Imh0dHA6Ly93d3cudzMub3JnLzIwMDAvc3ZnIiBzdHlsZT0iZmlsbDogIzI5NTM5NyAhaW1wb3J0YW50OyBjb2xvcjogIzI5NTM5NyAhaW1wb3J0YW50Ij48cGF0aCBkPSJNNzMuMSA2NS4zTDEwNC44IDk3bC0zMS43IDMxLjcgMTAuNiAxMC42TDEyNiA5NyA4My43IDU0Ljd6IiBmaWxsPSIjMjk1Mzk3IiBzdHJva2U9IiMyOTUzOTciIHN0eWxlPSJmaWxsOiByZ2IoNDEsIDgzLCAxNTEpOyBzdHJva2U6IHJnYig0MSwgODMsIDE1MSk7Ii8+PHBhdGggZD0iTTE4NC40IDYwYy03LjItMTctMTkuMi0zMS41LTM0LjQtNDEuOEMxMzQuOSA4IDExNi41IDIgOTYuOSAyYy0xMy4xIDAtMjUuNiAyLjctMzcgNy41LTE3LjEgNy4yLTMxLjYgMTkuMy00MS44IDM0LjRTMS45IDc3LjQgMS45IDk3YzAgMTMuMSAyLjcgMjUuNiA3LjUgMzcgNy4yIDE3LjEgMTkuMyAzMS42IDM0LjQgNDEuOFM3Ny4yIDE5MiA5Ni45IDE5MmMxMy4xIDAgMjUuNi0yLjcgMzctNy41IDE3LjEtNy4yIDMxLjYtMTkuMyA0MS44LTM0LjQgMTAuMi0xNS4yIDE2LjItMzMuNSAxNi4yLTUzLjEgMC0xMy4xLTIuNy0yNS42LTcuNS0zN3ptLTEzLjggNjguMWMtNi4xIDE0LjMtMTYuMiAyNi42LTI5IDM1LjItMTIuOCA4LjctMjguMSAxMy43LTQ0LjcgMTMuNy0xMS4xIDAtMjEuNi0yLjItMzEuMS02LjMtMTQuMy02LjEtMjYuNi0xNi4yLTM1LjItMjlDMjEuOSAxMjkgMTYuOSAxMTMuNiAxNi45IDk3YzAtMTEuMSAyLjItMjEuNiA2LjMtMzEuMSA2LjEtMTQuMyAxNi4yLTI2LjYgMjktMzUuMkM2NC45IDIyIDgwLjMgMTcgOTYuOSAxN2MxMS4xIDAgMjEuNiAyLjIgMzEuMSA2LjMgMTQuMyA2LjEgMjYuNiAxNi4yIDM1LjIgMjkgOC42IDEyLjggMTMuNyAyOC4xIDEzLjcgNDQuNyAwIDExLjEtMi4yIDIxLjYtNi4zIDMxLjF6IiBmaWxsPSIjMjk1Mzk3IiBzdHJva2U9IiMyOTUzOTciIHN0eWxlPSJmaWxsOiByZ2IoNDEsIDgzLCAxNTEpOyBzdHJva2U6IHJnYig0MSwgODMsIDE1MSk7Ii8+PC9zdmc+')}.ugb-299d906 li ul{margin-bottom:10px !important}.ugb-299d906.ugb-icon-list ul{columns:1}.ugb-299d906 .ugb-inner-block{text-align:left}.ugb-299d906.ugb-icon-list > .ugb-inner-block{max-width:2500px !important}@media screen and (min-width:768px){.ugb-299d906.ugb-icon-list{padding-top:0px !important;padding-right:200px !important;padding-left:200px !important}}@media screen and (max-width:768px){.ugb-299d906.ugb-icon-list > .ugb-inner-block{max-width:275px !important}}<\/style><div class=\"ugb-inner-block ugb-inner-block--center\"><div class=\"ugb-block-content\"><ul><li>Mesas fijas: altura de trabajo regulable. Ideales para exposici\u00f3n en centros de jardiner\u00eda.<\/li><li>Mesas m\u00f3viles: mejor aprovechamiento del espacio disponible al poder abrir pasillos en&nbsp;cualquier zona de trabajo. Ideal para invernaderos de producci\u00f3n.<\/li><li>Mesas transportables: montadas sobre ra\u00edles y accionadas hidr\u00e1ulicamente. Ideal para grandes viveros que necesiten el desplazamiento de las plantas durante sus fases de crecimiento.<\/li><\/ul><\/div><\/div><\/div>\n","protected":false},"excerpt":{"rendered":"","protected":false},"author":1,"featured_media":0,"parent":926,"menu_order":5,"comment_status":"closed","ping_status":"closed","template":"builder.php","meta":{"inline_featured_image":false,"_genesis_hide_title":false,"_genesis_hide_breadcrumbs":false,"_genesis_hide_singular_image":false,"_genesis_hide_footer_widgets":false,"_genesis_custom_body_class":"","_genesis_custom_post_class":"","_genesis_layout":"","footnotes":""},"yst_prominent_words":[341,336,343,338,335,171,34,342,346,339,337,347,344,345,340],"class_list":{"0":"post-1051","1":"page","2":"type-page","3":"status-publish","5":"entry","6":"has-post-thumbnail"},"_links":{"self":[{"href":"https:\/\/inveurop.online\/oldsite\/es\/wp-json\/wp\/v2\/pages\/1051"}],"collection":[{"href":"https:\/\/inveurop.online\/oldsite\/es\/wp-json\/wp\/v2\/pages"}],"about":[{"href":"https:\/\/inveurop.online\/oldsite\/es\/wp-json\/wp\/v2\/types\/page"}],"author":[{"embeddable":true,"href":"https:\/\/inveurop.online\/oldsite\/es\/wp-json\/wp\/v2\/users\/1"}],"replies":[{"embeddable":true,"href":"https:\/\/inveurop.online\/oldsite\/es\/wp-json\/wp\/v2\/comments?post=1051"}],"version-history":[{"count":19,"href":"https:\/\/inveurop.online\/oldsite\/es\/wp-json\/wp\/v2\/pages\/1051\/revisions"}],"predecessor-version":[{"id":2470,"href":"https:\/\/inveurop.online\/oldsite\/es\/wp-json\/wp\/v2\/pages\/1051\/revisions\/2470"}],"up":[{"embeddable":true,"href":"https:\/\/inveurop.online\/oldsite\/es\/wp-json\/wp\/v2\/pages\/926"}],"wp:attachment":[{"href":"https:\/\/inveurop.online\/oldsite\/es\/wp-json\/wp\/v2\/media?parent=1051"}],"wp:term":[{"taxonomy":"yst_prominent_words","embeddable":true,"href":"https:\/\/inveurop.online\/oldsite\/es\/wp-json\/wp\/v2\/yst_prominent_words?post=1051"}],"curies":[{"name":"wp","href":"https:\/\/api.w.org\/{rel}","templated":true}]}}