{"id":1053,"date":"2020-06-27T11:35:27","date_gmt":"2020-06-27T11:35:27","guid":{"rendered":"https:\/\/inveurop.online\/oldsite\/es\/?page_id=1053"},"modified":"2021-01-04T10:07:55","modified_gmt":"2021-01-04T10:07:55","slug":"equipamientos-y-accesorios","status":"publish","type":"page","link":"https:\/\/inveurop.online\/oldsite\/es\/productos\/equipamientos-y-accesorios\/","title":{"rendered":"Equipamientos y Accesorios"},"content":{"rendered":"\n<div class=\"alignfull wp-block-ugb-header ugb-header ugb-46c693e ugb-header ugb-header--v3 ugb-header--design-plain ugb-main-block ugb--has-custom-content-width ugb--has-custom-content-width-tablet ugb--has-custom-content-width-mobile ugb-main-block--inner-full ugb--has-block-background ugb--has-background-overlay\" id=\"\"><style>.ugb-46c693e .ugb-header__title{font-family:\"Montserrat\",Sans-serif !important;color:#ffffff;text-align:center !important}.ugb-46c693e .ugb-inner-block{text-align:center}.ugb-46c693e.ugb-header{justify-content:flex-start;background-image:url(https:\/\/inveurop.online\/oldsite\/es\/wp-content\/uploads\/sites\/2\/2020\/10\/Equipamientos.jpg)}.ugb-46c693e.ugb-header > .ugb-inner-block{max-width:100% !important}.ugb-46c693e.ugb-header:before{opacity:0.5}@media screen and (min-width:768px){.ugb-46c693e.ugb-header{padding-top:8px !important;padding-right:0px !important}}@media screen and (max-width:1025px){.ugb-46c693e.ugb-header{justify-content:flex-start}.ugb-46c693e.ugb-header > .ugb-inner-block{max-width:75% !important}}@media screen and (max-width:768px){.ugb-46c693e.ugb-header{justify-content:flex-start}.ugb-46c693e.ugb-header > .ugb-inner-block{max-width:90% !important}}<\/style><div class=\"ugb-inner-block ugb-inner-block--full\"><div class=\"ugb-block-content\"><div class=\"ugb-header__item\"><div class=\"ugb-content-wrapper\"><h1 class=\"ugb-header__title\">Equipamientos y accesorios<\/h1><\/div><\/div><\/div><\/div><\/div>\n\n\n\n<div class=\"wp-block-ugb-text ugb-text ugb-251f2ff ugb-text--design-plain ugb-text--columns-1 ugb-main-block\" id=\"\"><style>@media screen and (min-width:768px){.ugb-251f2ff.ugb-text{margin-right:200px !important;margin-left:200px !important}}<\/style><div class=\"ugb-inner-block\"><div class=\"ugb-block-content\"><div class=\"ugb-text__text-wrapper\"><div class=\"ugb-text__text\"><p class=\"ugb-text__text-1\">El departamento t\u00e9cnico le&nbsp;<strong>asesora sobre cualquier tipo de equipamiento auxiliar<\/strong>&nbsp;para conseguir el&nbsp;<strong>clima ideal<\/strong>&nbsp;para cada tipo de cultivo dentro del invernadero.<br>Mediante estos equipamientos, nuestros clientes pueden modificar par\u00e1metros, tales como: temperatura, humedad, luz, etc \u2026 todo ello con la finalidad \u00faltima de lograr un incremento de su productividad y por consiguiente una reducci\u00f3n de costes.<br><br>Entre los m\u00e1s destacados se encuentran: <\/p><\/div><\/div><\/div><\/div><\/div>\n\n\n\n<div class=\"alignfull wp-block-ugb-icon-list ugb-icon-list ugb-icon--icon-arrow ugb-ba55233 ugb-icon-list--v2 ugb-main-block ugb--has-custom-content-width ugb--has-custom-content-width-mobile ugb-main-block--inner-center ugb--has-block-background\" id=\"\"><style>.ugb-ba55233 li{--icon-size:25px !important;margin-bottom:10px !important}.ugb-ba55233 li::before{width:25px !important;height:25px !important;background-image:url('data:image\/svg+xml;base64,PHN2ZyB2aWV3Qm94PSIwIDAgMTk0IDE5NCIgeG1sbnM9Imh0dHA6Ly93d3cudzMub3JnLzIwMDAvc3ZnIiBzdHlsZT0iZmlsbDogIzI5NTM5NyAhaW1wb3J0YW50OyBjb2xvcjogIzI5NTM5NyAhaW1wb3J0YW50Ij48cGF0aCBkPSJNNzMuMSA2NS4zTDEwNC44IDk3bC0zMS43IDMxLjcgMTAuNiAxMC42TDEyNiA5NyA4My43IDU0Ljd6IiBmaWxsPSIjMjk1Mzk3IiBzdHJva2U9IiMyOTUzOTciIHN0eWxlPSJmaWxsOiByZ2IoNDEsIDgzLCAxNTEpOyBzdHJva2U6IHJnYig0MSwgODMsIDE1MSk7Ii8+PHBhdGggZD0iTTE4NC40IDYwYy03LjItMTctMTkuMi0zMS41LTM0LjQtNDEuOEMxMzQuOSA4IDExNi41IDIgOTYuOSAyYy0xMy4xIDAtMjUuNiAyLjctMzcgNy41LTE3LjEgNy4yLTMxLjYgMTkuMy00MS44IDM0LjRTMS45IDc3LjQgMS45IDk3YzAgMTMuMSAyLjcgMjUuNiA3LjUgMzcgNy4yIDE3LjEgMTkuMyAzMS42IDM0LjQgNDEuOFM3Ny4yIDE5MiA5Ni45IDE5MmMxMy4xIDAgMjUuNi0yLjcgMzctNy41IDE3LjEtNy4yIDMxLjYtMTkuMyA0MS44LTM0LjQgMTAuMi0xNS4yIDE2LjItMzMuNSAxNi4yLTUzLjEgMC0xMy4xLTIuNy0yNS42LTcuNS0zN3ptLTEzLjggNjguMWMtNi4xIDE0LjMtMTYuMiAyNi42LTI5IDM1LjItMTIuOCA4LjctMjguMSAxMy43LTQ0LjcgMTMuNy0xMS4xIDAtMjEuNi0yLjItMzEuMS02LjMtMTQuMy02LjEtMjYuNi0xNi4yLTM1LjItMjlDMjEuOSAxMjkgMTYuOSAxMTMuNiAxNi45IDk3YzAtMTEuMSAyLjItMjEuNiA2LjMtMzEuMSA2LjEtMTQuMyAxNi4yLTI2LjYgMjktMzUuMkM2NC45IDIyIDgwLjMgMTcgOTYuOSAxN2MxMS4xIDAgMjEuNiAyLjIgMzEuMSA2LjMgMTQuMyA2LjEgMjYuNiAxNi4yIDM1LjIgMjkgOC42IDEyLjggMTMuNyAyOC4xIDEzLjcgNDQuNyAwIDExLjEtMi4yIDIxLjYtNi4zIDMxLjF6IiBmaWxsPSIjMjk1Mzk3IiBzdHJva2U9IiMyOTUzOTciIHN0eWxlPSJmaWxsOiByZ2IoNDEsIDgzLCAxNTEpOyBzdHJva2U6IHJnYig0MSwgODMsIDE1MSk7Ii8+PC9zdmc+')}.ugb-ba55233 li ul{margin-bottom:10px !important}.ugb-ba55233.ugb-icon-list ul{columns:2}.ugb-ba55233 .ugb-inner-block{text-align:left}.ugb-ba55233.ugb-icon-list > .ugb-inner-block{max-width:2500px !important}@media screen and (min-width:768px){.ugb-ba55233.ugb-icon-list{padding-top:0px !important;padding-right:200px !important;padding-left:200px !important}}@media screen and (max-width:768px){.ugb-ba55233.ugb-icon-list > .ugb-inner-block{max-width:250px !important}}<\/style><div class=\"ugb-inner-block ugb-inner-block--center\"><div class=\"ugb-block-content\"><ul><li>Pl\u00e1sticos<\/li><li>Pantallas t\u00e9rmicas<\/li><li>Cooling Systems<\/li><li>Mallas <\/li><li>Ventilaciones<\/li><li>Extractores<\/li><\/ul><\/div><\/div><\/div>\n","protected":false},"excerpt":{"rendered":"","protected":false},"author":1,"featured_media":0,"parent":926,"menu_order":6,"comment_status":"closed","ping_status":"closed","template":"builder.php","meta":{"inline_featured_image":false,"_genesis_hide_title":false,"_genesis_hide_breadcrumbs":false,"_genesis_hide_singular_image":false,"_genesis_hide_footer_widgets":false,"_genesis_custom_body_class":"","_genesis_custom_post_class":"","_genesis_layout":"","footnotes":""},"yst_prominent_words":[27],"class_list":{"0":"post-1053","1":"page","2":"type-page","3":"status-publish","5":"entry","6":"has-post-thumbnail"},"_links":{"self":[{"href":"https:\/\/inveurop.online\/oldsite\/es\/wp-json\/wp\/v2\/pages\/1053"}],"collection":[{"href":"https:\/\/inveurop.online\/oldsite\/es\/wp-json\/wp\/v2\/pages"}],"about":[{"href":"https:\/\/inveurop.online\/oldsite\/es\/wp-json\/wp\/v2\/types\/page"}],"author":[{"embeddable":true,"href":"https:\/\/inveurop.online\/oldsite\/es\/wp-json\/wp\/v2\/users\/1"}],"replies":[{"embeddable":true,"href":"https:\/\/inveurop.online\/oldsite\/es\/wp-json\/wp\/v2\/comments?post=1053"}],"version-history":[{"count":16,"href":"https:\/\/inveurop.online\/oldsite\/es\/wp-json\/wp\/v2\/pages\/1053\/revisions"}],"predecessor-version":[{"id":2381,"href":"https:\/\/inveurop.online\/oldsite\/es\/wp-json\/wp\/v2\/pages\/1053\/revisions\/2381"}],"up":[{"embeddable":true,"href":"https:\/\/inveurop.online\/oldsite\/es\/wp-json\/wp\/v2\/pages\/926"}],"wp:attachment":[{"href":"https:\/\/inveurop.online\/oldsite\/es\/wp-json\/wp\/v2\/media?parent=1053"}],"wp:term":[{"taxonomy":"yst_prominent_words","embeddable":true,"href":"https:\/\/inveurop.online\/oldsite\/es\/wp-json\/wp\/v2\/yst_prominent_words?post=1053"}],"curies":[{"name":"wp","href":"https:\/\/api.w.org\/{rel}","templated":true}]}}