{"id":1622,"date":"2020-08-03T12:38:13","date_gmt":"2020-08-03T12:38:13","guid":{"rendered":"https:\/\/inveurop.online\/oldsite\/es\/?page_id=1622"},"modified":"2020-12-21T09:58:49","modified_gmt":"2020-12-21T09:58:49","slug":"garden-center","status":"publish","type":"page","link":"https:\/\/inveurop.online\/oldsite\/es\/productos\/garden-center\/","title":{"rendered":"Garden Center"},"content":{"rendered":"\n<div class=\"alignfull wp-block-ugb-header ugb-header ugb-7febbea ugb-header ugb-header--v3 ugb-header--design-plain ugb-main-block ugb--has-custom-content-width ugb--has-custom-content-width-tablet ugb--has-custom-content-width-mobile ugb-main-block--inner-full ugb--has-block-background ugb--has-background-overlay\" id=\"\"><style>.ugb-7febbea .ugb-header__title{font-family:\"Montserrat\",Sans-serif !important;color:#ffffff;text-align:center !important}.ugb-7febbea .ugb-inner-block{text-align:center}.ugb-7febbea.ugb-header{justify-content:center;background-image:url(https:\/\/inveurop.online\/oldsite\/es\/wp-content\/uploads\/sites\/2\/2020\/10\/Garden.jpg)}.ugb-7febbea.ugb-header > .ugb-inner-block{max-width:100% !important}.ugb-7febbea.ugb-header:before{opacity:0.5}@media screen and (min-width:768px){.ugb-7febbea.ugb-header{margin-top:0px !important;padding-top:8px !important}}@media screen and (max-width:1025px){.ugb-7febbea.ugb-header{justify-content:flex-start}.ugb-7febbea.ugb-header > .ugb-inner-block{max-width:75% !important}}@media screen and (max-width:768px){.ugb-7febbea.ugb-header{justify-content:flex-start}.ugb-7febbea.ugb-header > .ugb-inner-block{max-width:90% !important}}<\/style><div class=\"ugb-inner-block ugb-inner-block--full\"><div class=\"ugb-block-content\"><div class=\"ugb-header__item\"><div class=\"ugb-content-wrapper\"><h1 class=\"ugb-header__title\">Garden Center<\/h1><\/div><\/div><\/div><\/div><\/div>\n\n\n\n<div class=\"wp-block-ugb-text ugb-text ugb-df0705f ugb-text--design-plain ugb-text--columns-1 ugb-main-block\" id=\"\"><style>@media screen and (min-width:768px){.ugb-df0705f.ugb-text{margin-bottom:0px !important;padding-right:200px !important;padding-left:200px !important}}<\/style><div class=\"ugb-inner-block\"><div class=\"ugb-block-content\"><div class=\"ugb-text__text-wrapper\"><div class=\"ugb-text__text\"><p class=\"ugb-text__text-1\">Los centros de jardiner\u00eda, se han convertido en uno de los establecimientos comerciales preferidos para comprar plantas. Estos centros disponen de invernaderos, que sirven para conservar las plantas pero que adem\u00e1s, necesitan de una est\u00e9tica adecuada como cualquier establecimiento comercial.<\/p><\/div><\/div><\/div><\/div><\/div>\n\n\n\n<div class=\"wp-block-ugb-text ugb-text ugb-0b99c91 ugb-text--design-plain ugb-text--columns-1 ugb-main-block\" id=\"\"><style>@media screen and (min-width:768px){.ugb-0b99c91.ugb-text{margin-top:0px !important;margin-right:200px !important;margin-left:200px !important}}<\/style><div class=\"ugb-inner-block\"><div class=\"ugb-block-content\"><div class=\"ugb-text__text-wrapper\"><div class=\"ugb-text__text\"><p class=\"ugb-text__text-1\">Los invernaderos que se instalan en cada Garden Center, deben ser adecuados a los diferentes tipos de plantas que se van a comercializar.<br><br>En Inveurop tenemos m\u00e1s de 30 a\u00f1os de experiencia en instalaci\u00f3n de invernaderos para Garden Center.<br><br>Para este tipo de instalaciones, recomendamos montar una estructura en <strong>acero galvanizado en caliente<\/strong> con un recubrimiento medio en zinc de 70 micras seg\u00fan la norma UNE-1S0- 1461.<br><br>&#8211; Destinados a centros de jardiner\u00eda para exposici\u00f3n y venta de art\u00edculos de bazar, plantas y objetos decorativos.<br>&#8211; Dise\u00f1os a medida seg\u00fan las necesidades del cliente, pudiendo combinar varios tipos de invernaderos: capilla, modelo multit\u00fanel, umbr\u00e1culo, etc\u2026<br>&#8211; Estructuras totalmente desmontables.<br>&#8211; Materiales de cubrici\u00f3n: placa de policarbonato, chapa sandwich, cristal, pl\u00e1stico, etc\u2026<br>&#8211; Posibilidad de incorporaci\u00f3n de ventilaciones cenitales y\/o laterales.<\/p><\/div><\/div><\/div><\/div><\/div>\n","protected":false},"excerpt":{"rendered":"","protected":false},"author":1,"featured_media":0,"parent":926,"menu_order":0,"comment_status":"closed","ping_status":"closed","template":"builder.php","meta":{"inline_featured_image":false,"_genesis_hide_title":false,"_genesis_hide_breadcrumbs":false,"_genesis_hide_singular_image":false,"_genesis_hide_footer_widgets":false,"_genesis_custom_body_class":"","_genesis_custom_post_class":"","_genesis_layout":"","footnotes":""},"yst_prominent_words":[669,338,335,260,667,668,28,339,133,182],"class_list":{"0":"post-1622","1":"page","2":"type-page","3":"status-publish","5":"entry","6":"has-post-thumbnail"},"_links":{"self":[{"href":"https:\/\/inveurop.online\/oldsite\/es\/wp-json\/wp\/v2\/pages\/1622"}],"collection":[{"href":"https:\/\/inveurop.online\/oldsite\/es\/wp-json\/wp\/v2\/pages"}],"about":[{"href":"https:\/\/inveurop.online\/oldsite\/es\/wp-json\/wp\/v2\/types\/page"}],"author":[{"embeddable":true,"href":"https:\/\/inveurop.online\/oldsite\/es\/wp-json\/wp\/v2\/users\/1"}],"replies":[{"embeddable":true,"href":"https:\/\/inveurop.online\/oldsite\/es\/wp-json\/wp\/v2\/comments?post=1622"}],"version-history":[{"count":22,"href":"https:\/\/inveurop.online\/oldsite\/es\/wp-json\/wp\/v2\/pages\/1622\/revisions"}],"predecessor-version":[{"id":2378,"href":"https:\/\/inveurop.online\/oldsite\/es\/wp-json\/wp\/v2\/pages\/1622\/revisions\/2378"}],"up":[{"embeddable":true,"href":"https:\/\/inveurop.online\/oldsite\/es\/wp-json\/wp\/v2\/pages\/926"}],"wp:attachment":[{"href":"https:\/\/inveurop.online\/oldsite\/es\/wp-json\/wp\/v2\/media?parent=1622"}],"wp:term":[{"taxonomy":"yst_prominent_words","embeddable":true,"href":"https:\/\/inveurop.online\/oldsite\/es\/wp-json\/wp\/v2\/yst_prominent_words?post=1622"}],"curies":[{"name":"wp","href":"https:\/\/api.w.org\/{rel}","templated":true}]}}