{"id":1682,"date":"2020-08-12T09:11:16","date_gmt":"2020-08-12T09:11:16","guid":{"rendered":"https:\/\/inveurop.online\/oldsite\/es\/?page_id=1682"},"modified":"2021-03-08T10:18:52","modified_gmt":"2021-03-08T10:18:52","slug":"politica-de-cookies","status":"publish","type":"page","link":"https:\/\/inveurop.online\/oldsite\/es\/politica-de-cookies\/","title":{"rendered":"Pol\u00edtica de Cookies"},"content":{"rendered":"\n<p><strong><u>POL\u00cdTICA DE COOKIES<\/u><\/strong><\/p>\n\n\n\n<p><strong>INTRODUCCI\u00d3N<\/strong><\/p>\n\n\n\n<p>Mediante el presente aviso en la web, Invernaderos Europeos SLL le informa de su pol\u00edtica de cookies, cumpliendo as\u00ed con lo previsto en el art\u00edculo 22.2 de la Ley 34\/2002, de 11 de julio de Servicios de la Sociedad de la Informaci\u00f3n y de Comercio Electr\u00f3nico.<\/p>\n\n\n\n<p><strong>POL\u00cdTICA DE USO DE COOKIES<\/strong><\/p>\n\n\n\n<p>En cumplimiento de lo dispuesto en el art\u00edculo 22.2 LSSI, Invernaderos Europeos SLL \u00fanicamente utilizar\u00e1 dispositivos de almacenamiento y recuperaci\u00f3n de datos \u00abCookies\u00bb cuando el usuario haya dado su consentimiento previo para ello de acuerdo con lo que se indica en la ventana emergente del navegador del usuario cuando accede por primera vez al Portal y en los dem\u00e1s t\u00e9rminos y condiciones que se indican en el apartado \u00abPol\u00edtica de Cookies\u00bb de la web y que todo usuario debe conocer<\/p>\n\n\n\n<ol class=\"wp-block-list\" type=\"1\"><li><strong>CONCEPTO DE COOKIE.<\/strong><\/li><\/ol>\n\n\n\n<p>Cookie es un fichero que se descarga en su ordenador al acceder a determinadas p\u00e1ginas web. Las cookies permiten a una p\u00e1gina web, entre otras cosas, almacenar y recuperar informaci\u00f3n sobre los h\u00e1bitos de navegaci\u00f3n de un usuario o de su equipo, dependiendo de la informaci\u00f3n que contengan y de la forma en que se utilice su equipo, pueden utilizarse para conocer al usuario. El navegador del usuario memoriza cookies en el disco duro solamente durante la sesi\u00f3n actual ocupando un espacio de memoria m\u00ednimo sin perjudicar su ordenador. Las cookies no contienen ninguna clase de informaci\u00f3n personal espec\u00edfica, y la mayor\u00eda de las mismas se borran del disco duro al finalizar la sesi\u00f3n del navegador.<\/p>\n\n\n\n<p>La mayor\u00eda de los navegadores aceptan como est\u00e1ndar a las cookies, y con independencia de las mismas, permiten o impiden en los ajustes de seguridad las cookies temporales o memorizadas.<\/p>\n\n\n\n<p>Las cookies son instaladas durante la navegaci\u00f3n por Internet, bien por los sitios web que visita el usuario o bien por terceros con los que se relaciona el sitio web, y permiten a \u00e9ste conocer su actividad en el mismo sitio o en otros con los que se relaciona \u00e9ste, por ejemplo: el lugar desde el que accede, el tiempo de conexi\u00f3n, el dispositivo desde el que accede (fijo o m\u00f3vil), el sistema operativo y navegador utilizados, las p\u00e1ginas m\u00e1s visitadas, el n\u00famero de clicks realizados y de datos respecto al comportamiento del usuario en Internet.<\/p>\n\n\n\n<ul class=\"wp-block-list\"><li><strong>AUTORIZACI\u00d3N DEL USO DE COOKIES.<\/strong><\/li><\/ul>\n\n\n\n<p>De conformidad con el aviso de cookies que aparece en el pie de p\u00e1gina o en el encabezado de la misma, el usuario o visitante de los mismos acepta que, al navegar por el mismo, consiente expresamente el uso de cookies seg\u00fan la descripci\u00f3n que se detalla a continuaci\u00f3n, excepto en la medida en que haya modificado la configuraci\u00f3n de su navegador para rechazar su utilizaci\u00f3n.<\/p>\n\n\n\n<p>Ante la informaci\u00f3n de las cookies es posible llevar a cabo las siguientes acciones:<\/p>\n\n\n\n<p>\u2022 Aceptar cookies: no se volver\u00e1 a visualizar este aviso al acceder a cualquier p\u00e1gina del portal durante la presente sesi\u00f3n.<\/p>\n\n\n\n<p>\u2022 Cerrar: se oculta el texto emergente sobre aviso de cookies.<strong><\/strong><\/p>\n\n\n\n<ul class=\"wp-block-list\"><li><strong>TIPOS DE COOKIES.<\/strong><\/li><\/ul>\n\n\n\n<p>El usuario que navega por la web puede encontrar cookies insertadas directamente por el Titular, o bien cookies insertadas por entidades distintas a \u00e9sta, seg\u00fan lo detallado en los siguientes apartados:<\/p>\n\n\n\n<p><strong>Tipos de Cookies:<\/strong><\/p>\n\n\n\n<p>Existen diferentes tipos de cookies, las cuales pueden ser clasificadas seg\u00fan su finalidad a la hora de obtener informaci\u00f3n acerca del usuario:<\/p>\n\n\n\n<p>&#8211; <strong>Cookies t\u00e9cnicas: <\/strong>Son aquellas que resultan imprescindibles para permitir al usuario la navegaci\u00f3n a trav\u00e9s de una p\u00e1gina web, como por ejemplo, las que permiten almacenar los datos de un pedido online.<\/p>\n\n\n\n<p>&#8211; <strong>Cookies de personalizaci\u00f3n: <\/strong>Este tipo permite personalizar las funciones o contenidos del sitio web en funci\u00f3n de los datos obtenidos del navegador. Mediante estas cookies podemos presentar un sitio web en el mismo idioma del navegador usado para visitar la web.<\/p>\n\n\n\n<p>&#8211; <strong>Cookies de an\u00e1lisis: <\/strong>Se utilizan con fines estad\u00edsticos \u00fanicamente. Un claro ejemplo podr\u00eda ser las cookies generadas por el script de seguimiento de Google Analytics<strong>.<\/strong><\/p>\n\n\n\n<p>&#8211; <strong>Cookies publicitarias y de publicidad comportamental: <\/strong>Son todas aquellas que tienen como objetivo mejorar la eficacia de los espacios publicitarios. As\u00ed, la red publicitaria de Google o los adservers incluyen este tipo de tecnolog\u00edas para dar el servicio deseado a sus clientes.<\/p>\n\n\n\n<p>Puede obtener m\u00e1s informaci\u00f3n sobre las cookies y su uso en www.aboutcookies.org.<\/p>\n\n\n\n<ol class=\"wp-block-list\" type=\"1\" start=\"4\"><li><strong>COOKIES UTILIZADAS EN ESTA WEB.<\/strong><\/li><\/ol>\n\n\n\n<p><strong>Cookies propias<\/strong><\/p>\n\n\n\n<p>Son aquellas cookies que son enviadas a su ordenador o dispositivo m\u00f3vil y gestionadas exclusivamente por Invernaderos Europeos SLL para el mejor funcionamiento del Sitio Web. La informaci\u00f3n que recabamos se emplea para mejorar la calidad de nuestro servicio y su experiencia como usuario. Estas cookies permanecen en su navegador m\u00e1s tiempo, permitiendo que la plataforma le reconozca como visitante recurrente del Sitio Web y adaptar el contenido para ofrecerle contenidos que se ajusten a sus preferencias.<\/p>\n\n\n\n<p><strong>Cookies anal\u00edticas de terceros<\/strong><\/p>\n\n\n\n<p>En Invernaderos Europeos SLL tambi\u00e9n se utiliza el sistema de medici\u00f3n de audiencia Google Analytics, una herramienta de an\u00e1lisis web de Google que permite conocer c\u00f3mo interact\u00faan los usuarios de nuestro Sitio Web. Asimismo, habilita cookies en el dominio del sitio en el que se encuentra el usuario y utiliza un conjunto de cookies denominadas \u00ab__utma\u00bb y \u00ab__utmz\u00bb para recopilar informaci\u00f3n de forma an\u00f3nima y elaborar informes de tendencias del Sitio Web sin identificar a usuarios individuales.&nbsp;<\/p>\n\n\n\n<p>Junto con los archivos de registro del servidor, permite conocer el n\u00famero total de usuarios que visitan Invernaderos Europeos SLL y aquellas partes del mismo que gozan de mayor popularidad. Gracias a ellas se obtiene una informaci\u00f3n que puede ayudar a mejorar la navegaci\u00f3n y dar un mejor servicio a usuarios.<\/p>\n\n\n\n<p>Si interact\u00faa con el contenido de Invernaderos Europeos SLL tambi\u00e9n pueden establecerse cookies de terceros (por ejemplo, al pulsar botones de redes sociales). Las cookies de terceros, son aquellas establecidas por un dominio diferente de nuestro Sitio Web. No podemos acceder a los datos almacenados en las cookies de otros sitios web cuando navegue en los citados sitios web.<\/p>\n\n\n\n<p>Incluimos a continuaci\u00f3n el enlace al sitio web de Google donde puede consultar la descripci\u00f3n del tipo de cookies que utiliza Google Analytics y su periodo de expiraci\u00f3n:<\/p>\n\n\n\n<p><a href=\"https:\/\/developers.google.com\/analytics\/devguides\/collection\/analyticsjs\/cookie-usage?hl=es\">https:\/\/developers.google.com\/analytics\/devguides\/collection\/analyticsjs\/cookie-usage?hl=es<\/a><\/p>\n\n\n\n<p><strong>Listado de cookies usadas en esta p\u00e1gina web<\/strong><\/p>\n\n\n\n<figure class=\"wp-block-table\"><table><tbody><tr><td><strong>Nombre<\/strong><\/td><td><strong>Dominio<\/strong><\/td><td><strong>Finalidad<\/strong><\/td><td><strong>Plazo de conservaci\u00f3n<\/strong><\/td><\/tr><tr><td><strong>__Secure-3PSID<\/strong><\/td><td>Google.com<\/td><td>Se utiliza con fines de segmentaci\u00f3n para crear un perfil de los intereses del visitante del sitio web con el fin de mostrar publicidad relevante y personalizada de Google.&nbsp;<\/td><td>2 a\u00f1os<\/td><\/tr><tr><td><strong>SID<\/strong><\/td><td>Google.com<\/td><td>Anal\u00edticas. Recoge informaci\u00f3n para el buscador de google<\/td><td>2 a\u00f1os<\/td><\/tr><tr><td><strong>SIDCC<\/strong><\/td><td>Google.com<\/td><td>Anal\u00edtica. Provee servicios y extrae informaci\u00f3n an\u00f3nima sobre la navegaci\u00f3n<\/td><td>1 a\u00f1o<\/td><\/tr><tr><td><strong>__Secure-3PAPISID<\/strong><\/td><td>Google.com<\/td><td>Publicitaria. Estas cookies se utilizan para entregar anuncios m\u00e1s relevantes para usted y sus intereses<\/td><td>2 a\u00f1os<\/td><\/tr><tr><td><strong>SAPISID<\/strong><\/td><td>Google.com<\/td><td>Publicitaria. Mide el rendimiento de los anuncios y proporciona recomendaciones<\/td><td>2 a\u00f1os<\/td><\/tr><tr><td><strong>APISID<\/strong><\/td><td>Google.com<\/td><td>Publicitaria. Mide el rendimiento de los anuncios y proporciona recomendaciones<\/td><td>2 a\u00f1os<\/td><\/tr><tr><td><strong>HSID<\/strong><\/td><td>Google.com<\/td><td>Publicitaria. Mide el rendimiento de los anuncios y proporciona recomendaciones<\/td><td>2 a\u00f1os<\/td><\/tr><tr><td><strong>SSID<\/strong><\/td><td>Google.com<\/td><td>Publicitaria. Mide el rendimiento de los anuncios y proporciona recomendaciones<\/td><td>2 a\u00f1os<\/td><\/tr><tr><td><strong>NID<\/strong><\/td><td>Google.com<\/td><td>Publicitaria. Registra una ID<\/td><td>4 meses<\/td><\/tr><tr><td><strong>SEARCH_SAMESITE<\/strong><\/td><td>Google.com<\/td><td>&nbsp;Protecci\u00f3n contra ataques a la web<\/td><td>2 meses<\/td><\/tr><tr><td><strong>1P_JAR<\/strong><\/td><td>Google.com Gstatic.com<\/td><td>De Tercero. Almacenamiento de las preferencias de usuario de google.<\/td><td>1 mes<\/td><\/tr><tr><td><strong>CONSENT<\/strong><\/td><td>Google.com Gstatic.com<\/td><td>Publicitaria. Mejora la publicidad, suele utilizarse para orientarse al usuario<\/td><td>18 a\u00f1os<\/td><\/tr><tr><td><strong>ANID<\/strong><\/td><td>Google.com<\/td><td>Publicitaria. Mide el rendimiento de los anuncios y proporciona recomendaciones<\/td><td>10 meses<\/td><\/tr><tr><td><strong>wp_wpfileupload_0<\/strong><\/td><td>Invernaderos Europeos SLL<\/td><td>Cookie de funcionalidad para la carga de archivos.<\/td><td>1 hora<\/td><\/tr><\/tbody><\/table><\/figure>\n\n\n\n<ul class=\"wp-block-list\"><li><strong>CONFIGURACI\u00d3N DEL NAVEGADOR<\/strong><\/li><\/ul>\n\n\n\n<p>El Titular recuerda a sus usuarios que el uso de cookies podr\u00e1 estar sujeto a su aceptaci\u00f3n durante la instalaci\u00f3n o actualizaci\u00f3n del navegador utilizado por \u00e9stos.<\/p>\n\n\n\n<p>Esta aceptaci\u00f3n podr\u00e1 ser revocada mediante las opciones de configuraci\u00f3n de contenidos y privacidad disponibles en el mismo. El Titular recomienda a sus usuarios que consulten la ayuda de su navegador o acceda a las p\u00e1ginas web de ayuda de los principales navegadores:<\/p>\n\n\n\n<ol class=\"wp-block-list\" type=\"1\" start=\"6\"><li><strong>RETIRAR MI CONSENTIMIENTO<\/strong><\/li><\/ol>\n\n\n\n<p>Si quisiese retirar en cualquier momento su consentimiento relacionado con la presente Pol\u00edtica de Cookies, deber\u00e1 eliminar las cookies almacenadas en su equipo (ordenador o dispositivo m\u00f3vil) a trav\u00e9s de los ajustes y configuraciones de su navegador de Internet.<\/p>\n\n\n\n<p>Para mayor informaci\u00f3n sobre la eliminaci\u00f3n, deshabilitaci\u00f3n o bloqueo de las cookies, por favor visite:&nbsp;<a href=\"http:\/\/www.allaboutcookies.org\/es\/administrar-las-cookies\/\">http:\/\/www.allaboutcookies.org\/es\/administrar-las-cookies\/<\/a><\/p>\n\n\n\n<ol class=\"wp-block-list\" type=\"1\" start=\"7\"><li><strong>MODIFICACI\u00d3N DE LA CONFIGURACI\u00d3N Y AJUSTES SOBRE COOKIES<\/strong><\/li><\/ol>\n\n\n\n<p>Salvo que haya ajustado la configuraci\u00f3n de su navegador, el sistema crear\u00e1 cookies en cuanto visite el Sitio Web. Tenga presente que todos los navegadores de Internet permiten el cambio de dicha configuraci\u00f3n. Para m\u00e1s informaci\u00f3n sobre la forma de ajustar sus configuraciones de cookies en los siguientes navegadores, le remitimos al enlace pertinente:<\/p>\n\n\n\n<p><strong>Internet Explorer<\/strong><\/p>\n\n\n\n<ul class=\"wp-block-list\"><li>Internet Explorer 7 <a href=\"http:\/\/www.allaboutcookies.org\/es\/administrar-las-cookies\/internet-explorer7-plus.html\">http:\/\/www.allaboutcookies.org\/es\/administrar-las-cookies\/internet-explorer7-plus.html<\/a><\/li><li>Internet Explorer 8 <a href=\"http:\/\/www.allaboutcookies.org\/es\/administrar-las-cookies\/internet-explorer8-plus.html\">http:\/\/www.allaboutcookies.org\/es\/administrar-las-cookies\/internet-explorer8-plus.html<\/a><\/li><li>Internet Explorer 9 <a href=\"http:\/\/www.allaboutcookies.org\/es\/administrar-las-cookies\/internet-explorer9-plus.html\">http:\/\/www.allaboutcookies.org\/es\/administrar-las-cookies\/internet-explorer9-plus.html<\/a><\/li><li>Internet Explorer 11 <a href=\"https:\/\/support.microsoft.com\/es-es\/help\/17442\/windows-internet-explorer-delete-manage-cookies\" target=\"_blank\" rel=\"noreferrer noopener\">https:\/\/support.microsoft.com\/es-es\/help\/17442\/windows-internet-explorer-delete-manage-cookies<\/a><\/li><\/ul>\n\n\n\n<p><strong>Firefox<\/strong><\/p>\n\n\n\n<ul class=\"wp-block-list\"><li>https:\/\/support.mozilla.org\/es\/kb\/habilitar-y-deshabilitar-cookies-sitios-web-rastrear-preferencias<\/li><\/ul>\n\n\n\n<p><strong>Chrome<\/strong><\/p>\n\n\n\n<ul class=\"wp-block-list\"><li><a href=\"https:\/\/support.google.com\/chrome\/answer\/95647?co=GENIE.Platform%3DDesktop&amp;hl=es\" target=\"_blank\" rel=\"noreferrer noopener\">https:\/\/support.google.com\/chrome\/answer\/95647?co=GENIE.Platform%3DDesktop&amp;hl=es<\/a><\/li><\/ul>\n\n\n\n<p><strong>Safari<\/strong><\/p>\n\n\n\n<ul class=\"wp-block-list\"><li>https:\/\/support.apple.com\/kb\/ph21411?locale=es_ES\u00a0<\/li><\/ul>\n\n\n\n<p><strong>iOS<\/strong><\/p>\n\n\n\n<ul class=\"wp-block-list\"><li>https:\/\/support.apple.com\/es-es\/HT201265<\/li><\/ul>\n\n\n\n<ol class=\"wp-block-list\" type=\"1\" start=\"8\"><li><strong>CAMBIOS EN LA POL\u00cdTICA DE COOKIES<\/strong><\/li><\/ol>\n\n\n\n<p>Es posible que Invernaderos Europeos S.L. actualice la Pol\u00edtica de Cookies del Sitio Web, por ello le recomendamos revisar esta pol\u00edtica cada vez que acceda a la plataforma con el objetivo de estar adecuadamente informado sobre c\u00f3mo y para qu\u00e9 usamos las cookies. La Pol\u00edtica de Cookies se actualiz\u00f3 por \u00faltima vez a fecha 7 de agosto de 2020.<\/p>\n\n\n\n<ol class=\"wp-block-list\" type=\"1\" start=\"9\"><li><strong>CONTACTO<\/strong><\/li><\/ol>\n\n\n\n<p>Si tuviera alguna duda, comentario o sugerencia sobre la Pol\u00edtica de Cookies, por favor escriba a:&nbsp;info@inveurop.com<\/p>\n","protected":false},"excerpt":{"rendered":"<p>POL\u00cdTICA DE COOKIES INTRODUCCI\u00d3N Mediante el presente aviso en la web, Invernaderos Europeos SLL le informa de su pol\u00edtica de cookies, cumpliendo as\u00ed con lo previsto en el art\u00edculo 22.2 de la Ley 34\/2002, de 11 de julio de Servicios de la Sociedad de la Informaci\u00f3n y de Comercio Electr\u00f3nico. POL\u00cdTICA DE USO DE COOKIES &hellip;<\/p>\n","protected":false},"author":1,"featured_media":0,"parent":0,"menu_order":0,"comment_status":"closed","ping_status":"closed","template":"","meta":{"inline_featured_image":false,"_genesis_hide_title":false,"_genesis_hide_breadcrumbs":false,"_genesis_hide_singular_image":false,"_genesis_hide_footer_widgets":false,"_genesis_custom_body_class":"","_genesis_custom_post_class":"","_genesis_layout":"","footnotes":""},"yst_prominent_words":[720,715,728,686,729,725,685,684,719,730,723,717,724,718,304,716,726,722,727,721],"class_list":{"0":"post-1682","1":"page","2":"type-page","3":"status-publish","5":"entry"},"_links":{"self":[{"href":"https:\/\/inveurop.online\/oldsite\/es\/wp-json\/wp\/v2\/pages\/1682"}],"collection":[{"href":"https:\/\/inveurop.online\/oldsite\/es\/wp-json\/wp\/v2\/pages"}],"about":[{"href":"https:\/\/inveurop.online\/oldsite\/es\/wp-json\/wp\/v2\/types\/page"}],"author":[{"embeddable":true,"href":"https:\/\/inveurop.online\/oldsite\/es\/wp-json\/wp\/v2\/users\/1"}],"replies":[{"embeddable":true,"href":"https:\/\/inveurop.online\/oldsite\/es\/wp-json\/wp\/v2\/comments?post=1682"}],"version-history":[{"count":4,"href":"https:\/\/inveurop.online\/oldsite\/es\/wp-json\/wp\/v2\/pages\/1682\/revisions"}],"predecessor-version":[{"id":2615,"href":"https:\/\/inveurop.online\/oldsite\/es\/wp-json\/wp\/v2\/pages\/1682\/revisions\/2615"}],"wp:attachment":[{"href":"https:\/\/inveurop.online\/oldsite\/es\/wp-json\/wp\/v2\/media?parent=1682"}],"wp:term":[{"taxonomy":"yst_prominent_words","embeddable":true,"href":"https:\/\/inveurop.online\/oldsite\/es\/wp-json\/wp\/v2\/yst_prominent_words?post=1682"}],"curies":[{"name":"wp","href":"https:\/\/api.w.org\/{rel}","templated":true}]}}