{"id":3171,"date":"2024-09-01T08:34:00","date_gmt":"2024-09-01T08:34:00","guid":{"rendered":"https:\/\/inveurop.online\/oldsite\/es\/?page_id=3171"},"modified":"2024-09-18T17:04:45","modified_gmt":"2024-09-18T17:04:45","slug":"agronomic-1","status":"publish","type":"page","link":"https:\/\/inveurop.online\/oldsite\/es\/agronomic-1\/","title":{"rendered":"Agronomic"},"content":{"rendered":"\t\t<div data-elementor-type=\"wp-page\" data-elementor-id=\"3171\" class=\"elementor elementor-3171\">\n\t\t\t\t<div class=\"elementor-element elementor-element-17427ef1 e-con-full e-flex e-con e-parent\" data-id=\"17427ef1\" data-element_type=\"container\" data-settings=\"{&quot;background_background&quot;:&quot;classic&quot;}\">\n\t\t\t\t<div class=\"elementor-element elementor-element-73399aec elementor-invisible elementor-widget elementor-widget-heading\" data-id=\"73399aec\" data-element_type=\"widget\" data-settings=\"{&quot;_animation&quot;:&quot;fadeInDown&quot;}\" data-widget_type=\"heading.default\">\n\t\t\t\t<div class=\"elementor-widget-container\">\n\t\t\t<h2 class=\"elementor-heading-title elementor-size-default\">Agronomic<\/h2>\t\t<\/div>\n\t\t\t\t<\/div>\n\t\t\t\t<div class=\"elementor-element elementor-element-21651bf elementor-widget-divider--view-line elementor-invisible elementor-widget elementor-widget-divider\" data-id=\"21651bf\" data-element_type=\"widget\" data-settings=\"{&quot;_animation&quot;:&quot;slideInLeft&quot;}\" data-widget_type=\"divider.default\">\n\t\t\t\t<div class=\"elementor-widget-container\">\n\t\t\t\t\t<div class=\"elementor-divider\">\n\t\t\t<span class=\"elementor-divider-separator\">\n\t\t\t\t\t\t<\/span>\n\t\t<\/div>\n\t\t\t\t<\/div>\n\t\t\t\t<\/div>\n\t\t\t\t<div class=\"elementor-element elementor-element-5edfd4f7 elementor-invisible elementor-widget elementor-widget-heading\" data-id=\"5edfd4f7\" data-element_type=\"widget\" data-settings=\"{&quot;_animation&quot;:&quot;fadeInDown&quot;}\" data-widget_type=\"heading.default\">\n\t\t\t\t<div class=\"elementor-widget-container\">\n\t\t\t<h2 class=\"elementor-heading-title elementor-size-default\">La soluci\u00f3n m\u00e1s econ\u00f3mica<\/h2>\t\t<\/div>\n\t\t\t\t<\/div>\n\t\t\t\t<\/div>\n\t\t<div class=\"elementor-element elementor-element-eb63999 e-flex e-con-boxed e-con e-parent\" data-id=\"eb63999\" data-element_type=\"container\">\n\t\t\t\t\t<div class=\"e-con-inner\">\n\t\t<div class=\"elementor-element elementor-element-6f902c9 e-con-full e-flex e-con e-child\" data-id=\"6f902c9\" data-element_type=\"container\">\n\t\t\t\t<div class=\"elementor-element elementor-element-61421e8 elementor-widget elementor-widget-image\" data-id=\"61421e8\" data-element_type=\"widget\" data-widget_type=\"image.default\">\n\t\t\t\t<div class=\"elementor-widget-container\">\n\t\t\t\t\t\t\t\t\t\t\t\t\t<img fetchpriority=\"high\" decoding=\"async\" width=\"1424\" height=\"801\" src=\"https:\/\/inveurop.online\/oldsite\/es\/wp-content\/uploads\/sites\/2\/2024\/09\/BASIC_AGRONOMIC-1424x801.png\" class=\"attachment-large size-large wp-image-3246\" alt=\"\" srcset=\"https:\/\/inveurop.online\/oldsite\/es\/wp-content\/uploads\/sites\/2\/2024\/09\/BASIC_AGRONOMIC-1424x801.png 1424w, https:\/\/inveurop.online\/oldsite\/es\/wp-content\/uploads\/sites\/2\/2024\/09\/BASIC_AGRONOMIC-300x169.png 300w, https:\/\/inveurop.online\/oldsite\/es\/wp-content\/uploads\/sites\/2\/2024\/09\/BASIC_AGRONOMIC-150x84.png 150w, https:\/\/inveurop.online\/oldsite\/es\/wp-content\/uploads\/sites\/2\/2024\/09\/BASIC_AGRONOMIC-768x432.png 768w\" sizes=\"(max-width: 1424px) 100vw, 1424px\" \/>\t\t\t\t\t\t\t\t\t\t\t\t\t<\/div>\n\t\t\t\t<\/div>\n\t\t\t\t<\/div>\n\t\t<div class=\"elementor-element elementor-element-54fae7a e-con-full e-flex e-con e-child\" data-id=\"54fae7a\" data-element_type=\"container\">\n\t\t\t\t<div class=\"elementor-element elementor-element-ca28f06 elementor-widget elementor-widget-text-editor\" data-id=\"ca28f06\" data-element_type=\"widget\" data-widget_type=\"text-editor.default\">\n\t\t\t\t<div class=\"elementor-widget-container\">\n\t\t\t\t\t\t\t<p>Invernadero de gama b\u00e1sica, construido mediante estructura met\u00e1lica de tubo galvanizado DX51-D seg\u00fan normativa UNE-36130 formado por un arma z\u00f3n met\u00e1lico sobre el que se fija un material de cubrici\u00f3n. Su estructura es totalmente desmonta ble, ideal para su montaje en epoca de producci\u00f3n y posterior desmontaje para labores de manteni- miento y enriquecimiento del terreno.<\/p>\t\t\t\t\t\t<\/div>\n\t\t\t\t<\/div>\n\t\t\t\t<\/div>\n\t\t\t\t\t<\/div>\n\t\t\t\t<\/div>\n\t\t<div class=\"elementor-element elementor-element-07f80c0 e-flex e-con-boxed e-con e-parent\" data-id=\"07f80c0\" data-element_type=\"container\">\n\t\t\t\t\t<div class=\"e-con-inner\">\n\t\t<div class=\"elementor-element elementor-element-086881a e-con-full e-flex e-con e-child\" data-id=\"086881a\" data-element_type=\"container\">\n\t\t\t\t<div class=\"elementor-element elementor-element-5f6886b elementor-widget elementor-widget-text-editor\" data-id=\"5f6886b\" data-element_type=\"widget\" data-widget_type=\"text-editor.default\">\n\t\t\t\t<div class=\"elementor-widget-container\">\n\t\t\t\t\t\t\t<p>La altura a canal es variable, llegando a alcanzar en la parte central del arco los 5.00 m. de altura. De esta forma, conseguimos un mayor volumen de aireaci\u00f3n y la temperatura ser\u00e1 considerablemente mejor que en invernaderos de menor tama\u00f1o. Con este tipo de estructura dise\u00f1ada para cualquier tipo de cultivo, conseguimos una producci\u00f3n mayor y de mejor calidad con el consiguiente beneficio para el cliente a la hora de la venta. Est\u00e1 especial- mente dise\u00f1ado para la producci\u00f3n de berries a gran escala y el cultivo de arboles frutales.<\/p>\t\t\t\t\t\t<\/div>\n\t\t\t\t<\/div>\n\t\t\t\t<\/div>\n\t\t<div class=\"elementor-element elementor-element-d27a429 e-con-full e-flex e-con e-child\" data-id=\"d27a429\" data-element_type=\"container\">\n\t\t\t\t<div class=\"elementor-element elementor-element-0bb4a1b elementor-widget elementor-widget-image\" data-id=\"0bb4a1b\" data-element_type=\"widget\" data-widget_type=\"image.default\">\n\t\t\t\t<div class=\"elementor-widget-container\">\n\t\t\t\t\t\t\t\t\t\t\t\t\t<img decoding=\"async\" width=\"1280\" height=\"720\" src=\"https:\/\/inveurop.online\/oldsite\/es\/wp-content\/uploads\/sites\/2\/2024\/09\/image00054.jpeg\" class=\"attachment-large size-large wp-image-3247\" alt=\"\" srcset=\"https:\/\/inveurop.online\/oldsite\/es\/wp-content\/uploads\/sites\/2\/2024\/09\/image00054.jpeg 1280w, https:\/\/inveurop.online\/oldsite\/es\/wp-content\/uploads\/sites\/2\/2024\/09\/image00054-300x169.jpeg 300w, https:\/\/inveurop.online\/oldsite\/es\/wp-content\/uploads\/sites\/2\/2024\/09\/image00054-150x84.jpeg 150w, https:\/\/inveurop.online\/oldsite\/es\/wp-content\/uploads\/sites\/2\/2024\/09\/image00054-768x432.jpeg 768w\" sizes=\"(max-width: 1280px) 100vw, 1280px\" \/>\t\t\t\t\t\t\t\t\t\t\t\t\t<\/div>\n\t\t\t\t<\/div>\n\t\t\t\t<\/div>\n\t\t\t\t\t<\/div>\n\t\t\t\t<\/div>\n\t\t<div class=\"elementor-element elementor-element-959344e e-flex e-con-boxed e-con e-parent\" data-id=\"959344e\" data-element_type=\"container\">\n\t\t\t\t\t<div class=\"e-con-inner\">\n\t\t<div class=\"elementor-element elementor-element-5af4956 e-con-full e-flex e-con e-child\" data-id=\"5af4956\" data-element_type=\"container\">\n\t\t\t\t<div class=\"elementor-element elementor-element-d55f083 elementor-widget elementor-widget-image\" data-id=\"d55f083\" data-element_type=\"widget\" data-widget_type=\"image.default\">\n\t\t\t\t<div class=\"elementor-widget-container\">\n\t\t\t\t\t\t\t\t\t\t\t\t\t<img decoding=\"async\" width=\"1424\" height=\"1068\" src=\"https:\/\/inveurop.online\/oldsite\/es\/wp-content\/uploads\/sites\/2\/2024\/09\/image00027-1424x1068.jpeg\" class=\"attachment-large size-large wp-image-3251\" alt=\"\" srcset=\"https:\/\/inveurop.online\/oldsite\/es\/wp-content\/uploads\/sites\/2\/2024\/09\/image00027-1424x1068.jpeg 1424w, https:\/\/inveurop.online\/oldsite\/es\/wp-content\/uploads\/sites\/2\/2024\/09\/image00027-300x225.jpeg 300w, https:\/\/inveurop.online\/oldsite\/es\/wp-content\/uploads\/sites\/2\/2024\/09\/image00027-150x113.jpeg 150w, https:\/\/inveurop.online\/oldsite\/es\/wp-content\/uploads\/sites\/2\/2024\/09\/image00027-768x576.jpeg 768w, https:\/\/inveurop.online\/oldsite\/es\/wp-content\/uploads\/sites\/2\/2024\/09\/image00027-800x600.jpeg 800w, https:\/\/inveurop.online\/oldsite\/es\/wp-content\/uploads\/sites\/2\/2024\/09\/image00027-550x413.jpeg 550w, https:\/\/inveurop.online\/oldsite\/es\/wp-content\/uploads\/sites\/2\/2024\/09\/image00027-350x263.jpeg 350w, https:\/\/inveurop.online\/oldsite\/es\/wp-content\/uploads\/sites\/2\/2024\/09\/image00027-260x195.jpeg 260w\" sizes=\"(max-width: 1424px) 100vw, 1424px\" \/>\t\t\t\t\t\t\t\t\t\t\t\t\t<\/div>\n\t\t\t\t<\/div>\n\t\t\t\t<\/div>\n\t\t<div class=\"elementor-element elementor-element-e3ae72d e-con-full e-flex e-con e-child\" data-id=\"e3ae72d\" data-element_type=\"container\">\n\t\t\t\t<div class=\"elementor-element elementor-element-739f128 elementor-widget elementor-widget-text-editor\" data-id=\"739f128\" data-element_type=\"widget\" data-widget_type=\"text-editor.default\">\n\t\t\t\t<div class=\"elementor-widget-container\">\n\t\t\t\t\t\t\t<p>Las medidas del invernadero son estandar, pudien- donos adaptar a la solicitud del cliente, dado que somos empresa fabricante de tubo y elementos para la propia estructura de este. La estructura del invernadero Macrotunel Basic, solo se compone de patas, puntales, arcos y estacas.<\/p>\t\t\t\t\t\t<\/div>\n\t\t\t\t<\/div>\n\t\t\t\t<\/div>\n\t\t\t\t\t<\/div>\n\t\t\t\t<\/div>\n\t\t<div class=\"elementor-element elementor-element-63ff129 e-flex e-con-boxed e-con e-parent\" data-id=\"63ff129\" data-element_type=\"container\">\n\t\t\t\t\t<div class=\"e-con-inner\">\n\t\t<div class=\"elementor-element elementor-element-de84382 e-con-full e-flex e-con e-child\" data-id=\"de84382\" data-element_type=\"container\">\n\t\t\t\t<div class=\"elementor-element elementor-element-fd07f48 elementor-widget elementor-widget-heading\" data-id=\"fd07f48\" data-element_type=\"widget\" data-widget_type=\"heading.default\">\n\t\t\t\t<div class=\"elementor-widget-container\">\n\t\t\t<h2 class=\"elementor-heading-title elementor-size-default\">M\u00e1s de<\/h2>\t\t<\/div>\n\t\t\t\t<\/div>\n\t\t\t\t<div class=\"elementor-element elementor-element-2a56b01 elementor-widget elementor-widget-heading\" data-id=\"2a56b01\" data-element_type=\"widget\" data-widget_type=\"heading.default\">\n\t\t\t\t<div class=\"elementor-widget-container\">\n\t\t\t<h2 class=\"elementor-heading-title elementor-size-default\">INVEUROP<\/h2>\t\t<\/div>\n\t\t\t\t<\/div>\n\t\t\t\t<\/div>\n\t\t<div class=\"elementor-element elementor-element-9b30189 e-con-full e-flex e-con e-child\" data-id=\"9b30189\" data-element_type=\"container\">\n\t\t\t\t<\/div>\n\t\t\t\t\t<\/div>\n\t\t\t\t<\/div>\n\t\t<div class=\"elementor-element elementor-element-af8d04b e-flex e-con-boxed e-con e-parent\" data-id=\"af8d04b\" data-element_type=\"container\" data-settings=\"{&quot;background_background&quot;:&quot;classic&quot;}\">\n\t\t\t\t\t<div class=\"e-con-inner\">\n\t\t<div class=\"elementor-element elementor-element-a35c73d e-con-full e-flex e-con e-child\" data-id=\"a35c73d\" data-element_type=\"container\" data-settings=\"{&quot;background_background&quot;:&quot;classic&quot;}\">\n\t\t\t\t<div class=\"elementor-element elementor-element-7f7ca08 elementor-widget elementor-widget-heading\" data-id=\"7f7ca08\" data-element_type=\"widget\" data-widget_type=\"heading.default\">\n\t\t\t\t<div class=\"elementor-widget-container\">\n\t\t\t<h2 class=\"elementor-heading-title elementor-size-default\">Invernaderos<\/h2>\t\t<\/div>\n\t\t\t\t<\/div>\n\t\t\t\t<div class=\"elementor-element elementor-element-de63a13 elementor-widget elementor-widget-text-editor\" data-id=\"de63a13\" data-element_type=\"widget\" data-widget_type=\"text-editor.default\">\n\t\t\t\t<div class=\"elementor-widget-container\">\n\t\t\t\t\t\t\t<p>Lorem Impsun lorem impumsun lorem impumsun lorem impumsun lorem impumsun.<\/p>\t\t\t\t\t\t<\/div>\n\t\t\t\t<\/div>\n\t\t\t\t<div class=\"elementor-element elementor-element-ea26529 elementor-widget elementor-widget-button\" data-id=\"ea26529\" data-element_type=\"widget\" data-widget_type=\"button.default\">\n\t\t\t\t<div class=\"elementor-widget-container\">\n\t\t\t\t\t<div class=\"elementor-button-wrapper\">\n\t\t\t<a class=\"elementor-button elementor-button-link elementor-size-sm\" href=\"#\">\n\t\t\t\t\t\t<span class=\"elementor-button-content-wrapper\">\n\t\t\t\t\t\t\t\t\t<span class=\"elementor-button-text\">Descubre m\u00e1s<\/span>\n\t\t\t\t\t<\/span>\n\t\t\t\t\t<\/a>\n\t\t<\/div>\n\t\t\t\t<\/div>\n\t\t\t\t<\/div>\n\t\t\t\t<\/div>\n\t\t<div class=\"elementor-element elementor-element-7dd9fbe e-con-full e-flex e-con e-child\" data-id=\"7dd9fbe\" data-element_type=\"container\" data-settings=\"{&quot;background_background&quot;:&quot;classic&quot;}\">\n\t\t\t\t<div class=\"elementor-element elementor-element-404eb57 elementor-widget elementor-widget-heading\" data-id=\"404eb57\" data-element_type=\"widget\" data-widget_type=\"heading.default\">\n\t\t\t\t<div class=\"elementor-widget-container\">\n\t\t\t<h2 class=\"elementor-heading-title elementor-size-default\">Cultivos<\/h2>\t\t<\/div>\n\t\t\t\t<\/div>\n\t\t\t\t<div class=\"elementor-element elementor-element-4f794ae elementor-widget elementor-widget-text-editor\" data-id=\"4f794ae\" data-element_type=\"widget\" data-widget_type=\"text-editor.default\">\n\t\t\t\t<div class=\"elementor-widget-container\">\n\t\t\t\t\t\t\t<p>Lorem Impsun lorem impumsun lorem impumsun lorem impumsun lorem impumsun.<\/p>\t\t\t\t\t\t<\/div>\n\t\t\t\t<\/div>\n\t\t\t\t<div class=\"elementor-element elementor-element-5f7138a elementor-widget elementor-widget-button\" data-id=\"5f7138a\" data-element_type=\"widget\" data-widget_type=\"button.default\">\n\t\t\t\t<div class=\"elementor-widget-container\">\n\t\t\t\t\t<div class=\"elementor-button-wrapper\">\n\t\t\t<a class=\"elementor-button elementor-button-link elementor-size-sm\" href=\"#\">\n\t\t\t\t\t\t<span class=\"elementor-button-content-wrapper\">\n\t\t\t\t\t\t\t\t\t<span class=\"elementor-button-text\">Descubre m\u00e1s<\/span>\n\t\t\t\t\t<\/span>\n\t\t\t\t\t<\/a>\n\t\t<\/div>\n\t\t\t\t<\/div>\n\t\t\t\t<\/div>\n\t\t\t\t<\/div>\n\t\t\t\t\t<\/div>\n\t\t\t\t<\/div>\n\t\t\t\t<\/div>\n\t\t","protected":false},"excerpt":{"rendered":"<p>Agronomic La soluci\u00f3n m\u00e1s econ\u00f3mica Invernadero de gama b\u00e1sica, construido mediante estructura met\u00e1lica de tubo galvanizado DX51-D seg\u00fan normativa UNE-36130 formado por un arma z\u00f3n met\u00e1lico sobre el que se fija un material de cubrici\u00f3n. Su estructura es totalmente desmonta ble, ideal para su montaje en epoca de producci\u00f3n y posterior desmontaje para labores de &hellip;<\/p>\n","protected":false},"author":8,"featured_media":0,"parent":0,"menu_order":0,"comment_status":"closed","ping_status":"closed","template":"elementor_canvas","meta":{"inline_featured_image":false,"_genesis_hide_title":false,"_genesis_hide_breadcrumbs":false,"_genesis_hide_singular_image":false,"_genesis_hide_footer_widgets":false,"_genesis_custom_body_class":"","_genesis_custom_post_class":"","_genesis_layout":"","footnotes":""},"yst_prominent_words":[],"class_list":{"0":"post-3171","1":"page","2":"type-page","3":"status-publish","5":"entry","6":"has-post-thumbnail"},"_links":{"self":[{"href":"https:\/\/inveurop.online\/oldsite\/es\/wp-json\/wp\/v2\/pages\/3171"}],"collection":[{"href":"https:\/\/inveurop.online\/oldsite\/es\/wp-json\/wp\/v2\/pages"}],"about":[{"href":"https:\/\/inveurop.online\/oldsite\/es\/wp-json\/wp\/v2\/types\/page"}],"author":[{"embeddable":true,"href":"https:\/\/inveurop.online\/oldsite\/es\/wp-json\/wp\/v2\/users\/8"}],"replies":[{"embeddable":true,"href":"https:\/\/inveurop.online\/oldsite\/es\/wp-json\/wp\/v2\/comments?post=3171"}],"version-history":[{"count":37,"href":"https:\/\/inveurop.online\/oldsite\/es\/wp-json\/wp\/v2\/pages\/3171\/revisions"}],"predecessor-version":[{"id":3797,"href":"https:\/\/inveurop.online\/oldsite\/es\/wp-json\/wp\/v2\/pages\/3171\/revisions\/3797"}],"wp:attachment":[{"href":"https:\/\/inveurop.online\/oldsite\/es\/wp-json\/wp\/v2\/media?parent=3171"}],"wp:term":[{"taxonomy":"yst_prominent_words","embeddable":true,"href":"https:\/\/inveurop.online\/oldsite\/es\/wp-json\/wp\/v2\/yst_prominent_words?post=3171"}],"curies":[{"name":"wp","href":"https:\/\/api.w.org\/{rel}","templated":true}]}}