{"id":3239,"date":"2024-09-01T09:19:36","date_gmt":"2024-09-01T09:19:36","guid":{"rendered":"https:\/\/inveurop.online\/oldsite\/es\/?page_id=3239"},"modified":"2024-09-18T20:16:35","modified_gmt":"2024-09-18T20:16:35","slug":"agribusiness","status":"publish","type":"page","link":"https:\/\/inveurop.online\/oldsite\/es\/agribusiness\/","title":{"rendered":"Agribusiness"},"content":{"rendered":"\t\t<div data-elementor-type=\"wp-page\" data-elementor-id=\"3239\" class=\"elementor elementor-3239\">\n\t\t\t\t<div class=\"elementor-element elementor-element-17427ef1 e-con-full e-flex e-con e-parent\" data-id=\"17427ef1\" data-element_type=\"container\" data-settings=\"{&quot;background_background&quot;:&quot;classic&quot;}\">\n\t\t\t\t<div class=\"elementor-element elementor-element-73399aec elementor-invisible elementor-widget elementor-widget-heading\" data-id=\"73399aec\" data-element_type=\"widget\" data-settings=\"{&quot;_animation&quot;:&quot;fadeInDown&quot;}\" data-widget_type=\"heading.default\">\n\t\t\t\t<div class=\"elementor-widget-container\">\n\t\t\t<h2 class=\"elementor-heading-title elementor-size-default\">Agribusiness<\/h2>\t\t<\/div>\n\t\t\t\t<\/div>\n\t\t\t\t<div class=\"elementor-element elementor-element-2861b74 elementor-widget-divider--view-line elementor-invisible elementor-widget elementor-widget-divider\" data-id=\"2861b74\" data-element_type=\"widget\" data-settings=\"{&quot;_animation&quot;:&quot;slideInLeft&quot;}\" data-widget_type=\"divider.default\">\n\t\t\t\t<div class=\"elementor-widget-container\">\n\t\t\t\t\t<div class=\"elementor-divider\">\n\t\t\t<span class=\"elementor-divider-separator\">\n\t\t\t\t\t\t<\/span>\n\t\t<\/div>\n\t\t\t\t<\/div>\n\t\t\t\t<\/div>\n\t\t\t\t<div class=\"elementor-element elementor-element-5edfd4f7 elementor-invisible elementor-widget elementor-widget-heading\" data-id=\"5edfd4f7\" data-element_type=\"widget\" data-settings=\"{&quot;_animation&quot;:&quot;fadeInDown&quot;}\" data-widget_type=\"heading.default\">\n\t\t\t\t<div class=\"elementor-widget-container\">\n\t\t\t<h2 class=\"elementor-heading-title elementor-size-default\">Abraza la innovaci\u00f3n para desbloquear el potencial de tu negocio<\/h2>\t\t<\/div>\n\t\t\t\t<\/div>\n\t\t\t\t<\/div>\n\t\t<div class=\"elementor-element elementor-element-c194fa9 e-flex e-con-boxed e-con e-parent\" data-id=\"c194fa9\" data-element_type=\"container\">\n\t\t\t\t\t<div class=\"e-con-inner\">\n\t\t\t\t<div class=\"elementor-element elementor-element-18d9923 elementor-widget elementor-widget-text-editor\" data-id=\"18d9923\" data-element_type=\"widget\" data-widget_type=\"text-editor.default\">\n\t\t\t\t<div class=\"elementor-widget-container\">\n\t\t\t\t\t\t\t<p>En Inveurop, estamos comprometidos con la transformaci\u00f3n del sector agroalimentario, poniendo en el centro de nuestra misi\u00f3n al agricultor-empresario y su rentabilidad. Nuestra misi\u00f3n es proporcionar soluciones empresariales innovadoras que impulsen el crecimiento econ\u00f3mico y la eficiencia operativa de nuestros clientes.<\/p>\t\t\t\t\t\t<\/div>\n\t\t\t\t<\/div>\n\t\t\t\t\t<\/div>\n\t\t\t\t<\/div>\n\t\t<div class=\"elementor-element elementor-element-9211100 e-flex e-con-boxed e-con e-parent\" data-id=\"9211100\" data-element_type=\"container\">\n\t\t\t\t\t<div class=\"e-con-inner\">\n\t\t<div class=\"elementor-element elementor-element-5ba45f6 e-con-full e-flex e-con e-child\" data-id=\"5ba45f6\" data-element_type=\"container\">\n\t\t\t\t<div class=\"elementor-element elementor-element-ef99cce elementor-widget elementor-widget-image\" data-id=\"ef99cce\" data-element_type=\"widget\" data-widget_type=\"image.default\">\n\t\t\t\t<div class=\"elementor-widget-container\">\n\t\t\t\t\t\t\t\t\t\t\t\t\t<img fetchpriority=\"high\" decoding=\"async\" width=\"1424\" height=\"1068\" src=\"https:\/\/inveurop.online\/oldsite\/es\/wp-content\/uploads\/sites\/2\/2024\/09\/agrigo-1424x1068.jpg\" class=\"attachment-large size-large wp-image-3276\" alt=\"\" srcset=\"https:\/\/inveurop.online\/oldsite\/es\/wp-content\/uploads\/sites\/2\/2024\/09\/agrigo-1424x1068.jpg 1424w, https:\/\/inveurop.online\/oldsite\/es\/wp-content\/uploads\/sites\/2\/2024\/09\/agrigo-300x225.jpg 300w, https:\/\/inveurop.online\/oldsite\/es\/wp-content\/uploads\/sites\/2\/2024\/09\/agrigo-150x113.jpg 150w, https:\/\/inveurop.online\/oldsite\/es\/wp-content\/uploads\/sites\/2\/2024\/09\/agrigo-768x576.jpg 768w, https:\/\/inveurop.online\/oldsite\/es\/wp-content\/uploads\/sites\/2\/2024\/09\/agrigo-800x600.jpg 800w, https:\/\/inveurop.online\/oldsite\/es\/wp-content\/uploads\/sites\/2\/2024\/09\/agrigo-550x413.jpg 550w, https:\/\/inveurop.online\/oldsite\/es\/wp-content\/uploads\/sites\/2\/2024\/09\/agrigo-350x263.jpg 350w, https:\/\/inveurop.online\/oldsite\/es\/wp-content\/uploads\/sites\/2\/2024\/09\/agrigo-260x195.jpg 260w\" sizes=\"(max-width: 1424px) 100vw, 1424px\" \/>\t\t\t\t\t\t\t\t\t\t\t\t\t<\/div>\n\t\t\t\t<\/div>\n\t\t\t\t<\/div>\n\t\t<div class=\"elementor-element elementor-element-7f544b6 e-con-full e-flex e-con e-child\" data-id=\"7f544b6\" data-element_type=\"container\">\n\t\t\t\t<div class=\"elementor-element elementor-element-e3fe95e elementor-widget elementor-widget-heading\" data-id=\"e3fe95e\" data-element_type=\"widget\" data-widget_type=\"heading.default\">\n\t\t\t\t<div class=\"elementor-widget-container\">\n\t\t\t<h2 class=\"elementor-heading-title elementor-size-default\">Agri-GO<\/h2>\t\t<\/div>\n\t\t\t\t<\/div>\n\t\t\t\t<div class=\"elementor-element elementor-element-737a8df elementor-widget elementor-widget-text-editor\" data-id=\"737a8df\" data-element_type=\"widget\" data-widget_type=\"text-editor.default\">\n\t\t\t\t<div class=\"elementor-widget-container\">\n\t\t\t\t\t\t\t<p>Nuestras soluciones est\u00e1n dise\u00f1adas para optimizar cada aspecto de la producci\u00f3n agr\u00edcola, reduciendo costos y maximizando rendimientos.<\/p><p>Nuestro principal objetivo es mejorar la rentabilidad de nuestros clientes. Para ello, en este primer paso analizamos cada caso en particular y ofrecemos soluciones personalizadas que aborden las necesidades espec\u00edficas de cada agricultor y cada empresa.<\/p><p>Te proporcionamos las herramientas: opciones de financiaci\u00f3n, estrategia y apoyo necesarios para que gestiones tus operaciones de la manera m\u00e1s efectiva para alcanzar tus objetivos. Nuestro compromiso incluye la formaci\u00f3n continua, el asesoramiento estrat\u00e9gico y el acceso a las \u00faltimas innovaciones tecnol\u00f3gicas.<\/p><p>\u00bfQu\u00e9 nos dices? \u00bfVamos?<\/p>\t\t\t\t\t\t<\/div>\n\t\t\t\t<\/div>\n\t\t\t\t<\/div>\n\t\t\t\t\t<\/div>\n\t\t\t\t<\/div>\n\t\t<div class=\"elementor-element elementor-element-dd02d68 e-flex e-con-boxed e-con e-parent\" data-id=\"dd02d68\" data-element_type=\"container\">\n\t\t\t\t\t<div class=\"e-con-inner\">\n\t\t<div class=\"elementor-element elementor-element-7899675 e-con-full e-flex e-con e-child\" data-id=\"7899675\" data-element_type=\"container\">\n\t\t\t\t<div class=\"elementor-element elementor-element-8a35aff elementor-widget elementor-widget-heading\" data-id=\"8a35aff\" data-element_type=\"widget\" data-widget_type=\"heading.default\">\n\t\t\t\t<div class=\"elementor-widget-container\">\n\t\t\t<h2 class=\"elementor-heading-title elementor-size-default\">Agri-IN<\/h2>\t\t<\/div>\n\t\t\t\t<\/div>\n\t\t\t\t<div class=\"elementor-element elementor-element-64cc992 elementor-widget elementor-widget-text-editor\" data-id=\"64cc992\" data-element_type=\"widget\" data-widget_type=\"text-editor.default\">\n\t\t\t\t<div class=\"elementor-widget-container\">\n\t\t\t\t\t\t\t<p>En este punto nuestro equipo de expertos se pone manos a la obra con el dise\u00f1o, instalaci\u00f3n\/montaje de la soluci\u00f3n previamente dise\u00f1ada. Nuestros expertos se encargan de cada detalle, garantizando la calidad que buscas y en el tiempo que precises.<\/p>\t\t\t\t\t\t<\/div>\n\t\t\t\t<\/div>\n\t\t\t\t<\/div>\n\t\t<div class=\"elementor-element elementor-element-0a3cda7 e-con-full e-flex e-con e-child\" data-id=\"0a3cda7\" data-element_type=\"container\">\n\t\t\t\t<div class=\"elementor-element elementor-element-6f9a337 elementor-widget elementor-widget-image\" data-id=\"6f9a337\" data-element_type=\"widget\" data-widget_type=\"image.default\">\n\t\t\t\t<div class=\"elementor-widget-container\">\n\t\t\t\t\t\t\t\t\t\t\t\t\t<img decoding=\"async\" width=\"800\" height=\"534\" src=\"https:\/\/inveurop.online\/oldsite\/es\/wp-content\/uploads\/sites\/2\/2021\/04\/internal-structure-in-greenhouse-with-sprinkler-irrigation.jpg\" class=\"attachment-large size-large wp-image-2722\" alt=\"El riego en cultivos en invernadero\" srcset=\"https:\/\/inveurop.online\/oldsite\/es\/wp-content\/uploads\/sites\/2\/2021\/04\/internal-structure-in-greenhouse-with-sprinkler-irrigation.jpg 800w, https:\/\/inveurop.online\/oldsite\/es\/wp-content\/uploads\/sites\/2\/2021\/04\/internal-structure-in-greenhouse-with-sprinkler-irrigation-300x200.jpg 300w, https:\/\/inveurop.online\/oldsite\/es\/wp-content\/uploads\/sites\/2\/2021\/04\/internal-structure-in-greenhouse-with-sprinkler-irrigation-150x100.jpg 150w, https:\/\/inveurop.online\/oldsite\/es\/wp-content\/uploads\/sites\/2\/2021\/04\/internal-structure-in-greenhouse-with-sprinkler-irrigation-768x513.jpg 768w\" sizes=\"(max-width: 800px) 100vw, 800px\" \/>\t\t\t\t\t\t\t\t\t\t\t\t\t<\/div>\n\t\t\t\t<\/div>\n\t\t\t\t<\/div>\n\t\t\t\t\t<\/div>\n\t\t\t\t<\/div>\n\t\t<div class=\"elementor-element elementor-element-560e048 e-flex e-con-boxed e-con e-parent\" data-id=\"560e048\" data-element_type=\"container\">\n\t\t\t\t\t<div class=\"e-con-inner\">\n\t\t<div class=\"elementor-element elementor-element-ad6876e e-con-full e-flex e-con e-child\" data-id=\"ad6876e\" data-element_type=\"container\">\n\t\t\t\t<div class=\"elementor-element elementor-element-ed2858b elementor-widget elementor-widget-image\" data-id=\"ed2858b\" data-element_type=\"widget\" data-widget_type=\"image.default\">\n\t\t\t\t<div class=\"elementor-widget-container\">\n\t\t\t\t\t\t\t\t\t\t\t\t\t<img decoding=\"async\" width=\"1424\" height=\"801\" src=\"https:\/\/inveurop.online\/oldsite\/es\/wp-content\/uploads\/sites\/2\/2024\/09\/agricare-1424x801.jpg\" class=\"attachment-large size-large wp-image-3278\" alt=\"\" srcset=\"https:\/\/inveurop.online\/oldsite\/es\/wp-content\/uploads\/sites\/2\/2024\/09\/agricare-1424x801.jpg 1424w, https:\/\/inveurop.online\/oldsite\/es\/wp-content\/uploads\/sites\/2\/2024\/09\/agricare-300x169.jpg 300w, https:\/\/inveurop.online\/oldsite\/es\/wp-content\/uploads\/sites\/2\/2024\/09\/agricare-150x84.jpg 150w, https:\/\/inveurop.online\/oldsite\/es\/wp-content\/uploads\/sites\/2\/2024\/09\/agricare-768x432.jpg 768w\" sizes=\"(max-width: 1424px) 100vw, 1424px\" \/>\t\t\t\t\t\t\t\t\t\t\t\t\t<\/div>\n\t\t\t\t<\/div>\n\t\t\t\t<\/div>\n\t\t<div class=\"elementor-element elementor-element-a851b6a e-con-full e-flex e-con e-child\" data-id=\"a851b6a\" data-element_type=\"container\">\n\t\t\t\t<div class=\"elementor-element elementor-element-79fb972 elementor-widget elementor-widget-menu-anchor\" data-id=\"79fb972\" data-element_type=\"widget\" data-widget_type=\"menu-anchor.default\">\n\t\t\t\t<div class=\"elementor-widget-container\">\n\t\t\t\t\t<div class=\"elementor-menu-anchor\" id=\"agri-care\"><\/div>\n\t\t\t\t<\/div>\n\t\t\t\t<\/div>\n\t\t\t\t<div class=\"elementor-element elementor-element-e74965c elementor-widget elementor-widget-heading\" data-id=\"e74965c\" data-element_type=\"widget\" data-widget_type=\"heading.default\">\n\t\t\t\t<div class=\"elementor-widget-container\">\n\t\t\t<h2 class=\"elementor-heading-title elementor-size-default\">Agri-CARE<\/h2>\t\t<\/div>\n\t\t\t\t<\/div>\n\t\t\t\t<div class=\"elementor-element elementor-element-a9b833c elementor-widget elementor-widget-text-editor\" data-id=\"a9b833c\" data-element_type=\"widget\" data-widget_type=\"text-editor.default\">\n\t\t\t\t<div class=\"elementor-widget-container\">\n\t\t\t\t\t\t\t<p>\u00a1Inveurop siempre contigo!<\/p><p>Una vez finalizada la instalaci\u00f3n, te ofrecemos garant\u00eda de 1 a\u00f1o y un servicio de mantenimiento y soporte continuo, asegurando que tengas todo lo necesario para operar de manera eficiente.<\/p><p>Nuestros dise\u00f1os son adaptables y escalables, permitiendo futuras expansiones o modificaciones seg\u00fan sea necesario, asegurando soluciones flexibles y capaces de crecer junto con el negocio de nuestros clientes.<\/p>\t\t\t\t\t\t<\/div>\n\t\t\t\t<\/div>\n\t\t\t\t<\/div>\n\t\t\t\t\t<\/div>\n\t\t\t\t<\/div>\n\t\t<div class=\"elementor-element elementor-element-6343c83 e-flex e-con-boxed e-con e-parent\" data-id=\"6343c83\" data-element_type=\"container\">\n\t\t\t\t\t<div class=\"e-con-inner\">\n\t\t<div class=\"elementor-element elementor-element-1984446 e-con-full e-flex e-con e-child\" data-id=\"1984446\" data-element_type=\"container\">\n\t\t\t\t<div class=\"elementor-element elementor-element-a9b92fa elementor-widget elementor-widget-heading\" data-id=\"a9b92fa\" data-element_type=\"widget\" data-widget_type=\"heading.default\">\n\t\t\t\t<div class=\"elementor-widget-container\">\n\t\t\t<h2 class=\"elementor-heading-title elementor-size-default\">Agri-MEDIA<\/h2>\t\t<\/div>\n\t\t\t\t<\/div>\n\t\t\t\t<div class=\"elementor-element elementor-element-26c9cf2 elementor-widget elementor-widget-text-editor\" data-id=\"26c9cf2\" data-element_type=\"widget\" data-widget_type=\"text-editor.default\">\n\t\t\t\t<div class=\"elementor-widget-container\">\n\t\t\t\t\t\t\t<p>Adem\u00e1s, a lo largo del proceso te ofrecemos la posibilidad de realizar material audiovisual, permiti\u00e9ndote documentar la inversi\u00f3n en innovaci\u00f3n y compartir el \u00e9xito de los resultados finales, contribuyendo a posicionar y fortalecer la imagen de tu negocio.<\/p>\t\t\t\t\t\t<\/div>\n\t\t\t\t<\/div>\n\t\t\t\t<\/div>\n\t\t<div class=\"elementor-element elementor-element-9f09322 e-con-full e-flex e-con e-child\" data-id=\"9f09322\" data-element_type=\"container\">\n\t\t\t\t<div class=\"elementor-element elementor-element-840c082 elementor-widget elementor-widget-image\" data-id=\"840c082\" data-element_type=\"widget\" data-widget_type=\"image.default\">\n\t\t\t\t<div class=\"elementor-widget-container\">\n\t\t\t\t\t\t\t\t\t\t\t\t\t<img loading=\"lazy\" decoding=\"async\" width=\"1182\" height=\"606\" src=\"https:\/\/inveurop.online\/oldsite\/es\/wp-content\/uploads\/sites\/2\/2024\/09\/imagen-cultivodron.jpeg\" class=\"attachment-large size-large wp-image-3277\" alt=\"\" srcset=\"https:\/\/inveurop.online\/oldsite\/es\/wp-content\/uploads\/sites\/2\/2024\/09\/imagen-cultivodron.jpeg 1182w, https:\/\/inveurop.online\/oldsite\/es\/wp-content\/uploads\/sites\/2\/2024\/09\/imagen-cultivodron-300x154.jpeg 300w, https:\/\/inveurop.online\/oldsite\/es\/wp-content\/uploads\/sites\/2\/2024\/09\/imagen-cultivodron-150x77.jpeg 150w, https:\/\/inveurop.online\/oldsite\/es\/wp-content\/uploads\/sites\/2\/2024\/09\/imagen-cultivodron-768x394.jpeg 768w\" sizes=\"(max-width: 1182px) 100vw, 1182px\" \/>\t\t\t\t\t\t\t\t\t\t\t\t\t<\/div>\n\t\t\t\t<\/div>\n\t\t\t\t<\/div>\n\t\t\t\t\t<\/div>\n\t\t\t\t<\/div>\n\t\t<div class=\"elementor-element elementor-element-2ba74cf e-flex e-con-boxed e-con e-parent\" data-id=\"2ba74cf\" data-element_type=\"container\">\n\t\t\t\t\t<div class=\"e-con-inner\">\n\t\t\t\t<div class=\"elementor-element elementor-element-a5d9646 elementor-widget elementor-widget-heading\" data-id=\"a5d9646\" data-element_type=\"widget\" data-widget_type=\"heading.default\">\n\t\t\t\t<div class=\"elementor-widget-container\">\n\t\t\t<h2 class=\"elementor-heading-title elementor-size-default\">Nuestros Invernaderos <\/h2>\t\t<\/div>\n\t\t\t\t<\/div>\n\t\t\t\t\t<\/div>\n\t\t\t\t<\/div>\n\t\t<div class=\"elementor-element elementor-element-af8d04b e-flex e-con-boxed e-con e-parent\" data-id=\"af8d04b\" data-element_type=\"container\" data-settings=\"{&quot;background_background&quot;:&quot;classic&quot;}\">\n\t\t\t\t\t<div class=\"e-con-inner\">\n\t\t<div class=\"elementor-element elementor-element-a35c73d e-con-full e-flex e-con e-child\" data-id=\"a35c73d\" data-element_type=\"container\" data-settings=\"{&quot;background_background&quot;:&quot;classic&quot;}\">\n\t\t\t\t<div class=\"elementor-element elementor-element-7f7ca08 elementor-widget elementor-widget-heading\" data-id=\"7f7ca08\" data-element_type=\"widget\" data-widget_type=\"heading.default\">\n\t\t\t\t<div class=\"elementor-widget-container\">\n\t\t\t<h2 class=\"elementor-heading-title elementor-size-default\">Inveurop<\/h2>\t\t<\/div>\n\t\t\t\t<\/div>\n\t\t\t\t<div class=\"elementor-element elementor-element-de63a13 elementor-widget elementor-widget-text-editor\" data-id=\"de63a13\" data-element_type=\"widget\" data-widget_type=\"text-editor.default\">\n\t\t\t\t<div class=\"elementor-widget-container\">\n\t\t\t\t\t\t\t<p>Lorem Impsun lorem impumsun lorem impumsun lorem impumsun lorem impumsun.<\/p>\t\t\t\t\t\t<\/div>\n\t\t\t\t<\/div>\n\t\t\t\t<div class=\"elementor-element elementor-element-ea26529 elementor-widget elementor-widget-button\" data-id=\"ea26529\" data-element_type=\"widget\" data-widget_type=\"button.default\">\n\t\t\t\t<div class=\"elementor-widget-container\">\n\t\t\t\t\t<div class=\"elementor-button-wrapper\">\n\t\t\t<a class=\"elementor-button elementor-button-link elementor-size-sm\" href=\"#\">\n\t\t\t\t\t\t<span class=\"elementor-button-content-wrapper\">\n\t\t\t\t\t\t\t\t\t<span class=\"elementor-button-text\">Descubre m\u00e1s<\/span>\n\t\t\t\t\t<\/span>\n\t\t\t\t\t<\/a>\n\t\t<\/div>\n\t\t\t\t<\/div>\n\t\t\t\t<\/div>\n\t\t\t\t<\/div>\n\t\t<div class=\"elementor-element elementor-element-7dd9fbe e-con-full e-flex e-con e-child\" data-id=\"7dd9fbe\" data-element_type=\"container\" data-settings=\"{&quot;background_background&quot;:&quot;classic&quot;}\">\n\t\t\t\t<div class=\"elementor-element elementor-element-404eb57 elementor-widget elementor-widget-heading\" data-id=\"404eb57\" data-element_type=\"widget\" data-widget_type=\"heading.default\">\n\t\t\t\t<div class=\"elementor-widget-container\">\n\t\t\t<h2 class=\"elementor-heading-title elementor-size-default\">Agronomic<\/h2>\t\t<\/div>\n\t\t\t\t<\/div>\n\t\t\t\t<div class=\"elementor-element elementor-element-4f794ae elementor-widget elementor-widget-text-editor\" data-id=\"4f794ae\" data-element_type=\"widget\" data-widget_type=\"text-editor.default\">\n\t\t\t\t<div class=\"elementor-widget-container\">\n\t\t\t\t\t\t\t<p>Lorem Impsun lorem impumsun lorem impumsun lorem impumsun lorem impumsun.<\/p>\t\t\t\t\t\t<\/div>\n\t\t\t\t<\/div>\n\t\t\t\t<div class=\"elementor-element elementor-element-5f7138a elementor-widget elementor-widget-button\" data-id=\"5f7138a\" data-element_type=\"widget\" data-widget_type=\"button.default\">\n\t\t\t\t<div class=\"elementor-widget-container\">\n\t\t\t\t\t<div class=\"elementor-button-wrapper\">\n\t\t\t<a class=\"elementor-button elementor-button-link elementor-size-sm\" href=\"#\">\n\t\t\t\t\t\t<span class=\"elementor-button-content-wrapper\">\n\t\t\t\t\t\t\t\t\t<span class=\"elementor-button-text\">Descubre m\u00e1s<\/span>\n\t\t\t\t\t<\/span>\n\t\t\t\t\t<\/a>\n\t\t<\/div>\n\t\t\t\t<\/div>\n\t\t\t\t<\/div>\n\t\t\t\t<\/div>\n\t\t\t\t\t<\/div>\n\t\t\t\t<\/div>\n\t\t\t\t<\/div>\n\t\t","protected":false},"excerpt":{"rendered":"<p>Agribusiness Abraza la innovaci\u00f3n para desbloquear el potencial de tu negocio En Inveurop, estamos comprometidos con la transformaci\u00f3n del sector agroalimentario, poniendo en el centro de nuestra misi\u00f3n al agricultor-empresario y su rentabilidad. Nuestra misi\u00f3n es proporcionar soluciones empresariales innovadoras que impulsen el crecimiento econ\u00f3mico y la eficiencia operativa de nuestros clientes. Agri-GO Nuestras soluciones &hellip;<\/p>\n","protected":false},"author":8,"featured_media":0,"parent":0,"menu_order":0,"comment_status":"closed","ping_status":"closed","template":"elementor_canvas","meta":{"inline_featured_image":false,"_genesis_hide_title":false,"_genesis_hide_breadcrumbs":false,"_genesis_hide_singular_image":false,"_genesis_hide_footer_widgets":false,"_genesis_custom_body_class":"","_genesis_custom_post_class":"","_genesis_layout":"","footnotes":""},"yst_prominent_words":[],"class_list":{"0":"post-3239","1":"page","2":"type-page","3":"status-publish","5":"entry","6":"has-post-thumbnail"},"_links":{"self":[{"href":"https:\/\/inveurop.online\/oldsite\/es\/wp-json\/wp\/v2\/pages\/3239"}],"collection":[{"href":"https:\/\/inveurop.online\/oldsite\/es\/wp-json\/wp\/v2\/pages"}],"about":[{"href":"https:\/\/inveurop.online\/oldsite\/es\/wp-json\/wp\/v2\/types\/page"}],"author":[{"embeddable":true,"href":"https:\/\/inveurop.online\/oldsite\/es\/wp-json\/wp\/v2\/users\/8"}],"replies":[{"embeddable":true,"href":"https:\/\/inveurop.online\/oldsite\/es\/wp-json\/wp\/v2\/comments?post=3239"}],"version-history":[{"count":31,"href":"https:\/\/inveurop.online\/oldsite\/es\/wp-json\/wp\/v2\/pages\/3239\/revisions"}],"predecessor-version":[{"id":3941,"href":"https:\/\/inveurop.online\/oldsite\/es\/wp-json\/wp\/v2\/pages\/3239\/revisions\/3941"}],"wp:attachment":[{"href":"https:\/\/inveurop.online\/oldsite\/es\/wp-json\/wp\/v2\/media?parent=3239"}],"wp:term":[{"taxonomy":"yst_prominent_words","embeddable":true,"href":"https:\/\/inveurop.online\/oldsite\/es\/wp-json\/wp\/v2\/yst_prominent_words?post=3239"}],"curies":[{"name":"wp","href":"https:\/\/api.w.org\/{rel}","templated":true}]}}