{"id":3540,"date":"2024-09-05T08:17:25","date_gmt":"2024-09-05T08:17:25","guid":{"rendered":"https:\/\/inveurop.online\/oldsite\/es\/?page_id=3540"},"modified":"2024-09-19T07:21:20","modified_gmt":"2024-09-19T07:21:20","slug":"casos-de-exito","status":"publish","type":"page","link":"https:\/\/inveurop.online\/oldsite\/es\/casos-de-exito\/","title":{"rendered":"Casos de \u00c9xito"},"content":{"rendered":"\t\t<div data-elementor-type=\"wp-page\" data-elementor-id=\"3540\" class=\"elementor elementor-3540\">\n\t\t\t\t<div class=\"elementor-element elementor-element-17427ef1 e-con-full e-flex e-con e-parent\" data-id=\"17427ef1\" data-element_type=\"container\" data-settings=\"{&quot;background_background&quot;:&quot;classic&quot;}\">\n\t\t\t\t<div class=\"elementor-element elementor-element-73399aec elementor-invisible elementor-widget elementor-widget-heading\" data-id=\"73399aec\" data-element_type=\"widget\" data-settings=\"{&quot;_animation&quot;:&quot;fadeInDown&quot;}\" data-widget_type=\"heading.default\">\n\t\t\t\t<div class=\"elementor-widget-container\">\n\t\t\t<h2 class=\"elementor-heading-title elementor-size-default\">Uruguay<\/h2>\t\t<\/div>\n\t\t\t\t<\/div>\n\t\t\t\t<div class=\"elementor-element elementor-element-2861b74 elementor-widget-divider--view-line elementor-invisible elementor-widget elementor-widget-divider\" data-id=\"2861b74\" data-element_type=\"widget\" data-settings=\"{&quot;_animation&quot;:&quot;slideInLeft&quot;}\" data-widget_type=\"divider.default\">\n\t\t\t\t<div class=\"elementor-widget-container\">\n\t\t\t\t\t<div class=\"elementor-divider\">\n\t\t\t<span class=\"elementor-divider-separator\">\n\t\t\t\t\t\t<\/span>\n\t\t<\/div>\n\t\t\t\t<\/div>\n\t\t\t\t<\/div>\n\t\t\t\t<div class=\"elementor-element elementor-element-5edfd4f7 elementor-invisible elementor-widget elementor-widget-heading\" data-id=\"5edfd4f7\" data-element_type=\"widget\" data-settings=\"{&quot;_animation&quot;:&quot;fadeInDown&quot;}\" data-widget_type=\"heading.default\">\n\t\t\t\t<div class=\"elementor-widget-container\">\n\t\t\t<h2 class=\"elementor-heading-title elementor-size-default\">Casos de \u00c9xito<\/h2>\t\t<\/div>\n\t\t\t\t<\/div>\n\t\t\t\t<\/div>\n\t\t<div class=\"elementor-element elementor-element-c194fa9 e-flex e-con-boxed e-con e-parent\" data-id=\"c194fa9\" data-element_type=\"container\">\n\t\t\t\t\t<div class=\"e-con-inner\">\n\t\t\t\t<div class=\"elementor-element elementor-element-18d9923 elementor-widget elementor-widget-text-editor\" data-id=\"18d9923\" data-element_type=\"widget\" data-widget_type=\"text-editor.default\">\n\t\t\t\t<div class=\"elementor-widget-container\">\n\t\t\t\t\t\t\t<p>Aguas Uruguay, distribuidor oficial de Inveurop y empresa l\u00edder en la provisi\u00f3n de soluciones h\u00eddricas, ha logrado consolidarse en el mercado uruguayo como un referente en la venta de invernaderos macrot\u00fanel y sus accesorios. Este \u00e9xito se debe a una combinaci\u00f3n de factores estrat\u00e9gicos, incluyendo la calidad de sus productos, la atenci\u00f3n al cliente y su compromiso con la innovaci\u00f3n y el desarrollo sostenible.<\/p>\t\t\t\t\t\t<\/div>\n\t\t\t\t<\/div>\n\t\t\t\t\t<\/div>\n\t\t\t\t<\/div>\n\t\t<div class=\"elementor-element elementor-element-9211100 e-flex e-con-boxed e-con e-parent\" data-id=\"9211100\" data-element_type=\"container\">\n\t\t\t\t\t<div class=\"e-con-inner\">\n\t\t<div class=\"elementor-element elementor-element-5ba45f6 e-con-full e-flex e-con e-child\" data-id=\"5ba45f6\" data-element_type=\"container\">\n\t\t\t\t<div class=\"elementor-element elementor-element-ef99cce elementor-widget elementor-widget-image\" data-id=\"ef99cce\" data-element_type=\"widget\" data-widget_type=\"image.default\">\n\t\t\t\t<div class=\"elementor-widget-container\">\n\t\t\t\t\t\t\t\t\t\t\t\t\t<img fetchpriority=\"high\" decoding=\"async\" width=\"1424\" height=\"1068\" src=\"https:\/\/inveurop.online\/oldsite\/es\/wp-content\/uploads\/sites\/2\/2024\/09\/agrigo-1424x1068.jpg\" class=\"attachment-large size-large wp-image-3276\" alt=\"\" srcset=\"https:\/\/inveurop.online\/oldsite\/es\/wp-content\/uploads\/sites\/2\/2024\/09\/agrigo-1424x1068.jpg 1424w, https:\/\/inveurop.online\/oldsite\/es\/wp-content\/uploads\/sites\/2\/2024\/09\/agrigo-300x225.jpg 300w, https:\/\/inveurop.online\/oldsite\/es\/wp-content\/uploads\/sites\/2\/2024\/09\/agrigo-150x113.jpg 150w, https:\/\/inveurop.online\/oldsite\/es\/wp-content\/uploads\/sites\/2\/2024\/09\/agrigo-768x576.jpg 768w, https:\/\/inveurop.online\/oldsite\/es\/wp-content\/uploads\/sites\/2\/2024\/09\/agrigo-800x600.jpg 800w, https:\/\/inveurop.online\/oldsite\/es\/wp-content\/uploads\/sites\/2\/2024\/09\/agrigo-550x413.jpg 550w, https:\/\/inveurop.online\/oldsite\/es\/wp-content\/uploads\/sites\/2\/2024\/09\/agrigo-350x263.jpg 350w, https:\/\/inveurop.online\/oldsite\/es\/wp-content\/uploads\/sites\/2\/2024\/09\/agrigo-260x195.jpg 260w\" sizes=\"(max-width: 1424px) 100vw, 1424px\" \/>\t\t\t\t\t\t\t\t\t\t\t\t\t<\/div>\n\t\t\t\t<\/div>\n\t\t\t\t<\/div>\n\t\t<div class=\"elementor-element elementor-element-7f544b6 e-con-full e-flex e-con e-child\" data-id=\"7f544b6\" data-element_type=\"container\">\n\t\t\t\t<div class=\"elementor-element elementor-element-e3fe95e elementor-widget elementor-widget-heading\" data-id=\"e3fe95e\" data-element_type=\"widget\" data-widget_type=\"heading.default\">\n\t\t\t\t<div class=\"elementor-widget-container\">\n\t\t\t<h2 class=\"elementor-heading-title elementor-size-default\">Calidad de los Productos<\/h2>\t\t<\/div>\n\t\t\t\t<\/div>\n\t\t\t\t<div class=\"elementor-element elementor-element-737a8df elementor-widget elementor-widget-text-editor\" data-id=\"737a8df\" data-element_type=\"widget\" data-widget_type=\"text-editor.default\">\n\t\t\t\t<div class=\"elementor-widget-container\">\n\t\t\t\t\t\t\t<p>Vorem ipsum dolor sit amet, consectetur adipiscing elit. Etiam eu turpis molestie, dictum est a, mattis tellus. Sed dignissim, metus nec fringilla accumsan, risus sem sollicitudin lacus, ut interdum tellus elit sed risus.<\/p>\t\t\t\t\t\t<\/div>\n\t\t\t\t<\/div>\n\t\t\t\t<\/div>\n\t\t\t\t\t<\/div>\n\t\t\t\t<\/div>\n\t\t<div class=\"elementor-element elementor-element-dd02d68 e-flex e-con-boxed e-con e-parent\" data-id=\"dd02d68\" data-element_type=\"container\">\n\t\t\t\t\t<div class=\"e-con-inner\">\n\t\t<div class=\"elementor-element elementor-element-7899675 e-con-full e-flex e-con e-child\" data-id=\"7899675\" data-element_type=\"container\">\n\t\t\t\t<div class=\"elementor-element elementor-element-8a35aff elementor-widget elementor-widget-heading\" data-id=\"8a35aff\" data-element_type=\"widget\" data-widget_type=\"heading.default\">\n\t\t\t\t<div class=\"elementor-widget-container\">\n\t\t\t<h2 class=\"elementor-heading-title elementor-size-default\">Innovaci\u00f3n y Tecnolog\u00eda<\/h2>\t\t<\/div>\n\t\t\t\t<\/div>\n\t\t\t\t<div class=\"elementor-element elementor-element-64cc992 elementor-widget elementor-widget-text-editor\" data-id=\"64cc992\" data-element_type=\"widget\" data-widget_type=\"text-editor.default\">\n\t\t\t\t<div class=\"elementor-widget-container\">\n\t\t\t\t\t\t\t<p>Vorem ipsum dolor sit amet, consectetur adipiscing elit. Etiam eu turpis molestie, dictum est a, mattis tellus. Sed dignissim, metus nec fringilla accumsan, risus sem sollicitudin lacus, ut interdum tellus elit sed risus.<\/p><p>Vorem ipsum dolor sit amet, consectetur adipiscing elit. Etiam eu turpis molestie, dictum est a, mattis tellus. Sed dignissim, metus nec fringilla accumsan, risus sem sollicitudin lacus, ut interdum tellus elit sed risus.<\/p>\t\t\t\t\t\t<\/div>\n\t\t\t\t<\/div>\n\t\t\t\t<\/div>\n\t\t<div class=\"elementor-element elementor-element-0a3cda7 e-con-full e-flex e-con e-child\" data-id=\"0a3cda7\" data-element_type=\"container\">\n\t\t\t\t<div class=\"elementor-element elementor-element-6f9a337 elementor-widget elementor-widget-image\" data-id=\"6f9a337\" data-element_type=\"widget\" data-widget_type=\"image.default\">\n\t\t\t\t<div class=\"elementor-widget-container\">\n\t\t\t\t\t\t\t\t\t\t\t\t\t<img decoding=\"async\" width=\"800\" height=\"534\" src=\"https:\/\/inveurop.online\/oldsite\/es\/wp-content\/uploads\/sites\/2\/2021\/04\/internal-structure-in-greenhouse-with-sprinkler-irrigation.jpg\" class=\"attachment-large size-large wp-image-2722\" alt=\"El riego en cultivos en invernadero\" srcset=\"https:\/\/inveurop.online\/oldsite\/es\/wp-content\/uploads\/sites\/2\/2021\/04\/internal-structure-in-greenhouse-with-sprinkler-irrigation.jpg 800w, https:\/\/inveurop.online\/oldsite\/es\/wp-content\/uploads\/sites\/2\/2021\/04\/internal-structure-in-greenhouse-with-sprinkler-irrigation-300x200.jpg 300w, https:\/\/inveurop.online\/oldsite\/es\/wp-content\/uploads\/sites\/2\/2021\/04\/internal-structure-in-greenhouse-with-sprinkler-irrigation-150x100.jpg 150w, https:\/\/inveurop.online\/oldsite\/es\/wp-content\/uploads\/sites\/2\/2021\/04\/internal-structure-in-greenhouse-with-sprinkler-irrigation-768x513.jpg 768w\" sizes=\"(max-width: 800px) 100vw, 800px\" \/>\t\t\t\t\t\t\t\t\t\t\t\t\t<\/div>\n\t\t\t\t<\/div>\n\t\t\t\t<\/div>\n\t\t\t\t\t<\/div>\n\t\t\t\t<\/div>\n\t\t<div class=\"elementor-element elementor-element-560e048 e-flex e-con-boxed e-con e-parent\" data-id=\"560e048\" data-element_type=\"container\">\n\t\t\t\t\t<div class=\"e-con-inner\">\n\t\t<div class=\"elementor-element elementor-element-ad6876e e-con-full e-flex e-con e-child\" data-id=\"ad6876e\" data-element_type=\"container\">\n\t\t\t\t<div class=\"elementor-element elementor-element-ed2858b elementor-widget elementor-widget-image\" data-id=\"ed2858b\" data-element_type=\"widget\" data-widget_type=\"image.default\">\n\t\t\t\t<div class=\"elementor-widget-container\">\n\t\t\t\t\t\t\t\t\t\t\t\t\t<img decoding=\"async\" width=\"1424\" height=\"801\" src=\"https:\/\/inveurop.online\/oldsite\/es\/wp-content\/uploads\/sites\/2\/2024\/09\/agricare-1424x801.jpg\" class=\"attachment-large size-large wp-image-3278\" alt=\"\" srcset=\"https:\/\/inveurop.online\/oldsite\/es\/wp-content\/uploads\/sites\/2\/2024\/09\/agricare-1424x801.jpg 1424w, https:\/\/inveurop.online\/oldsite\/es\/wp-content\/uploads\/sites\/2\/2024\/09\/agricare-300x169.jpg 300w, https:\/\/inveurop.online\/oldsite\/es\/wp-content\/uploads\/sites\/2\/2024\/09\/agricare-150x84.jpg 150w, https:\/\/inveurop.online\/oldsite\/es\/wp-content\/uploads\/sites\/2\/2024\/09\/agricare-768x432.jpg 768w\" sizes=\"(max-width: 1424px) 100vw, 1424px\" \/>\t\t\t\t\t\t\t\t\t\t\t\t\t<\/div>\n\t\t\t\t<\/div>\n\t\t\t\t<\/div>\n\t\t<div class=\"elementor-element elementor-element-a851b6a e-con-full e-flex e-con e-child\" data-id=\"a851b6a\" data-element_type=\"container\">\n\t\t\t\t<div class=\"elementor-element elementor-element-e74965c elementor-widget elementor-widget-heading\" data-id=\"e74965c\" data-element_type=\"widget\" data-widget_type=\"heading.default\">\n\t\t\t\t<div class=\"elementor-widget-container\">\n\t\t\t<h2 class=\"elementor-heading-title elementor-size-default\">Atenci\u00f3n al Cliente<\/h2>\t\t<\/div>\n\t\t\t\t<\/div>\n\t\t\t\t<div class=\"elementor-element elementor-element-a9b833c elementor-widget elementor-widget-text-editor\" data-id=\"a9b833c\" data-element_type=\"widget\" data-widget_type=\"text-editor.default\">\n\t\t\t\t<div class=\"elementor-widget-container\">\n\t\t\t\t\t\t\t<p>Vorem ipsum dolor sit amet, consectetur adipiscing elit. Etiam eu turpis molestie, dictum est a, mattis tellus. Sed dignissim, metus nec fringilla accumsan, risus sem sollicitudin lacus, ut interdum tellus elit sed risus.<\/p><p>Vorem ipsum dolor sit amet, consectetur adipiscing elit. Etiam eu turpis molestie, dictum est a, mattis tellus. Sed dignissim, metus nec fringilla accumsan, risus sem sollicitudin lacus, ut interdum tellus elit sed risus.<\/p>\t\t\t\t\t\t<\/div>\n\t\t\t\t<\/div>\n\t\t\t\t<\/div>\n\t\t\t\t\t<\/div>\n\t\t\t\t<\/div>\n\t\t<div class=\"elementor-element elementor-element-6343c83 e-flex e-con-boxed e-con e-parent\" data-id=\"6343c83\" data-element_type=\"container\">\n\t\t\t\t\t<div class=\"e-con-inner\">\n\t\t<div class=\"elementor-element elementor-element-1984446 e-con-full e-flex e-con e-child\" data-id=\"1984446\" data-element_type=\"container\">\n\t\t\t\t<div class=\"elementor-element elementor-element-a9b92fa elementor-widget elementor-widget-heading\" data-id=\"a9b92fa\" data-element_type=\"widget\" data-widget_type=\"heading.default\">\n\t\t\t\t<div class=\"elementor-widget-container\">\n\t\t\t<h2 class=\"elementor-heading-title elementor-size-default\">Compromiso con la Sostenibilidad<\/h2>\t\t<\/div>\n\t\t\t\t<\/div>\n\t\t\t\t<div class=\"elementor-element elementor-element-26c9cf2 elementor-widget elementor-widget-text-editor\" data-id=\"26c9cf2\" data-element_type=\"widget\" data-widget_type=\"text-editor.default\">\n\t\t\t\t<div class=\"elementor-widget-container\">\n\t\t\t\t\t\t\t<p>Vorem ipsum dolor sit amet, consectetur adipiscing elit. Etiam eu turpis molestie, dictum est a, mattis tellus. Sed dignissim, metus nec fringilla accumsan, risus sem sollicitudin lacus, ut interdum tellus elit sed risus.<\/p><p>Vorem ipsum dolor sit amet, consectetur adipiscing elit. Etiam eu turpis molestie, dictum est a, mattis tellus. Sed dignissim, metus nec fringilla accumsan, risus sem sollicitudin lacus, ut interdum tellus elit sed risus.<\/p>\t\t\t\t\t\t<\/div>\n\t\t\t\t<\/div>\n\t\t\t\t<\/div>\n\t\t<div class=\"elementor-element elementor-element-9f09322 e-con-full e-flex e-con e-child\" data-id=\"9f09322\" data-element_type=\"container\">\n\t\t\t\t<div class=\"elementor-element elementor-element-840c082 elementor-widget elementor-widget-image\" data-id=\"840c082\" data-element_type=\"widget\" data-widget_type=\"image.default\">\n\t\t\t\t<div class=\"elementor-widget-container\">\n\t\t\t\t\t\t\t\t\t\t\t\t\t<img loading=\"lazy\" decoding=\"async\" width=\"1182\" height=\"606\" src=\"https:\/\/inveurop.online\/oldsite\/es\/wp-content\/uploads\/sites\/2\/2024\/09\/imagen-cultivodron.jpeg\" class=\"attachment-large size-large wp-image-3277\" alt=\"\" srcset=\"https:\/\/inveurop.online\/oldsite\/es\/wp-content\/uploads\/sites\/2\/2024\/09\/imagen-cultivodron.jpeg 1182w, https:\/\/inveurop.online\/oldsite\/es\/wp-content\/uploads\/sites\/2\/2024\/09\/imagen-cultivodron-300x154.jpeg 300w, https:\/\/inveurop.online\/oldsite\/es\/wp-content\/uploads\/sites\/2\/2024\/09\/imagen-cultivodron-150x77.jpeg 150w, https:\/\/inveurop.online\/oldsite\/es\/wp-content\/uploads\/sites\/2\/2024\/09\/imagen-cultivodron-768x394.jpeg 768w\" sizes=\"(max-width: 1182px) 100vw, 1182px\" \/>\t\t\t\t\t\t\t\t\t\t\t\t\t<\/div>\n\t\t\t\t<\/div>\n\t\t\t\t<\/div>\n\t\t\t\t\t<\/div>\n\t\t\t\t<\/div>\n\t\t<div class=\"elementor-element elementor-element-2ba74cf e-flex e-con-boxed e-con e-parent\" data-id=\"2ba74cf\" data-element_type=\"container\">\n\t\t\t\t\t<div class=\"e-con-inner\">\n\t\t\t\t<div class=\"elementor-element elementor-element-a5d9646 elementor-widget elementor-widget-heading\" data-id=\"a5d9646\" data-element_type=\"widget\" data-widget_type=\"heading.default\">\n\t\t\t\t<div class=\"elementor-widget-container\">\n\t\t\t<h2 class=\"elementor-heading-title elementor-size-default\">Expansi\u00f3n y Perspectivas Futuras<\/h2>\t\t<\/div>\n\t\t\t\t<\/div>\n\t\t\t\t<div class=\"elementor-element elementor-element-6b813fe elementor-widget elementor-widget-text-editor\" data-id=\"6b813fe\" data-element_type=\"widget\" data-widget_type=\"text-editor.default\">\n\t\t\t\t<div class=\"elementor-widget-container\">\n\t\t\t\t\t\t\t<p>Vorem ipsum dolor sit amet, consectetur adipiscing elit. Etiam eu turpis molestie, dictum est a, mattis tellus. Sed dignissim, metus nec fringilla accumsan, risus sem sollicitudin lacus, ut interdum tellus elit sed risus.<\/p><p>Vorem ipsum dolor sit amet, consectetur adipiscing elit. Etiam eu turpis molestie, dictum est a, mattis tellus. Sed dignissim, metus nec fringilla accumsan, risus sem sollicitudin lacus, ut interdum tellus elit sed risus.<\/p>\t\t\t\t\t\t<\/div>\n\t\t\t\t<\/div>\n\t\t\t\t<div class=\"elementor-element elementor-element-2407562 elementor-widget elementor-widget-image\" data-id=\"2407562\" data-element_type=\"widget\" data-widget_type=\"image.default\">\n\t\t\t\t<div class=\"elementor-widget-container\">\n\t\t\t\t\t\t\t\t\t\t\t\t\t<img loading=\"lazy\" decoding=\"async\" width=\"1305\" height=\"735\" src=\"https:\/\/inveurop.online\/oldsite\/es\/wp-content\/uploads\/sites\/2\/2024\/08\/mapa-inveurop.png\" class=\"attachment-large size-large wp-image-3136\" alt=\"\" srcset=\"https:\/\/inveurop.online\/oldsite\/es\/wp-content\/uploads\/sites\/2\/2024\/08\/mapa-inveurop.png 1305w, https:\/\/inveurop.online\/oldsite\/es\/wp-content\/uploads\/sites\/2\/2024\/08\/mapa-inveurop-300x169.png 300w, https:\/\/inveurop.online\/oldsite\/es\/wp-content\/uploads\/sites\/2\/2024\/08\/mapa-inveurop-150x84.png 150w, https:\/\/inveurop.online\/oldsite\/es\/wp-content\/uploads\/sites\/2\/2024\/08\/mapa-inveurop-768x433.png 768w\" sizes=\"(max-width: 1305px) 100vw, 1305px\" \/>\t\t\t\t\t\t\t\t\t\t\t\t\t<\/div>\n\t\t\t\t<\/div>\n\t\t\t\t\t<\/div>\n\t\t\t\t<\/div>\n\t\t\t\t<\/div>\n\t\t","protected":false},"excerpt":{"rendered":"<p>Uruguay Casos de \u00c9xito Aguas Uruguay, distribuidor oficial de Inveurop y empresa l\u00edder en la provisi\u00f3n de soluciones h\u00eddricas, ha logrado consolidarse en el mercado uruguayo como un referente en la venta de invernaderos macrot\u00fanel y sus accesorios. Este \u00e9xito se debe a una combinaci\u00f3n de factores estrat\u00e9gicos, incluyendo la calidad de sus productos, la &hellip;<\/p>\n","protected":false},"author":8,"featured_media":0,"parent":0,"menu_order":0,"comment_status":"closed","ping_status":"closed","template":"elementor_canvas","meta":{"inline_featured_image":false,"_genesis_hide_title":false,"_genesis_hide_breadcrumbs":false,"_genesis_hide_singular_image":false,"_genesis_hide_footer_widgets":false,"_genesis_custom_body_class":"","_genesis_custom_post_class":"","_genesis_layout":"","footnotes":""},"yst_prominent_words":[],"class_list":{"0":"post-3540","1":"page","2":"type-page","3":"status-publish","5":"entry"},"_links":{"self":[{"href":"https:\/\/inveurop.online\/oldsite\/es\/wp-json\/wp\/v2\/pages\/3540"}],"collection":[{"href":"https:\/\/inveurop.online\/oldsite\/es\/wp-json\/wp\/v2\/pages"}],"about":[{"href":"https:\/\/inveurop.online\/oldsite\/es\/wp-json\/wp\/v2\/types\/page"}],"author":[{"embeddable":true,"href":"https:\/\/inveurop.online\/oldsite\/es\/wp-json\/wp\/v2\/users\/8"}],"replies":[{"embeddable":true,"href":"https:\/\/inveurop.online\/oldsite\/es\/wp-json\/wp\/v2\/comments?post=3540"}],"version-history":[{"count":17,"href":"https:\/\/inveurop.online\/oldsite\/es\/wp-json\/wp\/v2\/pages\/3540\/revisions"}],"predecessor-version":[{"id":3994,"href":"https:\/\/inveurop.online\/oldsite\/es\/wp-json\/wp\/v2\/pages\/3540\/revisions\/3994"}],"wp:attachment":[{"href":"https:\/\/inveurop.online\/oldsite\/es\/wp-json\/wp\/v2\/media?parent=3540"}],"wp:term":[{"taxonomy":"yst_prominent_words","embeddable":true,"href":"https:\/\/inveurop.online\/oldsite\/es\/wp-json\/wp\/v2\/yst_prominent_words?post=3540"}],"curies":[{"name":"wp","href":"https:\/\/api.w.org\/{rel}","templated":true}]}}