{"id":3602,"date":"2024-09-06T09:48:11","date_gmt":"2024-09-06T09:48:11","guid":{"rendered":"https:\/\/inveurop.online\/oldsite\/es\/?page_id=3602"},"modified":"2024-09-06T09:48:13","modified_gmt":"2024-09-06T09:48:13","slug":"accesibilidad","status":"publish","type":"page","link":"https:\/\/inveurop.online\/oldsite\/es\/accesibilidad\/","title":{"rendered":"Accesibilidad"},"content":{"rendered":"\n<p><strong>Invernaderos Europeos S.L.<\/strong>\u00a0 se ha comprometido a hacer accesible su sitio web, de conformidad con RD 1112\/2018. La presente declaraci\u00f3n de accesibilidad se aplica en el sitio web: <strong><a href=\"https:\/\/inveurop.online\/oldsite\/es\">https:\/\/inveurop.online\/oldsite\/es<\/a> <\/strong><\/p>\n\n\n\n<p>Situaci\u00f3n de cumplimiento: Este sitio web es plenamente acorde con RD 1112\/2018. Preparaci\u00f3n de la presente declaraci\u00f3n de accesibilidad La presente declaraci\u00f3n fue preparada el 5 de septiembre de 2024 Una autoevaluaci\u00f3n llevada a cabo por el desarrollador web. \u00daltima revisi\u00f3n de la declaraci\u00f3n: 5 de septiembre de 2024. <\/p>\n\n\n\n<p>Observaciones y datos de contacto\u00a0Comunicaciones sobre requisitos de accesibilidad: mecanismo de comunicaci\u00f3n a utilizar para informar a\u00a0<strong>Invernaderos Europeos S.L.<\/strong>\u00a0 de cualquier incumplimiento de los requisitos de accesibilidad y solicitar informaci\u00f3n y contenido excluidos del \u00e1mbito de la aplicaci\u00f3n de la Directiva:\u00a0<strong>info@inveurop.com <\/strong><\/p>\n\n\n\n<p>Procedimiento de aplicaci\u00f3n <\/p>\n\n\n\n<p>Procedimiento de reclamaci\u00f3n: El procedimiento de aplicaci\u00f3n al que deber\u00e1 recurrirse en caso de que la respuesta a la notificaci\u00f3n o la solicitud sea insatisfactoria, de conformidad con el art\u00edculo 7, apartado 1, letra b), de la Directiva, es contactando en el tel\u00e9fono: <strong>+34 647 413 724<\/strong><\/p>\n","protected":false},"excerpt":{"rendered":"<p>Invernaderos Europeos S.L.\u00a0 se ha comprometido a hacer accesible su sitio web, de conformidad con RD 1112\/2018. La presente declaraci\u00f3n de accesibilidad se aplica en el sitio web: https:\/\/inveurop.online\/oldsite\/es Situaci\u00f3n de cumplimiento: Este sitio web es plenamente acorde con RD 1112\/2018. Preparaci\u00f3n de la presente declaraci\u00f3n de accesibilidad La presente declaraci\u00f3n fue preparada el 5 &hellip;<\/p>\n","protected":false},"author":8,"featured_media":0,"parent":0,"menu_order":0,"comment_status":"closed","ping_status":"closed","template":"","meta":{"inline_featured_image":false,"_genesis_hide_title":false,"_genesis_hide_breadcrumbs":false,"_genesis_hide_singular_image":false,"_genesis_hide_footer_widgets":false,"_genesis_custom_body_class":"","_genesis_custom_post_class":"","_genesis_layout":"","footnotes":""},"yst_prominent_words":[],"class_list":{"0":"post-3602","1":"page","2":"type-page","3":"status-publish","5":"entry"},"_links":{"self":[{"href":"https:\/\/inveurop.online\/oldsite\/es\/wp-json\/wp\/v2\/pages\/3602"}],"collection":[{"href":"https:\/\/inveurop.online\/oldsite\/es\/wp-json\/wp\/v2\/pages"}],"about":[{"href":"https:\/\/inveurop.online\/oldsite\/es\/wp-json\/wp\/v2\/types\/page"}],"author":[{"embeddable":true,"href":"https:\/\/inveurop.online\/oldsite\/es\/wp-json\/wp\/v2\/users\/8"}],"replies":[{"embeddable":true,"href":"https:\/\/inveurop.online\/oldsite\/es\/wp-json\/wp\/v2\/comments?post=3602"}],"version-history":[{"count":1,"href":"https:\/\/inveurop.online\/oldsite\/es\/wp-json\/wp\/v2\/pages\/3602\/revisions"}],"predecessor-version":[{"id":3603,"href":"https:\/\/inveurop.online\/oldsite\/es\/wp-json\/wp\/v2\/pages\/3602\/revisions\/3603"}],"wp:attachment":[{"href":"https:\/\/inveurop.online\/oldsite\/es\/wp-json\/wp\/v2\/media?parent=3602"}],"wp:term":[{"taxonomy":"yst_prominent_words","embeddable":true,"href":"https:\/\/inveurop.online\/oldsite\/es\/wp-json\/wp\/v2\/yst_prominent_words?post=3602"}],"curies":[{"name":"wp","href":"https:\/\/api.w.org\/{rel}","templated":true}]}}