{"id":655,"date":"2018-09-24T20:17:57","date_gmt":"2018-09-24T20:17:57","guid":{"rendered":"https:\/\/demo.maitheme.com\/law\/?page_id=3"},"modified":"2020-08-12T08:34:02","modified_gmt":"2020-08-12T08:34:02","slug":"politica-de-privacidad","status":"publish","type":"page","link":"https:\/\/inveurop.online\/oldsite\/es\/politica-de-privacidad\/","title":{"rendered":"Pol\u00edtica de Privacidad"},"content":{"rendered":"<p><strong>POL\u00cdTICA DE PRIVACIDAD Y PROTECCI\u00d3N DE DATOS<\/strong><\/p>\n<p>En cumplimiento de lo establecido en el Reglamento (UE) 2016\/679 del Parlamento Europeo y del Consejo de 27 de abril de 2016 relativo a la protecci\u00f3n de las personas f\u00edsicas en lo que respecta al tratamiento de datos personales y a la libre circulaci\u00f3n de estos datos, as\u00ed como en la Ley Org\u00e1nica\u00a0 3\/2018, de 5 de diciembre, de Protecci\u00f3n de Datos y Garant\u00eda de los Derechos Digitales, le informamos que \u00a0en Invernaderos Europeos SLL \u00a0creemos y defendemos que tu privacidad es algo muy importante y que <strong>s\u00f3lo t\u00fa debes poder decidir qu\u00e9 uso se hace de tu informaci\u00f3n.<\/strong> Por eso, nos hemos adecuado a la normativa de Protecci\u00f3n de Datos personales y ponemos a tu disposici\u00f3n todo lo que necesitas para entenderla y te pedimos que nos digas qu\u00e9 podemos y no podemos hacer con tus datos.<\/p>\n<table>\n<tbody>\n<tr>\n<td width=\"140\"><strong>\u00bfQui\u00e9n es el responsable de tus datos?<\/strong><\/td>\n<td width=\"437\">Invernaderos Europeos SLL<\/p>\n<p>CIF: B-18347674<\/p>\n<p>Tel\u00e9fono: 958 49 03 42<\/p>\n<p>Correo electr\u00f3nico: info@inveurop.com<\/p>\n<p>Direcci\u00f3n de p\u00e1gina electr\u00f3nica: inveurop.com\/es<\/td>\n<\/tr>\n<tr>\n<td width=\"140\"><strong>\u00bfPara qu\u00e9 vamos a usar tus datos?<\/strong><\/td>\n<td width=\"437\">En Invernaderos Europeos SLL \u00a0utilizamos tus datos personales, bajo nuestro inter\u00e9s leg\u00edtimo:<\/p>\n<p>&#8211; Si eres cliente: para gestionar los datos con la finalidad de poder prestar los servicios que nos requieras de transporte, almacenaje\u00a0 y distribuci\u00f3n.<\/p>\n<p>&#8211; Si contactas con nosotros a trav\u00e9s de la web o redes sociales: para dar respuesta a la solicitud de informaci\u00f3n. Tus datos ser\u00e1n tratados con el fin de gestionar dicho contacto, atender las consultas, dudas o comentarios que nos hagas llegar a trav\u00e9s de los canales habilitados a tal efecto en nuestra p\u00e1gina web.<\/p>\n<p>&#8211; Si contamos con el consentimiento para ello, podremos usar tu direcci\u00f3n de correo electr\u00f3nico para remitirte aquella informaci\u00f3n acerca de Invernaderos Europeos SLL , o de los productos, bienes y servicios que comercialicemos que puedan ser de tu inter\u00e9s.<\/p>\n<p>&#8211; Si nos haces llegar tu Curr\u00edculum, lo usaremos para posibles procesos de selecci\u00f3n que se puedan abrir en la empresa.<\/td>\n<\/tr>\n<tr>\n<td width=\"140\"><strong>\u00bfA qui\u00e9n comunicaremos tus datos?<\/strong><\/td>\n<td width=\"437\">Nosotros tenemos una serie de obligaciones legales que debemos cumplir respecto de tus datos. Entre ellas, debemos facilitar estos datos cuando nos los solicite la Agencia Tributaria o exista un requerimiento.<\/p>\n<p>Adem\u00e1s, y siempre bajo tu consentimiento, tus datos ser\u00e1n cedidos a aquellas entidades p\u00fablicas o privadas que nos indiques para la realizaci\u00f3n de cualquier tipo de tr\u00e1mite que nos solicites gestionar en tu representaci\u00f3n.<\/p>\n<p>Tambi\u00e9n se ceder\u00e1n a entidades directamente relacionadas con Invernaderos Europeos SLL , como consecuencia de la prestaci\u00f3n de nuestros servicios (como por ejemplo la asesor\u00eda fiscal).<\/p>\n<p>Debes tener en cuenta que si contactas con nuestro equipo a trav\u00e9s de alguno de los perfiles en redes sociales que Invernaderos Europeos SLL \u00a0pone a disposici\u00f3n de los usuarios, adem\u00e1s de cedernos los datos que nos facilitas, tambi\u00e9n los estar\u00e1 cediendo a las entidades responsables de esa propia red social. Para conocer el uso y tratamiento que estas entidades hacen de sus datos, te aconsejamos que leas detenidamente las pol\u00edticas de privacidad de las redes sociales que tenga activas.<\/td>\n<\/tr>\n<tr>\n<td width=\"140\"><strong>\u00bfDe d\u00f3nde obtenemos tus datos?<\/strong><\/td>\n<td width=\"437\">Obtenemos tus datos cuando:<\/p>\n<p>&#8211; Contratas nuestros servicios de transporte, almacenaje y\/o distribuci\u00f3n y adquieres la condici\u00f3n de cliente.<\/p>\n<p>\u2013Nos los facilitas a trav\u00e9s del formulario de contacto habilitado en la p\u00e1gina web o contactas con nosotros a trav\u00e9s de las redes sociales.<\/p>\n<p>-Nos env\u00edas tu Curr\u00edculum Vitae para posibles procesos de selecci\u00f3n del personal.<\/td>\n<\/tr>\n<tr>\n<td width=\"140\"><strong>\u00bfCu\u00e1les son tus derechos y c\u00f3mo puedes ejercitarlos?<\/strong><\/td>\n<td width=\"437\">Te informamos que tienes derecho a obtener confirmaci\u00f3n sobre si estamos tratando datos personales que te conciernen o no.<\/p>\n<p>Podr\u00e1s acceder, rectificar, suprimir y oponerte a determinados tratamientos, as\u00ed como ejercer tu derecho a la limitaci\u00f3n del tratamiento, a la portabilidad y a no ser objeto de una decisi\u00f3n individual basada \u00fanicamente en un tratamiento automatizado.<\/p>\n<p>\u00a7\u00a0 Acceder a tus datos: Tienes derecho a acceder a tus datos para conocer qu\u00e9 datos personales estamos tratando que te conciernan.<\/p>\n<p>\u00a7\u00a0 Solicitar la rectificaci\u00f3n o supresi\u00f3n de tus datos: En determinadas circunstancias, tienes derecho a rectificar aquellos datos personales que consideres inexactos y que sean objeto de tratamiento por parte nuestra, as\u00ed como derecho a solicitar la supresi\u00f3n de tus datos cuando, entre otros motivos, los datos ya no sean necesarios para los fines que fueron recogidos.<\/p>\n<p>\u00a7\u00a0 Solicitar la limitaci\u00f3n del tratamiento de tus datos: En determinadas circunstancias, tendr\u00e1s derecho a solicitarnos la limitaci\u00f3n del tratamiento de tus datos, en cuyo caso le informamos que \u00fanicamente conservaremos los datos sobre los que hayas solicitado limitaci\u00f3n en el tratamiento para el ejercicio o defensa de reclamaciones.<\/p>\n<p>\u00a7\u00a0 A la portabilidad de tus datos: En determinadas circunstancias, tendr\u00e1s derecho a recibir los datos personales que te incumban, y que nos hayas facilitado, en un formato estructurado de uso com\u00fan y lectura mec\u00e1nica, as\u00ed como a que sean transmitidos por parte nuestra a otro responsable del tratamiento.<\/p>\n<p>\u00a7\u00a0 Oponerte al tratamiento de tus datos: En determinadas circunstancias y por motivos relacionados con tu situaci\u00f3n particular, tendr\u00e1s derecho a oponerte al tratamiento de tus datos. En ese \u00a0caso, dejar\u00edamos de tratarlos salvo que debamos continuar haci\u00e9ndolo por motivos leg\u00edtimos imperiosos o para el ejercicio o la defensa de posibles reclamaciones.<\/p>\n<p>Adem\u00e1s, en cualquier momento podr\u00e1s retirar el consentimiento para el env\u00edo de comunicaciones comerciales.<\/p>\n<p>Tienes derecho a no ser objeto de decisiones automatizadas.<\/p>\n<p>Para el ejercicio de tus derechos puedes dirigirte directamente al correo electr\u00f3nico info@inveurop.com<\/p>\n<p>Cualquier persona interesada puede presentar una reclamaci\u00f3n ante la Agencia Espa\u00f1ola de Protecci\u00f3n de Datos, especialmente cuando no est\u00e9 satisfecha con el ejercicio de los derechos. Para m\u00e1s detalle consulte la p\u00e1gina web <a href=\"http:\/\/www.agpd.es\">www.agpd.es<\/a><em>.<\/em><\/td>\n<\/tr>\n<tr>\n<td width=\"140\"><strong>\u00bfDurante cu\u00e1nto tiempo conservamos tus datos?<\/strong><\/td>\n<td width=\"437\">\n<p>&#8211; Si eres cliente: Se conservar\u00e1n hasta el fin de la prestaci\u00f3n del servicio, y una vez finalizado, se bloquear\u00e1n hasta que se solicite su supresi\u00f3n por parte del interesado.<\/p>\n<p>No obstante, tenemos la obligaci\u00f3n de guardar y conservar todos los datos el tiempo establecido en la correspondiente normativa, para poder cumplir con nuestras obligaciones tributarias, fiscales y\/o con otras Administraciones P\u00fablicas..<\/p>\n<p>&#8211; Si has contactado con nosotros a trav\u00e9s de la web o redes sociales: Hasta que termine el tratamiento o solicites la supresi\u00f3n de tus datos.<\/p>\n<p>&#8211; Si nos has dado el consentimiento para el env\u00edo de comunicaciones comerciales, hasta que solicites darte de baja de dicho servicio y\/o manifiestes tu intenci\u00f3n de no seguir recibiendo nuestras informaciones.<\/p>\n<p>-Si nos has enviado tu Curr\u00edculum: hasta que termine el proceso de selecci\u00f3n de personal, si lo hubiera y, en su caso, hasta 3 a\u00f1os m\u00e1s.<\/p>\n<p>Invernaderos Europeos SLL \u00a0tambi\u00e9n deber\u00e1 conservar determinada informaci\u00f3n en base a requerimientos legales.<\/td>\n<\/tr>\n<\/tbody>\n<\/table>\n<p>Invernaderos Europeos SLL cumple con las directrices del Reglamento (UE) 2016\/679 del Parlamento Europeo y del Consejo, de 27 de abril de 2016 relativo a la protecci\u00f3n de las personas f\u00edsicas en lo que respecta al tratamiento de datos personales y a la libre circulaci\u00f3n de estos datos (RGPD), as\u00ed como la Ley Org\u00e1nica 3\/2015, de 5 de diciembre, de Protecci\u00f3n de Datos y Garant\u00eda de los Derechos Digitales; \u00a0y dem\u00e1s normativa vigente en cada momento, y vela por garantizar el correcto uso y tratamiento de los datos personales del usuario. Para ello, junto a cada formulario de recabo de datos de car\u00e1cter personal, en los servicios que el usuario pueda solicitar a Invernaderos Europeos SLL , har\u00e1 saber al usuario, seg\u00fan lo dispuesto en el art\u00edculo 15.1 del RGPD, lo siguiente: (i) los fines del tratamiento; (ii) las categor\u00edas de datos personales de que se trate; (iii) los destinatarios o las categor\u00edas de destinatarios a los que se comunicaron o ser\u00e1n comunicados los datos personales, en particular destinatarios en terceros pa\u00edses u organizaciones internacionales; (iv) el plazo de conservaci\u00f3n de los datos personales o, de no ser posible, los criterios utilizados para determinar este plazo; (v) la existencia del derecho a solicitar del responsable la rectificaci\u00f3n o supresi\u00f3n de los datos personales o la limitaci\u00f3n del tratamiento de datos personales relativos al interesado, o a oponerse a dicho tratamiento; (vi) el derecho a presentar una reclamaci\u00f3n ante una autoridad de control; (vii) cuando los datos personales no se hayan obtenido del interesado, cualquier informaci\u00f3n disponible sobre su origen; (viii) la existencia de decisiones automatizadas, incluida la elaboraci\u00f3n de perfiles a la que se refiere el art\u00edculo 22.1 y 4 del RGPD, y, al menos en tales casos, informaci\u00f3n significativa sobre la l\u00f3gica aplicada, as\u00ed como la importancia y las consecuencias previstas de dicho tratamiento para el interesado.<\/p>\n<p>Invernaderos Europeos SLL \u00a0informa que da cumplimiento a la ley 34\/2002 de 11 de julio, de Servicios de la Sociedad de la Informaci\u00f3n y el Comercio Electr\u00f3nico y le solicitar\u00e1 su consentimiento al tratamiento de su correo electr\u00f3nico con fines comerciales en cada momento.<\/p>\n<p>**La Pol\u00edtica de Privacidad ha sido actualizada por \u00faltima vez en fecha 11 de agosto del 2020.<\/p>\n","protected":false},"excerpt":{"rendered":"<p>POL\u00cdTICA DE PRIVACIDAD Y PROTECCI\u00d3N DE DATOS En cumplimiento de lo establecido en el Reglamento (UE) 2016\/679 del Parlamento Europeo y del Consejo de 27 de abril de 2016 relativo a la protecci\u00f3n de las personas f\u00edsicas en lo que respecta al tratamiento de datos personales y a la libre circulaci\u00f3n de estos datos, as\u00ed &hellip;<\/p>\n","protected":false},"author":1,"featured_media":0,"parent":0,"menu_order":0,"comment_status":"closed","ping_status":"open","template":"","meta":{"inline_featured_image":false,"_genesis_hide_title":false,"_genesis_hide_breadcrumbs":false,"_genesis_hide_singular_image":false,"_genesis_hide_footer_widgets":false,"_genesis_custom_body_class":"","_genesis_custom_post_class":"","_genesis_layout":"","footnotes":""},"yst_prominent_words":[292,294,288,291,286,299,290,282,297,283,281,289,296,293,287,295,298,284,285,300],"class_list":{"0":"post-655","1":"page","2":"type-page","3":"status-publish","5":"entry"},"_links":{"self":[{"href":"https:\/\/inveurop.online\/oldsite\/es\/wp-json\/wp\/v2\/pages\/655"}],"collection":[{"href":"https:\/\/inveurop.online\/oldsite\/es\/wp-json\/wp\/v2\/pages"}],"about":[{"href":"https:\/\/inveurop.online\/oldsite\/es\/wp-json\/wp\/v2\/types\/page"}],"author":[{"embeddable":true,"href":"https:\/\/inveurop.online\/oldsite\/es\/wp-json\/wp\/v2\/users\/1"}],"replies":[{"embeddable":true,"href":"https:\/\/inveurop.online\/oldsite\/es\/wp-json\/wp\/v2\/comments?post=655"}],"version-history":[{"count":2,"href":"https:\/\/inveurop.online\/oldsite\/es\/wp-json\/wp\/v2\/pages\/655\/revisions"}],"predecessor-version":[{"id":1679,"href":"https:\/\/inveurop.online\/oldsite\/es\/wp-json\/wp\/v2\/pages\/655\/revisions\/1679"}],"wp:attachment":[{"href":"https:\/\/inveurop.online\/oldsite\/es\/wp-json\/wp\/v2\/media?parent=655"}],"wp:term":[{"taxonomy":"yst_prominent_words","embeddable":true,"href":"https:\/\/inveurop.online\/oldsite\/es\/wp-json\/wp\/v2\/yst_prominent_words?post=655"}],"curies":[{"name":"wp","href":"https:\/\/api.w.org\/{rel}","templated":true}]}}