{"id":913,"date":"2020-06-19T12:13:08","date_gmt":"2020-06-19T12:13:08","guid":{"rendered":"https:\/\/inveurop.online\/oldsite\/es\/?page_id=913"},"modified":"2021-01-04T12:26:52","modified_gmt":"2021-01-04T12:26:52","slug":"quienes-somos","status":"publish","type":"page","link":"https:\/\/inveurop.online\/oldsite\/es\/quienes-somos\/","title":{"rendered":"Qui\u00e9nes Somos"},"content":{"rendered":"\n<p>La experiencia de nuestra empresa data del a\u00f1o 1983 donde un conjunto de personas con mucha ilusi\u00f3n y ambici\u00f3n se unen para dar rienda suelta a sus sue\u00f1os. De esta uni\u00f3n, surgir\u00eda m\u00e1s tarde Invernaderos Europeos SL.<\/p>\n\n\n\n<p>NUESTRA compa\u00f1\u00eda comienza sus trabajos con la construcci\u00f3n de invernaderos y estructuras met\u00e1licas diversas. Originalmente se comenz\u00f3 por dise\u00f1ar el invernadero modelo \u201cmultitunel\u201d, que con las sucesivas revisiones realizadas a lo largo del tiempo es, hoy en d\u00eda, uno de nuestros mejores productos del mercado.<\/p>\n\n\n\n<p>El modelo multit\u00fanel es un invernadero modular construido mediante estructura met\u00e1lica galvanizada en calidad Z275 seg\u00fan la norma UNE-36130, que forma un armaz\u00f3n sobre el que se fija un material de cubrici\u00f3n, generalmente pl\u00e1stico, formando un recinto totalmente estanco. En este tipo de invernadero podemos controlar par\u00e1metros como temperatura, humedad, velocidad de viento, etc. Este modelo tambi\u00e9n se puede utilizar como Garden Center como se puede comprobar a continuaci\u00f3n.<\/p>\n\n\n\n<p>Posteriormente, y con la expansi\u00f3n de la empresa, se comienzan a sacar al mercado nuevos modelos de invernaderos adaptados a todos los cultivos y a las posibilidades econ\u00f3micas de nuestros clientes. De esta manera, se crea el invernadero modelo \u201cdesmontable\u201d, utilizado para cultivos de poca superficie y capaz de adaptarse a cualquier tipo de producto a cultivar. <\/p>\n\n\n\n<p>Ante la necesidad de cultivo bajo invernadero de grandes superficies de terreno con productos como la fresa o la frambuesa, nuestra empresa se vuelca en el desarrollo del invernadero modelo \u201cmacrotunel\u201d el cual est\u00e1 patentado en nuestro pa\u00eds bajo el N\u00ba P200202565-7. <\/p>\n\n\n\n<p>En la actualidad, nuestra empresa tiene instaladas cientos de hect\u00e1reas de este invernadero en el territorio nacional. Se trata de un invernadero de estructura met\u00e1lica ligera utilizado para todo tipo de cultivos.<\/p>\n\n\n\n<p>Hoy en d\u00eda, y dada la aceptaci\u00f3n de este tipo de invernadero, nuestra firma exporta a: Marruecos, Argelia, Portugal, Reino Unido, Grecia, Uruguay, Argentina, Rep\u00fablica Dominicana Ruman\u00eda, Venezuela y Chile.<\/p>\n","protected":false},"excerpt":{"rendered":"<p>La experiencia de nuestra empresa data del a\u00f1o 1983 donde un conjunto de personas con mucha ilusi\u00f3n y ambici\u00f3n se unen para dar rienda suelta a sus sue\u00f1os. De esta uni\u00f3n, surgir\u00eda m\u00e1s tarde Invernaderos Europeos SL. NUESTRA compa\u00f1\u00eda comienza sus trabajos con la construcci\u00f3n de invernaderos y estructuras met\u00e1licas diversas. Originalmente se comenz\u00f3 por &hellip;<\/p>\n","protected":false},"author":1,"featured_media":1159,"parent":0,"menu_order":0,"comment_status":"closed","ping_status":"closed","template":"","meta":{"inline_featured_image":false,"_genesis_hide_title":false,"_genesis_hide_breadcrumbs":false,"_genesis_hide_singular_image":false,"_genesis_hide_footer_widgets":false,"_genesis_custom_body_class":"","_genesis_custom_post_class":"","_genesis_layout":"","footnotes":""},"yst_prominent_words":[29,25,34,24,23,21,28,32,35,26,31,27,22,36],"class_list":{"0":"post-913","1":"page","2":"type-page","3":"status-publish","4":"has-post-thumbnail","6":"entry"},"_links":{"self":[{"href":"https:\/\/inveurop.online\/oldsite\/es\/wp-json\/wp\/v2\/pages\/913"}],"collection":[{"href":"https:\/\/inveurop.online\/oldsite\/es\/wp-json\/wp\/v2\/pages"}],"about":[{"href":"https:\/\/inveurop.online\/oldsite\/es\/wp-json\/wp\/v2\/types\/page"}],"author":[{"embeddable":true,"href":"https:\/\/inveurop.online\/oldsite\/es\/wp-json\/wp\/v2\/users\/1"}],"replies":[{"embeddable":true,"href":"https:\/\/inveurop.online\/oldsite\/es\/wp-json\/wp\/v2\/comments?post=913"}],"version-history":[{"count":8,"href":"https:\/\/inveurop.online\/oldsite\/es\/wp-json\/wp\/v2\/pages\/913\/revisions"}],"predecessor-version":[{"id":2383,"href":"https:\/\/inveurop.online\/oldsite\/es\/wp-json\/wp\/v2\/pages\/913\/revisions\/2383"}],"wp:featuredmedia":[{"embeddable":true,"href":"https:\/\/inveurop.online\/oldsite\/es\/wp-json\/wp\/v2\/media\/1159"}],"wp:attachment":[{"href":"https:\/\/inveurop.online\/oldsite\/es\/wp-json\/wp\/v2\/media?parent=913"}],"wp:term":[{"taxonomy":"yst_prominent_words","embeddable":true,"href":"https:\/\/inveurop.online\/oldsite\/es\/wp-json\/wp\/v2\/yst_prominent_words?post=913"}],"curies":[{"name":"wp","href":"https:\/\/api.w.org\/{rel}","templated":true}]}}