{"id":958,"date":"2020-06-26T10:41:18","date_gmt":"2020-06-26T10:41:18","guid":{"rendered":"https:\/\/inveurop.online\/oldsite\/es\/?page_id=958"},"modified":"2020-12-10T18:26:37","modified_gmt":"2020-12-10T18:26:37","slug":"investigacion-y-desarrollo","status":"publish","type":"page","link":"https:\/\/inveurop.online\/oldsite\/es\/investigacion-y-desarrollo\/","title":{"rendered":"Investigaci\u00f3n y desarrollo"},"content":{"rendered":"\n<p>En Inveurop somos conscientes de que la mejor manera de ayudarte a ti como cliente, es desarrollando propuestas de valor que te den el mayor rendimiento en tu negocio.<\/p>\n\n\n\n<p>Para conseguirlo, hemos desarrollado un plan de I+D que involucra a todo el equipo, porque consideramos que es una actividad en la que debe participar toda persona que trabaja en la empresa. <\/p>\n\n\n\n<p>Fruto de este trabajo es la patente de nuestro modelo macrot\u00fanel y de la que nos sentimos tan orgullosos y que nos anima a seguir, contribuyendo a la innovaci\u00f3n en nuestro pa\u00eds.<\/p>\n\n\n\n<p>Adem\u00e1s de la patente de macrot\u00fanel, a lo largo de este tiempo hemos lanzado nuevos productos al mercado como el multit\u00fanel, &#8230;    <\/p>\n","protected":false},"excerpt":{"rendered":"<p>En Inveurop somos conscientes de que la mejor manera de ayudarte a ti como cliente, es desarrollando propuestas de valor que te den el mayor rendimiento en tu negocio. Para conseguirlo, hemos desarrollado un plan de I+D que involucra a todo el equipo, porque consideramos que es una actividad en la que debe participar toda &hellip;<\/p>\n","protected":false},"author":1,"featured_media":1128,"parent":0,"menu_order":0,"comment_status":"closed","ping_status":"closed","template":"","meta":{"inline_featured_image":false,"_genesis_hide_title":false,"_genesis_hide_breadcrumbs":false,"_genesis_hide_singular_image":false,"_genesis_hide_footer_widgets":false,"_genesis_custom_body_class":"","_genesis_custom_post_class":"","_genesis_layout":"","footnotes":""},"yst_prominent_words":[217,216],"class_list":{"0":"post-958","1":"page","2":"type-page","3":"status-publish","4":"has-post-thumbnail","6":"entry"},"_links":{"self":[{"href":"https:\/\/inveurop.online\/oldsite\/es\/wp-json\/wp\/v2\/pages\/958"}],"collection":[{"href":"https:\/\/inveurop.online\/oldsite\/es\/wp-json\/wp\/v2\/pages"}],"about":[{"href":"https:\/\/inveurop.online\/oldsite\/es\/wp-json\/wp\/v2\/types\/page"}],"author":[{"embeddable":true,"href":"https:\/\/inveurop.online\/oldsite\/es\/wp-json\/wp\/v2\/users\/1"}],"replies":[{"embeddable":true,"href":"https:\/\/inveurop.online\/oldsite\/es\/wp-json\/wp\/v2\/comments?post=958"}],"version-history":[{"count":5,"href":"https:\/\/inveurop.online\/oldsite\/es\/wp-json\/wp\/v2\/pages\/958\/revisions"}],"predecessor-version":[{"id":2346,"href":"https:\/\/inveurop.online\/oldsite\/es\/wp-json\/wp\/v2\/pages\/958\/revisions\/2346"}],"wp:featuredmedia":[{"embeddable":true,"href":"https:\/\/inveurop.online\/oldsite\/es\/wp-json\/wp\/v2\/media\/1128"}],"wp:attachment":[{"href":"https:\/\/inveurop.online\/oldsite\/es\/wp-json\/wp\/v2\/media?parent=958"}],"wp:term":[{"taxonomy":"yst_prominent_words","embeddable":true,"href":"https:\/\/inveurop.online\/oldsite\/es\/wp-json\/wp\/v2\/yst_prominent_words?post=958"}],"curies":[{"name":"wp","href":"https:\/\/api.w.org\/{rel}","templated":true}]}}