{"id":975,"date":"2020-06-26T12:08:23","date_gmt":"2020-06-26T12:08:23","guid":{"rendered":"https:\/\/inveurop.online\/oldsite\/es\/?page_id=975"},"modified":"2021-03-15T10:18:24","modified_gmt":"2021-03-15T10:18:24","slug":"invernaderos-macrotunel","status":"publish","type":"page","link":"https:\/\/inveurop.online\/oldsite\/es\/productos\/invernaderos-macrotunel\/","title":{"rendered":"Invernaderos Macrot\u00fanel"},"content":{"rendered":"\n<div class=\"alignfull wp-block-ugb-header ugb-header ugb-6768edd ugb-header ugb-header--v3 ugb-header--design-plain ugb-main-block ugb--has-custom-content-width ugb-main-block--inner-full ugb--has-block-background ugb--has-background-overlay\"><style>.ugb-6768edd .ugb-header__title{font-family:\"Montserrat\",Sans-serif !important;color:#ffffff}.ugb-6768edd.ugb-header{background-image:url(https:\/\/inveurop.online\/oldsite\/es\/wp-content\/uploads\/sites\/2\/2020\/10\/Macrotu\u0301nel-pa\u0301gina.jpg)}.ugb-6768edd.ugb-header > .ugb-inner-block{max-width:100% !important}.ugb-6768edd.ugb-header:before{opacity:0.5}@media screen and (min-width:768px){.ugb-6768edd.ugb-header{padding-top:8px !important}}<\/style><div class=\"ugb-inner-block ugb-inner-block--full\"><div class=\"ugb-block-content\"><div class=\"ugb-header__item\"><div class=\"ugb-content-wrapper\"><h1 class=\"ugb-header__title\">Macrot\u00fanel<\/h1><\/div><\/div><\/div><\/div><\/div>\n\n\n\n<div class=\"wp-block-ugb-text ugb-text ugb-1e4460f ugb-text--design-plain ugb-text--columns-1 ugb-main-block\"><style>@media screen and (min-width:768px){.ugb-1e4460f.ugb-text{margin-right:200px !important;margin-left:200px !important}}<\/style><div class=\"ugb-inner-block\"><div class=\"ugb-block-content\"><div class=\"ugb-text__text-wrapper\"><div class=\"ugb-text__text\"><p class=\"ugb-text__text-1\">En Inveurop ponemos a tu disposici\u00f3n una amplia oferta de invernaderos macrot\u00fanel para poder adaptarlos a las necesidades del cultivo y del clima. Con anchos entre 6 y 9 metros y una altura libre lateral de entre 0,75 y 3 metros, dependiendo del di\u00e1metro del mismo. <br><br>Adem\u00e1s, disponemos de varios di\u00e1metros de tubo para la estructura: 35, 40 y 50 mm.<\/p><\/div><\/div><\/div><\/div><\/div>\n\n\n\n<h3 class=\"has-text-align-center wp-block-heading\">Ventajas de los Invernaderos Macrot\u00fanel<\/h3>\n\n\n\n<div class=\"wp-block-ugb-text ugb-text ugb-ed43f85 ugb-text--design-plain ugb-text--columns-1 ugb-main-block\"><style>@media screen and (min-width:768px){.ugb-ed43f85.ugb-text{margin-right:200px !important;margin-left:200px !important}}<\/style><div class=\"ugb-inner-block\"><div class=\"ugb-block-content\"><div class=\"ugb-text__text-wrapper\"><div class=\"ugb-text__text\"><p class=\"ugb-text__text-1\">Todos los invernaderos macrot\u00fanel, son <strong>totalmente compatibles con el <a href=\"https:\/\/inveurop.online\/oldsite\/es\/productos\/sistemas-hidroponia\/\">cultivo hidrop\u00f3nico<\/a><\/strong>, con las ventajas que \u00e9ste tipo de cultivo conlleva:<\/p><\/div><\/div><\/div><\/div><\/div>\n\n\n\n<div class=\"alignfull wp-block-ugb-icon-list ugb-icon-list ugb-icon--icon-arrow ugb-e1155e9 ugb-icon-list--v2 ugb-main-block ugb--has-custom-content-width ugb--has-custom-content-width-mobile ugb-main-block--inner-wide ugb--has-block-background\"><style>.ugb-e1155e9 li{--icon-size:25px !important;margin-bottom:10px !important}.ugb-e1155e9 li::before{width:25px !important;height:25px !important;background-image:url('data:image\/svg+xml;base64,PHN2ZyB2aWV3Qm94PSIwIDAgMTk0IDE5NCIgeG1sbnM9Imh0dHA6Ly93d3cudzMub3JnLzIwMDAvc3ZnIiBzdHlsZT0iZmlsbDogIzIzNjdhOCAhaW1wb3J0YW50OyBjb2xvcjogIzIzNjdhOCAhaW1wb3J0YW50Ij48cGF0aCBkPSJNNzMuMSA2NS4zTDEwNC44IDk3bC0zMS43IDMxLjcgMTAuNiAxMC42TDEyNiA5NyA4My43IDU0Ljd6IiBmaWxsPSIjMjM2N2E4IiBzdHJva2U9IiMyMzY3YTgiIHN0eWxlPSJmaWxsOiByZ2IoMzUsIDEwMywgMTY4KTsgc3Ryb2tlOiByZ2IoMzUsIDEwMywgMTY4KTsiLz48cGF0aCBkPSJNMTg0LjQgNjBjLTcuMi0xNy0xOS4yLTMxLjUtMzQuNC00MS44QzEzNC45IDggMTE2LjUgMiA5Ni45IDJjLTEzLjEgMC0yNS42IDIuNy0zNyA3LjUtMTcuMSA3LjItMzEuNiAxOS4zLTQxLjggMzQuNFMxLjkgNzcuNCAxLjkgOTdjMCAxMy4xIDIuNyAyNS42IDcuNSAzNyA3LjIgMTcuMSAxOS4zIDMxLjYgMzQuNCA0MS44Uzc3LjIgMTkyIDk2LjkgMTkyYzEzLjEgMCAyNS42LTIuNyAzNy03LjUgMTcuMS03LjIgMzEuNi0xOS4zIDQxLjgtMzQuNCAxMC4yLTE1LjIgMTYuMi0zMy41IDE2LjItNTMuMSAwLTEzLjEtMi43LTI1LjYtNy41LTM3em0tMTMuOCA2OC4xYy02LjEgMTQuMy0xNi4yIDI2LjYtMjkgMzUuMi0xMi44IDguNy0yOC4xIDEzLjctNDQuNyAxMy43LTExLjEgMC0yMS42LTIuMi0zMS4xLTYuMy0xNC4zLTYuMS0yNi42LTE2LjItMzUuMi0yOUMyMS45IDEyOSAxNi45IDExMy42IDE2LjkgOTdjMC0xMS4xIDIuMi0yMS42IDYuMy0zMS4xIDYuMS0xNC4zIDE2LjItMjYuNiAyOS0zNS4yQzY0LjkgMjIgODAuMyAxNyA5Ni45IDE3YzExLjEgMCAyMS42IDIuMiAzMS4xIDYuMyAxNC4zIDYuMSAyNi42IDE2LjIgMzUuMiAyOSA4LjYgMTIuOCAxMy43IDI4LjEgMTMuNyA0NC43IDAgMTEuMS0yLjIgMjEuNi02LjMgMzEuMXoiIGZpbGw9IiMyMzY3YTgiIHN0cm9rZT0iIzIzNjdhOCIgc3R5bGU9ImZpbGw6IHJnYigzNSwgMTAzLCAxNjgpOyBzdHJva2U6IHJnYigzNSwgMTAzLCAxNjgpOyIvPjwvc3ZnPg==')}.ugb-e1155e9 li ul{margin-bottom:10px !important}.ugb-e1155e9.ugb-icon-list ul{columns:1}.ugb-e1155e9 .ugb-inner-block{text-align:left}.ugb-e1155e9.ugb-icon-list > .ugb-inner-block{min-width:auto !important;max-width:2500px !important}@media screen and (min-width:768px){.ugb-e1155e9.ugb-icon-list{padding-top:0px !important;padding-right:200px !important;padding-left:200px !important}}@media screen and (max-width:768px){.ugb-e1155e9.ugb-icon-list > .ugb-inner-block{min-width:auto !important;max-width:275px !important}}<\/style><div class=\"ugb-inner-block ugb-inner-block--wide\"><div class=\"ugb-block-content\"><ul><li>Reducci\u00f3n de mano de obra y costes de cultivo.<\/li><li>Reducci\u00f3n de un 30% de agua y un 50% de fertilizantes.<\/li><li>Reducci\u00f3n de tratamientos fitosanitarios. Menor incidencia de enfermedades.<\/li><li>Fruto de excelente calidad, mejores caracter\u00edsticas organol\u00e9pticas y almacenaje, por lo que su cotizaci\u00f3n de mercado es mayor.<\/li><li>El n\u00famero de plantas por hect\u00e1rea es un 30% mayor, lo cual significa m\u00e1s rentabilidad y beneficio.<\/li><\/ul><\/div><\/div><\/div>\n\n\n\n<div class=\"wp-block-ugb-cta ugb-cta ugb-f1ea801 ugb-cta ugb-cta--v2 ugb-main-block\"><div class=\"ugb-inner-block\"><div class=\"ugb-block-content\"><div class=\"ugb-cta__item\"><h3 class=\"ugb-cta__title\">Si necesitas m\u00e1s informaci\u00f3n sobre nuestros invernaderos macrot\u00fanel, contacta con nosotros <\/h3><div class=\"ugb-button-container\"><a class=\"ugb-button ugb-button--size-normal\" href=\"https:\/\/inveurop.online\/oldsite\/es\/contacto\/\" rel=\"\" title=\"\"><span class=\"ugb-button--inner\">Info invernaderos macrot\u00fanel<\/span><\/a><\/div><\/div><\/div><\/div><\/div>\n\n\n\n<div class=\"wp-block-ugb-heading alignwide ugb-heading ugb-d09dd43 ugb-main-block\"><style>.ugb-d09dd43 .ugb-heading__title{color:#2367a8;font-weight:900 !important;text-transform:uppercase !important;text-align:center}.ugb-d09dd43 .ugb-heading__bottom-line{background-color:#00a6dd !important;width:725px !important;margin-left:auto !important;margin-right:auto !important}.ugb-d09dd43 .ugb-inner-block{text-align:center}<\/style><div class=\"ugb-inner-block\"><div class=\"ugb-block-content\"><h3 class=\"ugb-heading__title\">Macrot\u00fanel B\u00e1sico<\/h3><div class=\"ugb-heading__bottom-line\"><\/div><\/div><\/div><\/div>\n\n\n\n<div class=\"wp-block-image\"><figure class=\"aligncenter size-large\"><img fetchpriority=\"high\" decoding=\"async\" width=\"1000\" height=\"568\" src=\"https:\/\/inveurop.online\/oldsite\/es\/wp-content\/uploads\/sites\/2\/2020\/10\/Macro-basico.jpg\" alt=\"Macrot\u00fanel b\u00e1sico\" class=\"wp-image-1748\" srcset=\"https:\/\/inveurop.online\/oldsite\/es\/wp-content\/uploads\/sites\/2\/2020\/10\/Macro-basico.jpg 1000w, https:\/\/inveurop.online\/oldsite\/es\/wp-content\/uploads\/sites\/2\/2020\/10\/Macro-basico-300x170.jpg 300w, https:\/\/inveurop.online\/oldsite\/es\/wp-content\/uploads\/sites\/2\/2020\/10\/Macro-basico-150x85.jpg 150w, https:\/\/inveurop.online\/oldsite\/es\/wp-content\/uploads\/sites\/2\/2020\/10\/Macro-basico-768x436.jpg 768w\" sizes=\"(max-width: 1000px) 100vw, 1000px\" \/><\/figure><\/div>\n\n\n\n<div class=\"wp-block-ugb-text ugb-text ugb-93ef3a8 ugb-text--design-plain ugb-text--columns-1 ugb-main-block\"><style>@media screen and (min-width:768px){.ugb-93ef3a8.ugb-text{margin-right:200px !important;margin-left:200px !important}}<\/style><div class=\"ugb-inner-block\"><div class=\"ugb-block-content\"><div class=\"ugb-text__text-wrapper\"><div class=\"ugb-text__text\"><p class=\"ugb-text__text-1\"><strong>Invernaderos macrot\u00fanel b\u00e1sico<\/strong>&nbsp;construido mediante estructura met\u00e1lica de tubo galvanizado calidad DX 51-D, seg\u00fan la norma UNE-36130, formado por un&nbsp;<strong>armaz\u00f3n sobre el que se fija un material de cubrici\u00f3n<\/strong>.&nbsp; Est\u00e1 especialmente dise\u00f1ado para la producci\u00f3n de berries a gran escala y cultivo de \u00e1rboles frutales. Su estructura es totalmente desmontable,&nbsp;<strong>ideal para su montaje en \u00e9poca de producci\u00f3n<\/strong>&nbsp;y posterior desmontaje para labores de mantenimiento y enriquecimiento del terreno.<br><br>Su versatilidad, f\u00e1cil montaje y bajo coste, gracias a un proceso de fabricaci\u00f3n totalmente automatizado son&nbsp;<strong>sus mejores cualidades<\/strong>.<br><br>Adem\u00e1s, el invernadero Macrot\u00fanel es totalmente compatible con el cultivo hidrop\u00f3nico, con las ventajas que \u00e9ste tipo de cultivo conlleva.<br><\/p><\/div><\/div><\/div><\/div><\/div>\n\n\n\n<div class=\"wp-block-ugb-heading ugb-heading ugb-634b8e8 ugb-main-block\"><style>.ugb-634b8e8 .ugb-heading__title{color:#2367a8;font-weight:900 !important;text-transform:uppercase !important;text-align:center}.ugb-634b8e8 .ugb-heading__bottom-line{background-color:#00a6dd !important;width:725px !important;margin-left:auto !important;margin-right:auto !important}.ugb-634b8e8 .ugb-inner-block{text-align:center}<\/style><div class=\"ugb-inner-block\"><div class=\"ugb-block-content\"><h3 class=\"ugb-heading__title\">Macrot\u00fanel maravilla<\/h3><div class=\"ugb-heading__bottom-line\"><\/div><\/div><\/div><\/div>\n\n\n\n<div class=\"wp-block-image\"><figure class=\"aligncenter size-large\"><img decoding=\"async\" width=\"1000\" height=\"856\" src=\"https:\/\/inveurop.online\/oldsite\/es\/wp-content\/uploads\/sites\/2\/2020\/10\/Macro-Maravilla.jpg\" alt=\"Macrot\u00fanel maravilla\" class=\"wp-image-1749\" srcset=\"https:\/\/inveurop.online\/oldsite\/es\/wp-content\/uploads\/sites\/2\/2020\/10\/Macro-Maravilla.jpg 1000w, https:\/\/inveurop.online\/oldsite\/es\/wp-content\/uploads\/sites\/2\/2020\/10\/Macro-Maravilla-300x257.jpg 300w, https:\/\/inveurop.online\/oldsite\/es\/wp-content\/uploads\/sites\/2\/2020\/10\/Macro-Maravilla-150x128.jpg 150w, https:\/\/inveurop.online\/oldsite\/es\/wp-content\/uploads\/sites\/2\/2020\/10\/Macro-Maravilla-768x657.jpg 768w\" sizes=\"(max-width: 1000px) 100vw, 1000px\" \/><\/figure><\/div>\n\n\n\n<div class=\"wp-block-ugb-text ugb-text ugb-37b752a ugb-text--design-plain ugb-text--columns-1 ugb-main-block\"><style>@media screen and (min-width:768px){.ugb-37b752a.ugb-text{padding-right:200px !important;padding-left:200px !important}}<\/style><div class=\"ugb-inner-block\"><div class=\"ugb-block-content\"><div class=\"ugb-text__text-wrapper\"><div class=\"ugb-text__text\"><p class=\"ugb-text__text-1\">Invernadero b\u00e1sico&nbsp;<strong>reforzado<\/strong>&nbsp;y vers\u00e1til, con&nbsp;<strong>m\u00e1s anchura, m\u00e1s altura, m\u00e1s robustez<\/strong>,&nbsp;y por tanto,&nbsp;<strong>mejor ventilaci\u00f3n<\/strong>,&nbsp;construido mediante estructura met\u00e1lica de tubo galvanizado calidad DX 51-D, seg\u00fan norma\u2002va UNE-36130, formado por un armaz\u00f3n sobre el que se fija un material de cubrici\u00f3n. Est\u00e1 especialmente dise\u00f1ado para la producci\u00f3n de berries a gran escala y cultivo de \u00e1rboles frutales. Su estructura es totalmente desmontable, ideal para su montaje en \u00e9poca de producci\u00f3n y posterior desmontaje para labores de mantenimiento y enriquecimiento del terreno.<br><br>Debido a los componentes espec\u00edficos utilizados para reforzar la estructura y versatilidad,&nbsp; es resistente&nbsp; al viento y climas adversos.&nbsp;<br><br><\/p><\/div><\/div><\/div><\/div><\/div>\n\n\n\n<div class=\"wp-block-ugb-heading ugb-heading ugb-ec809f6 ugb-main-block\"><style>.ugb-ec809f6 .ugb-heading__title{color:#2367a8;font-weight:900 !important;text-transform:uppercase !important;text-align:center}.ugb-ec809f6 .ugb-heading__bottom-line{background-color:#00a6dd !important;width:725px !important;margin-left:auto !important;margin-right:auto !important}.ugb-ec809f6 .ugb-inner-block{text-align:center}<\/style><div class=\"ugb-inner-block\"><div class=\"ugb-block-content\"><h3 class=\"ugb-heading__title\">Macrot\u00fanel plus<\/h3><div class=\"ugb-heading__bottom-line\"><\/div><\/div><\/div><\/div>\n\n\n\n<div class=\"wp-block-image\"><figure class=\"aligncenter size-large\"><img decoding=\"async\" width=\"1000\" height=\"668\" src=\"https:\/\/inveurop.online\/oldsite\/es\/wp-content\/uploads\/sites\/2\/2020\/10\/Macro-Plus.jpg\" alt=\"Invernadero macrot\u00fanel plus\" class=\"wp-image-1750\" srcset=\"https:\/\/inveurop.online\/oldsite\/es\/wp-content\/uploads\/sites\/2\/2020\/10\/Macro-Plus.jpg 1000w, https:\/\/inveurop.online\/oldsite\/es\/wp-content\/uploads\/sites\/2\/2020\/10\/Macro-Plus-300x200.jpg 300w, https:\/\/inveurop.online\/oldsite\/es\/wp-content\/uploads\/sites\/2\/2020\/10\/Macro-Plus-150x100.jpg 150w, https:\/\/inveurop.online\/oldsite\/es\/wp-content\/uploads\/sites\/2\/2020\/10\/Macro-Plus-768x513.jpg 768w\" sizes=\"(max-width: 1000px) 100vw, 1000px\" \/><\/figure><\/div>\n\n\n\n<div class=\"wp-block-ugb-text ugb-text ugb-4950023 ugb-text--design-plain ugb-text--columns-1 ugb-main-block\"><style>@media screen and (min-width:768px){.ugb-4950023.ugb-text{margin-right:200px !important;margin-left:200px !important}}<\/style><div class=\"ugb-inner-block\"><div class=\"ugb-block-content\"><div class=\"ugb-text__text-wrapper\"><div class=\"ugb-text__text\"><p class=\"ugb-text__text-1\">Invernadero b\u00e1sico reforzado&nbsp;<strong>construido mediante estructura met\u00e1lica de tubo galvanizado calidad DX 51-D<\/strong>, seg\u00fan normativa UNE-36130, formado por un armaz\u00f3n sobre el que se fija un material de cubrici\u00f3n. Est\u00e1 especialmente dise\u00f1ado para la producci\u00f3n de berries a gran escala y cultivo de \u00e1rboles frutales. Su estructura es totalmente desmontable, ideal para su montaje en \u00e9poca de producci\u00f3n y posterior desmontaje para labores de mantenimiento y enriquecimiento del terreno.<br><br>Debido a los componentes utilizados para reforzar la estructura,&nbsp;<strong>con cerramientos laterales, frontales y recogida de agua<\/strong>, obtiene una mayor resistencia al viento y a una climatolog\u00eda desfavorable sin perder su&nbsp;<strong>versatilidad<\/strong>.<br><\/p><\/div><\/div><\/div><\/div><\/div>\n\n\n\n<div class=\"wp-block-ugb-heading ugb-heading ugb-be0f80c ugb-main-block\"><style>.ugb-be0f80c .ugb-heading__title{color:#2367a8;font-weight:900 !important;text-transform:uppercase !important;text-align:center}.ugb-be0f80c .ugb-heading__bottom-line{background-color:#00a6dd !important;width:725px !important;margin-left:auto !important;margin-right:auto !important}.ugb-be0f80c .ugb-inner-block{text-align:center}@media screen and (min-width:768px){.ugb-be0f80c.ugb-heading{margin-top:-1px !important;margin-bottom:35px !important}}<\/style><div class=\"ugb-inner-block\"><div class=\"ugb-block-content\"><h3 class=\"ugb-heading__title\">Macrot\u00fanel alemania<\/h3><div class=\"ugb-heading__bottom-line\"><\/div><\/div><\/div><\/div>\n\n\n\n<div class=\"wp-block-ugb-text ugb-text ugb-f27e039 ugb-text--design-plain ugb-text--columns-1 ugb-main-block\"><style>@media screen and (min-width:768px){.ugb-f27e039.ugb-text{margin-top:0px !important;margin-right:200px !important;margin-left:200px !important}}<\/style><div class=\"ugb-inner-block\"><div class=\"ugb-block-content\"><div class=\"ugb-text__text-wrapper\"><div class=\"ugb-text__text\"><p class=\"ugb-text__text-1\"><strong>Invernadero b\u00e1sico<\/strong>&nbsp;construido por medio de una estructura met\u00e1lica galvanizada de calidad DX 51-D, seg\u00fan la norma UNE-36130, que consiste en un marco sobre el que se fija un material de cubierta.<br><br>Est\u00e1&nbsp;<strong>especialmente dise\u00f1ado para zonas con abundante nieve<\/strong>, para la producci\u00f3n de bayas a gran escala y el cultivo de \u00e1rboles frutales.<br><br>Modelo dise\u00f1ado inicialmente para el cultivo de bayas. Este modelo se utiliza en \u00e1reas fr\u00edas con abundante nieve y vientos importantes. Su estructura que permite obtener un arco completo desde el suelo gracias a una pierna especial, hace que la nieve o el granizo descansen en la erra y no afecte a la estructura. Su gran robustez, versalidad y facilidad de montaje la hacen ideal para climas fr\u00edos.<\/p><\/div><\/div><\/div><\/div><\/div>\n","protected":false},"excerpt":{"rendered":"<p>Ventajas de los Invernaderos Macrot\u00fanel<\/p>\n","protected":false},"author":1,"featured_media":0,"parent":926,"menu_order":1,"comment_status":"closed","ping_status":"closed","template":"builder.php","meta":{"inline_featured_image":false,"_genesis_hide_title":false,"_genesis_hide_breadcrumbs":false,"_genesis_hide_singular_image":false,"_genesis_hide_footer_widgets":false,"_genesis_custom_body_class":"","_genesis_custom_post_class":"","_genesis_layout":"","footnotes":""},"yst_prominent_words":[449,437,440,424,427,426,423,417,438,415,422,419,428,429,439,416,425,451,418,412],"class_list":{"0":"post-975","1":"page","2":"type-page","3":"status-publish","5":"entry","6":"has-post-thumbnail"},"_links":{"self":[{"href":"https:\/\/inveurop.online\/oldsite\/es\/wp-json\/wp\/v2\/pages\/975"}],"collection":[{"href":"https:\/\/inveurop.online\/oldsite\/es\/wp-json\/wp\/v2\/pages"}],"about":[{"href":"https:\/\/inveurop.online\/oldsite\/es\/wp-json\/wp\/v2\/types\/page"}],"author":[{"embeddable":true,"href":"https:\/\/inveurop.online\/oldsite\/es\/wp-json\/wp\/v2\/users\/1"}],"replies":[{"embeddable":true,"href":"https:\/\/inveurop.online\/oldsite\/es\/wp-json\/wp\/v2\/comments?post=975"}],"version-history":[{"count":60,"href":"https:\/\/inveurop.online\/oldsite\/es\/wp-json\/wp\/v2\/pages\/975\/revisions"}],"predecessor-version":[{"id":2643,"href":"https:\/\/inveurop.online\/oldsite\/es\/wp-json\/wp\/v2\/pages\/975\/revisions\/2643"}],"up":[{"embeddable":true,"href":"https:\/\/inveurop.online\/oldsite\/es\/wp-json\/wp\/v2\/pages\/926"}],"wp:attachment":[{"href":"https:\/\/inveurop.online\/oldsite\/es\/wp-json\/wp\/v2\/media?parent=975"}],"wp:term":[{"taxonomy":"yst_prominent_words","embeddable":true,"href":"https:\/\/inveurop.online\/oldsite\/es\/wp-json\/wp\/v2\/yst_prominent_words?post=975"}],"curies":[{"name":"wp","href":"https:\/\/api.w.org\/{rel}","templated":true}]}}