{"id":652,"date":"2018-09-24T20:17:57","date_gmt":"2018-09-24T20:17:57","guid":{"rendered":"https:\/\/demo.maitheme.com\/law\/?page_id=2"},"modified":"2021-01-04T10:29:55","modified_gmt":"2021-01-04T10:29:55","slug":"home","status":"publish","type":"page","link":"https:\/\/inveurop.online\/oldsite\/fr\/","title":{"rendered":"Home"},"content":{"rendered":"<h1 style=\"text-align: left;\">Fabricants de serres<\/h1>\n<h3><strong>Nous contr\u00f4lons le climat<\/strong><\/h3>\n<p><a class=\"button\" href=\"https:\/\/inveurop.online\/oldsite\/es\/contacto\">Contact<\/a> <a class=\"button\" href=\"tel:+34661662381\"><i class=\"fas fa-mobile-alt\"><\/i> \u00a0 Parlez-nous<\/a><\/p>\n<h2>Nos signes d&rsquo;identit\u00e9<\/h2>\n<div class=\"one-third first\">\n<h4><a href=\"https:\/\/inveurop.online\/oldsite\/es\/wp-content\/uploads\/sites\/2\/2020\/07\/Icono-Pensar-Blanco.svg\"><img decoding=\"async\" class=\"alignnone size-large wp-image-1322\" src=\"https:\/\/inveurop.online\/oldsite\/es\/wp-content\/uploads\/sites\/2\/2020\/07\/Icono-Pensar-Blanco.svg\" alt=\"\" width=\"125\" height=\"125\" \/><\/a><\/h4>\n<h4>Innovation<\/h4>\n<p>Dans le cadre de notre engagement en faveur de l&rsquo;innovation, nous avons d\u00e9velopp\u00e9 et brevet\u00e9 diff\u00e9rents mod\u00e8les de structures qui s&rsquo;adaptent \u00e0 tous vos besoins.<\/p>\n<\/div>\n<div class=\"one-third\">\n<h4><a href=\"https:\/\/inveurop.online\/oldsite\/es\/wp-content\/uploads\/sites\/2\/2020\/07\/Icono-Experiencia-Blanco.svg\"><img decoding=\"async\" class=\"alignnone size-large wp-image-1320\" src=\"https:\/\/inveurop.online\/oldsite\/es\/wp-content\/uploads\/sites\/2\/2020\/07\/Icono-Experiencia-Blanco.svg\" alt=\"\" width=\"125\" height=\"125\" \/><\/a><\/h4>\n<h4>Exp\u00e9rience<\/h4>\n<p>Plus de 30 ans de fabrication de serres. Nous avons une grande exp\u00e9rience dans la conception, la fabrication, l&rsquo;installation et le contr\u00f4le de l&rsquo;environnement.<\/p>\n<\/div>\n<div class=\"one-third\">\n<h4><a href=\"https:\/\/inveurop.online\/oldsite\/es\/wp-content\/uploads\/sites\/2\/2020\/07\/Icono-Rentabilidad-Blanco.svg\"><img loading=\"lazy\" decoding=\"async\" class=\"alignnone size-large wp-image-1324\" src=\"https:\/\/inveurop.online\/oldsite\/es\/wp-content\/uploads\/sites\/2\/2020\/07\/Icono-Rentabilidad-Blanco.svg\" alt=\"\" width=\"125\" height=\"125\" \/><\/a><\/h4>\n<h4>Performance<\/h4>\n<p>Nous d\u00e9veloppons des designs pour maintenir un environnement de culture qui produit les meilleurs rendements et la meilleure qualit\u00e9 de la r\u00e9colte.<\/p>\n<\/div>\n<h2 class=\"heading\">La serre \u00e0 votre mesure<\/h2>\n<p class=\"text-lg\" style=\"max-width: 800px; margin: auto; text-align: center;\">En plus de fournir \u00e0 vos plantes le confort climatique dont elles ont besoin, nous pouvons adapter nos serres pour l&rsquo;agriculture, les jardineries et m\u00eame pour d&rsquo;autres types d&rsquo;installations fixes et portables.<\/p>\n[content name=produits-inicion]\n<h2>Pourquoi choisir le Inveurop?<\/h2>\n<p class=\"text-lg\" style=\"max-width: 800px; margin: auto; text-align: center;\">Inveurop est une entreprise orient\u00e9e vers le client, pour nous, le plus important est que vous soyez satisfait. C&rsquo;est pourquoi nos serres sont con\u00e7ues et fabriqu\u00e9es pour maximiser votre rentabilit\u00e9 et minimiser vos souci.<\/p>\n<div class=\"columns-shortcode row gutter-md middle-xs top-xs-xxl\">\n<div class=\"flex-entry col col-xs-12 col-sm start-xs text-xs-left\"><div class=\"bottom-xs-xxl\">\n<h3>Conception sur mesure<\/h3>\n<p>Nous concevons et construisons vos serres adapt\u00e9es \u00e0 l&rsquo;usage que vous allez leur donner pour leur donner le maximum d&rsquo;efficacit\u00e9.<\/p>\n<\/div>\n<div class=\"bottom-xs-xxl\">\n<h3>Durabilit\u00e9<\/h3>\n<p>Nos serres ont une dur\u00e9e de vie allant jusqu&rsquo;\u00e0 20 ans, ce qui signifie des \u00e9conomies importantes et donc une augmentation de vos b\u00e9n\u00e9fices.<\/p>\n<\/div>\n<div class=\"bottom-xs-xxl\">\n<h3>Rentabilit\u00e9 accrue<\/h3>\n<p>Elle r\u00e9duit la consommation d&rsquo;eau et d&rsquo;\u00e9nergie et la rend plus efficace. Elle r\u00e9duit l&rsquo;utilisation de pesticides, de produits phytosanitaires et d&rsquo;engrais. Plus de r\u00e9coltes et un meilleur contr\u00f4le et une meilleure qualit\u00e9 des cultures avec moins de ressources.<\/p>\n<\/div>\n<\/div>\n<div class=\"flex-entry col col-xs-12 col-sm\"><p><img fetchpriority=\"high\" fetchpriority=\"high\" decoding=\"async\" class=\"alignnone size-full wp-image-1240\" src=\"https:\/\/inveurop.online\/oldsite\/es\/wp-content\/uploads\/sites\/2\/2020\/07\/ID-1.jpg\" alt=\"\" width=\"872\" height=\"817\" \/><\/p>\n<\/div>\n<\/div>\n<h3 class=\"elementor-heading-title elementor-size-default\">RECHERCHE ET D\u00c9VELOPPEMENT<\/h3>\n<div class=\"elementor-element elementor-element-34c01a4 elementor-widget elementor-widget-text-editor\" data-id=\"34c01a4\" data-element_type=\"widget\" data-widget_type=\"text-editor.default\">\n<div class=\"elementor-widget-container\">\n<div class=\"elementor-text-editor elementor-clearfix\">\n<hr \/>\n<h4>Des sp\u00e9cialistes en d\u00e9veloppement de serres pour une performance maximale<\/h4>\n<div class=\"elementor-element elementor-element-0ea1e08 elementor-widget elementor-widget-text-editor\" data-id=\"0ea1e08\" data-element_type=\"widget\" data-widget_type=\"text-editor.default\">\n<div class=\"elementor-widget-container\">\n<div class=\"elementor-text-editor elementor-clearfix\">\n<p>Des installations de plus de 4000 m\u00e8tres carr\u00e9s de surface \u00e9quip\u00e9es des machines les plus exclusives. Le r\u00e9sultat ? Pouvoir vous proposer la fabrication de tous les composants n\u00e9cessaires pour que vous puissiez b\u00e9n\u00e9ficier d&rsquo;une serre performante. Les bonnes solutions ne suffisent pas, nous garantissons les meilleures. Dans chaque \u00e9tablissement, nous continuons \u00e0 rechercher et \u00e0 d\u00e9velopper de nouvelles techniques et de nouveaux outils pour optimiser le processus.<\/p>\n<p><em>La ligne de profilage et de formage de tubes galvanis\u00e9s utilis\u00e9e dans nos serres, le robot de soudage automatique, la ligne de profilage de profil\u00e9s om\u00e9ga et un ensemble de presses hydrauliques, de plieuses et de cisailles de d\u00e9coupe<\/em> sont quelques-uns des noms innovants que vous conna\u00eetrez en d\u00e9marrant le projet avec nous.<\/p>\n<p><center><a class=\"button\" href=\"https:\/\/inveurop.online\/oldsite\/es\/investigacion-y-desarrollo\/\">Lire la suite<\/a><\/center><\/div>\n<\/div>\n<\/div>\n<\/div>\n<\/div>\n<\/div>\n<h2>Ce que disent nos clients<\/h2>\n\n<h3 style=\"text-align: center;\">Inveurop \u00e0 travers le monde<\/h3>\n<p style=\"text-align: center;\">Inveurop est une entreprise espagnole pr\u00e9sente \u00e0 l&rsquo;international par le biais de ventes directes et de distributeurs exclusifs dans Uruguay, Roumanie, Maroc, Alg\u00e9rie, Portugal, Royaume-Uni, Gr\u00e8ce, Argentine, R\u00e9publique dominicaine, Venezuela et Chili.<\/p>\n<p style=\"text-align: center;\">Si votre pays ne figure pas sur la carte, veuillez nous contacter directement.<\/p>\n<div class=\"inside\">[drawattention]<\/div>\n<p style=\"text-align: center;\">\n","protected":false},"excerpt":{"rendered":"<p>Fabricants de serres Nous contr\u00f4lons le climat Contact \u00a0 Parlez-nous Nos signes d&rsquo;identit\u00e9 Innovation Dans le cadre de notre engagement en faveur de l&rsquo;innovation, nous avons d\u00e9velopp\u00e9 et brevet\u00e9 diff\u00e9rents mod\u00e8les de structures qui s&rsquo;adaptent \u00e0 tous vos besoins. Exp\u00e9rience Plus de 30 ans de fabrication de serres. Nous avons une grande exp\u00e9rience dans la &hellip;<\/p>\n","protected":false},"author":1,"featured_media":0,"parent":0,"menu_order":0,"comment_status":"closed","ping_status":"open","template":"sections.php","meta":{"inline_featured_image":false,"_genesis_hide_title":false,"_genesis_hide_breadcrumbs":false,"_genesis_hide_singular_image":false,"_genesis_hide_footer_widgets":false,"_genesis_custom_body_class":"","_genesis_custom_post_class":"","_genesis_layout":"full-width-content","footnotes":""},"yst_prominent_words":[],"class_list":{"0":"post-652","1":"page","2":"type-page","3":"status-publish","5":"entry"},"_links":{"self":[{"href":"https:\/\/inveurop.online\/oldsite\/fr\/wp-json\/wp\/v2\/pages\/652"}],"collection":[{"href":"https:\/\/inveurop.online\/oldsite\/fr\/wp-json\/wp\/v2\/pages"}],"about":[{"href":"https:\/\/inveurop.online\/oldsite\/fr\/wp-json\/wp\/v2\/types\/page"}],"author":[{"embeddable":true,"href":"https:\/\/inveurop.online\/oldsite\/fr\/wp-json\/wp\/v2\/users\/1"}],"replies":[{"embeddable":true,"href":"https:\/\/inveurop.online\/oldsite\/fr\/wp-json\/wp\/v2\/comments?post=652"}],"version-history":[{"count":16,"href":"https:\/\/inveurop.online\/oldsite\/fr\/wp-json\/wp\/v2\/pages\/652\/revisions"}],"predecessor-version":[{"id":846,"href":"https:\/\/inveurop.online\/oldsite\/fr\/wp-json\/wp\/v2\/pages\/652\/revisions\/846"}],"wp:attachment":[{"href":"https:\/\/inveurop.online\/oldsite\/fr\/wp-json\/wp\/v2\/media?parent=652"}],"wp:term":[{"taxonomy":"yst_prominent_words","embeddable":true,"href":"https:\/\/inveurop.online\/oldsite\/fr\/wp-json\/wp\/v2\/yst_prominent_words?post=652"}],"curies":[{"name":"wp","href":"https:\/\/api.w.org\/{rel}","templated":true}]}}