{"id":748,"date":"2020-12-16T16:15:15","date_gmt":"2020-12-16T16:15:15","guid":{"rendered":"https:\/\/inveurop.online\/oldsite\/fr\/?page_id=748"},"modified":"2021-01-04T10:19:56","modified_gmt":"2021-01-04T10:19:56","slug":"valeur-ajoutee","status":"publish","type":"page","link":"https:\/\/inveurop.online\/oldsite\/fr\/valeur-ajoutee\/","title":{"rendered":"Valeur ajout\u00e9e"},"content":{"rendered":"\n<p>Depuis le d\u00e9but d&rsquo;Inveurop, nous sommes une entreprise orient\u00e9e vers le client et toutes les activit\u00e9s de l&rsquo;organisation ont \u00e9t\u00e9 d\u00e9velopp\u00e9es pour apporter de la valeur \u00e0 votre entreprise.<\/p>\n\n\n\n<p>D\u00e8s le stade de la planification, la mise en place d&rsquo;un d\u00e9partement de I+D auquel, outre l&rsquo;\u00e9quipe d&rsquo;ing\u00e9nieurs, tout le personnel de l&rsquo;entreprise participe, en apportant sa propre exp\u00e9rience \u00e0 diff\u00e9rents niveaux. Tout le monde sait ce qui est le mieux dans chaque partie du processus.<\/p>\n\n\n\n<p>Nous sommes \u00e0 la pointe des derni\u00e8res technologies et nous les utilisons depuis longtemps. Tant dans la conception que dans la production, nous utilisons les syst\u00e8mes les plus avanc\u00e9s, que nous mettons \u00e0 votre disposition.<\/p>\n\n\n\n<p>Le personnel du service d&rsquo;installation est avec nous depuis longtemps. C&rsquo;est une des cl\u00e9s de l&rsquo;entreprise et cela nous permet d&rsquo;\u00e9viter de devoir externaliser le service. Les installations sont toujours r\u00e9alis\u00e9es par notre propre personnel.<\/p>\n\n\n\n<p>L&rsquo;un des aspects auxquels nous accordons la plus grande attention est le service \u00e0 la client\u00e8le. Tous les membres d&rsquo;Inveurop sont \u00e0 votre disposition avant, pendant et apr\u00e8s le processus d&rsquo;installation de votre serre.<\/p>\n\n\n\n<p>Tout cela et bien plus encore, c&rsquo;est ce que nous vous proposons en tant que client d&rsquo;Inveurop. Contactez-nous, nous vous attendons.<\/p>\n\n\n\n\n","protected":false},"excerpt":{"rendered":"<p>Depuis le d\u00e9but d&rsquo;Inveurop, nous sommes une entreprise orient\u00e9e vers le client et toutes les activit\u00e9s de l&rsquo;organisation ont \u00e9t\u00e9 d\u00e9velopp\u00e9es pour apporter de la valeur \u00e0 votre entreprise. D\u00e8s le stade de la planification, la mise en place d&rsquo;un d\u00e9partement de I+D auquel, outre l&rsquo;\u00e9quipe d&rsquo;ing\u00e9nieurs, tout le personnel de l&rsquo;entreprise participe, en apportant &hellip;<\/p>\n","protected":false},"author":1,"featured_media":749,"parent":0,"menu_order":0,"comment_status":"closed","ping_status":"closed","template":"","meta":{"inline_featured_image":false,"_genesis_hide_title":false,"_genesis_hide_breadcrumbs":false,"_genesis_hide_singular_image":false,"_genesis_hide_footer_widgets":false,"_genesis_custom_body_class":"","_genesis_custom_post_class":"","_genesis_layout":"","footnotes":""},"yst_prominent_words":[],"class_list":{"0":"post-748","1":"page","2":"type-page","3":"status-publish","4":"has-post-thumbnail","6":"entry"},"_links":{"self":[{"href":"https:\/\/inveurop.online\/oldsite\/fr\/wp-json\/wp\/v2\/pages\/748"}],"collection":[{"href":"https:\/\/inveurop.online\/oldsite\/fr\/wp-json\/wp\/v2\/pages"}],"about":[{"href":"https:\/\/inveurop.online\/oldsite\/fr\/wp-json\/wp\/v2\/types\/page"}],"author":[{"embeddable":true,"href":"https:\/\/inveurop.online\/oldsite\/fr\/wp-json\/wp\/v2\/users\/1"}],"replies":[{"embeddable":true,"href":"https:\/\/inveurop.online\/oldsite\/fr\/wp-json\/wp\/v2\/comments?post=748"}],"version-history":[{"count":1,"href":"https:\/\/inveurop.online\/oldsite\/fr\/wp-json\/wp\/v2\/pages\/748\/revisions"}],"predecessor-version":[{"id":750,"href":"https:\/\/inveurop.online\/oldsite\/fr\/wp-json\/wp\/v2\/pages\/748\/revisions\/750"}],"wp:featuredmedia":[{"embeddable":true,"href":"https:\/\/inveurop.online\/oldsite\/fr\/wp-json\/wp\/v2\/media\/749"}],"wp:attachment":[{"href":"https:\/\/inveurop.online\/oldsite\/fr\/wp-json\/wp\/v2\/media?parent=748"}],"wp:term":[{"taxonomy":"yst_prominent_words","embeddable":true,"href":"https:\/\/inveurop.online\/oldsite\/fr\/wp-json\/wp\/v2\/yst_prominent_words?post=748"}],"curies":[{"name":"wp","href":"https:\/\/api.w.org\/{rel}","templated":true}]}}