{"id":751,"date":"2020-12-16T16:17:19","date_gmt":"2020-12-16T16:17:19","guid":{"rendered":"https:\/\/inveurop.online\/oldsite\/fr\/?page_id=751"},"modified":"2021-01-04T10:50:29","modified_gmt":"2021-01-04T10:50:29","slug":"qui-sommes-nous","status":"publish","type":"page","link":"https:\/\/inveurop.online\/oldsite\/fr\/qui-sommes-nous\/","title":{"rendered":"Qui sommes-nous"},"content":{"rendered":"\n<figure class=\"wp-block-image size-large\"><img fetchpriority=\"high\" decoding=\"async\" width=\"1024\" height=\"341\" src=\"https:\/\/inveurop.online\/oldsite\/fr\/wp-content\/uploads\/sites\/5\/2021\/01\/Nuestro-Equipo-1024x341.jpg\" alt=\"\" class=\"wp-image-848\" srcset=\"https:\/\/inveurop.online\/oldsite\/fr\/wp-content\/uploads\/sites\/5\/2021\/01\/Nuestro-Equipo-1024x341.jpg 1024w, https:\/\/inveurop.online\/oldsite\/fr\/wp-content\/uploads\/sites\/5\/2021\/01\/Nuestro-Equipo-300x100.jpg 300w, https:\/\/inveurop.online\/oldsite\/fr\/wp-content\/uploads\/sites\/5\/2021\/01\/Nuestro-Equipo-768x256.jpg 768w\" sizes=\"(max-width: 1024px) 100vw, 1024px\" \/><\/figure>\n\n\n\n<p>L&rsquo;exp\u00e9rience de notre entreprise remonte \u00e0 1983, lorsqu&rsquo;un groupe de personnes tr\u00e8s enthousiastes et ambitieuses se sont r\u00e9unies pour donner libre cours \u00e0 leurs r\u00eaves. De cette union, na\u00eetra plus tard Invernaderos Europeos SL.<\/p>\n\n\n\n<p>Notre entreprise commence son travail par la construction de serres et de diverses structures m\u00e9talliques. \u00c0 l&rsquo;origine, nous avons commenc\u00e9 par concevoir le mod\u00e8le de serre \u00ab\u00a0multitubulaire\u00a0\u00bb, qui, avec les r\u00e9visions successives effectu\u00e9es au fil du temps, est aujourd&rsquo;hui l&rsquo;un de nos meilleurs produits sur le march\u00e9.<\/p>\n\n\n\n<p>Le mod\u00e8le multitunnel est une serre modulaire construite avec une structure m\u00e9tallique galvanis\u00e9e de qualit\u00e9 Z275 selon la norme UNE-36130, qui forme un cadre sur lequel est fix\u00e9 un mat\u00e9riau de couverture, g\u00e9n\u00e9ralement en plastique, formant une enceinte totalement \u00e9tanche. Dans ce type de serre, nous pouvons contr\u00f4ler des param\u00e8tres tels que la temp\u00e9rature, l&rsquo;humidit\u00e9, la vitesse du vent, etc. Ce mod\u00e8le peut \u00e9galement \u00eatre utilis\u00e9 comme centre de jardinage, comme vous pouvez le voir ci-dessous.<\/p>\n\n\n\n<p>Plus tard, et avec l&rsquo;expansion de l&rsquo;entreprise, de nouveaux mod\u00e8les de serres adapt\u00e9s \u00e0 toutes les cultures et aux possibilit\u00e9s \u00e9conomiques de nos clients commencent \u00e0 \u00eatre mis sur le march\u00e9. C&rsquo;est ainsi qu&rsquo;a \u00e9t\u00e9 cr\u00e9\u00e9 le mod\u00e8le de serre \u00ab\u00a0d\u00e9tachable\u00a0\u00bb, utilis\u00e9 pour les cultures de faible surface et capable de s&rsquo;adapter \u00e0 tout type de produit \u00e0 cultiver.<\/p>\n\n\n\n<p>Compte tenu de la n\u00e9cessit\u00e9 de cultiver de grandes surfaces sous serres avec des produits tels que les fraises ou les framboises, notre soci\u00e9t\u00e9 se consacre au d\u00e9veloppement du mod\u00e8le de serre \u00ab\u00a0macrotunnel\u00a0\u00bb, qui est brevet\u00e9 dans notre pays sous le num\u00e9ro P200202565-7.<\/p>\n\n\n\n<p>Actuellement, notre entreprise a install\u00e9 des centaines d&rsquo;hectares de cette serre sur le territoire national. Il s&rsquo;agit d&rsquo;une serre \u00e0 structure m\u00e9tallique l\u00e9g\u00e8re utilis\u00e9e pour tous les types de cultures.<\/p>\n\n\n\n<p>Aujourd&rsquo;hui, et \u00e9tant donn\u00e9 l&rsquo;acceptation de ce type de serre, notre entreprise exporte vers : le Maroc, l&rsquo;Alg\u00e9rie, le Portugal, le Royaume-Uni, la Gr\u00e8ce, l&rsquo;Uruguay, l&rsquo;Argentine, la R\u00e9publique dominicaine, la Roumanie, le Venezuela et le Chili.<\/p>\n\n\n\n\n","protected":false},"excerpt":{"rendered":"<p>L&rsquo;exp\u00e9rience de notre entreprise remonte \u00e0 1983, lorsqu&rsquo;un groupe de personnes tr\u00e8s enthousiastes et ambitieuses se sont r\u00e9unies pour donner libre cours \u00e0 leurs r\u00eaves. De cette union, na\u00eetra plus tard Invernaderos Europeos SL. Notre entreprise commence son travail par la construction de serres et de diverses structures m\u00e9talliques. \u00c0 l&rsquo;origine, nous avons commenc\u00e9 par &hellip;<\/p>\n","protected":false},"author":1,"featured_media":0,"parent":0,"menu_order":0,"comment_status":"closed","ping_status":"closed","template":"","meta":{"inline_featured_image":false,"_genesis_hide_title":false,"_genesis_hide_breadcrumbs":false,"_genesis_hide_singular_image":false,"_genesis_hide_footer_widgets":false,"_genesis_custom_body_class":"","_genesis_custom_post_class":"","_genesis_layout":"","footnotes":""},"yst_prominent_words":[],"class_list":{"0":"post-751","1":"page","2":"type-page","3":"status-publish","5":"entry"},"_links":{"self":[{"href":"https:\/\/inveurop.online\/oldsite\/fr\/wp-json\/wp\/v2\/pages\/751"}],"collection":[{"href":"https:\/\/inveurop.online\/oldsite\/fr\/wp-json\/wp\/v2\/pages"}],"about":[{"href":"https:\/\/inveurop.online\/oldsite\/fr\/wp-json\/wp\/v2\/types\/page"}],"author":[{"embeddable":true,"href":"https:\/\/inveurop.online\/oldsite\/fr\/wp-json\/wp\/v2\/users\/1"}],"replies":[{"embeddable":true,"href":"https:\/\/inveurop.online\/oldsite\/fr\/wp-json\/wp\/v2\/comments?post=751"}],"version-history":[{"count":5,"href":"https:\/\/inveurop.online\/oldsite\/fr\/wp-json\/wp\/v2\/pages\/751\/revisions"}],"predecessor-version":[{"id":854,"href":"https:\/\/inveurop.online\/oldsite\/fr\/wp-json\/wp\/v2\/pages\/751\/revisions\/854"}],"wp:attachment":[{"href":"https:\/\/inveurop.online\/oldsite\/fr\/wp-json\/wp\/v2\/media?parent=751"}],"wp:term":[{"taxonomy":"yst_prominent_words","embeddable":true,"href":"https:\/\/inveurop.online\/oldsite\/fr\/wp-json\/wp\/v2\/yst_prominent_words?post=751"}],"curies":[{"name":"wp","href":"https:\/\/api.w.org\/{rel}","templated":true}]}}