{"id":753,"date":"2020-12-16T16:21:14","date_gmt":"2020-12-16T16:21:14","guid":{"rendered":"https:\/\/inveurop.online\/oldsite\/fr\/?page_id=753"},"modified":"2021-01-04T10:19:20","modified_gmt":"2021-01-04T10:19:20","slug":"recherche-et-developpement","status":"publish","type":"page","link":"https:\/\/inveurop.online\/oldsite\/fr\/recherche-et-developpement\/","title":{"rendered":"Recherche et d\u00e9veloppement"},"content":{"rendered":"\n<p>Chez Inveurop, nous sommes conscients que la meilleure fa\u00e7on de vous aider en tant que client est de d\u00e9velopper des propositions de valeur qui vous donneront les meilleures performances dans votre entreprise.<\/p>\n\n\n\n<p>Pour y parvenir, nous avons \u00e9labor\u00e9 un plan de I+D qui implique toute l&rsquo;\u00e9quipe, car nous pensons que c&rsquo;est une activit\u00e9 \u00e0 laquelle chaque personne travaillant dans l&rsquo;entreprise doit participer.<\/p>\n\n\n\n<p>Le r\u00e9sultat de ce travail est le brevet de notre mod\u00e8le de macro-tunnel, dont nous sommes si fiers et qui nous encourage \u00e0 continuer, en contribuant \u00e0 l&rsquo;innovation dans notre pays.<\/p>\n\n\n\n<p>En plus du brevet sur le macro-tunnel, nous avons lanc\u00e9 tout au long de cette p\u00e9riode de nouveaux produits sur le march\u00e9, tels que le \u2026<\/p>\n","protected":false},"excerpt":{"rendered":"<p>Chez Inveurop, nous sommes conscients que la meilleure fa\u00e7on de vous aider en tant que client est de d\u00e9velopper des propositions de valeur qui vous donneront les meilleures performances dans votre entreprise. Pour y parvenir, nous avons \u00e9labor\u00e9 un plan de I+D qui implique toute l&rsquo;\u00e9quipe, car nous pensons que c&rsquo;est une activit\u00e9 \u00e0 laquelle &hellip;<\/p>\n","protected":false},"author":1,"featured_media":754,"parent":0,"menu_order":0,"comment_status":"closed","ping_status":"closed","template":"","meta":{"inline_featured_image":false,"_genesis_hide_title":false,"_genesis_hide_breadcrumbs":false,"_genesis_hide_singular_image":false,"_genesis_hide_footer_widgets":false,"_genesis_custom_body_class":"","_genesis_custom_post_class":"","_genesis_layout":"","footnotes":""},"yst_prominent_words":[],"class_list":{"0":"post-753","1":"page","2":"type-page","3":"status-publish","4":"has-post-thumbnail","6":"entry"},"_links":{"self":[{"href":"https:\/\/inveurop.online\/oldsite\/fr\/wp-json\/wp\/v2\/pages\/753"}],"collection":[{"href":"https:\/\/inveurop.online\/oldsite\/fr\/wp-json\/wp\/v2\/pages"}],"about":[{"href":"https:\/\/inveurop.online\/oldsite\/fr\/wp-json\/wp\/v2\/types\/page"}],"author":[{"embeddable":true,"href":"https:\/\/inveurop.online\/oldsite\/fr\/wp-json\/wp\/v2\/users\/1"}],"replies":[{"embeddable":true,"href":"https:\/\/inveurop.online\/oldsite\/fr\/wp-json\/wp\/v2\/comments?post=753"}],"version-history":[{"count":2,"href":"https:\/\/inveurop.online\/oldsite\/fr\/wp-json\/wp\/v2\/pages\/753\/revisions"}],"predecessor-version":[{"id":769,"href":"https:\/\/inveurop.online\/oldsite\/fr\/wp-json\/wp\/v2\/pages\/753\/revisions\/769"}],"wp:featuredmedia":[{"embeddable":true,"href":"https:\/\/inveurop.online\/oldsite\/fr\/wp-json\/wp\/v2\/media\/754"}],"wp:attachment":[{"href":"https:\/\/inveurop.online\/oldsite\/fr\/wp-json\/wp\/v2\/media?parent=753"}],"wp:term":[{"taxonomy":"yst_prominent_words","embeddable":true,"href":"https:\/\/inveurop.online\/oldsite\/fr\/wp-json\/wp\/v2\/yst_prominent_words?post=753"}],"curies":[{"name":"wp","href":"https:\/\/api.w.org\/{rel}","templated":true}]}}