{"id":756,"date":"2020-12-16T16:26:18","date_gmt":"2020-12-16T16:26:18","guid":{"rendered":"https:\/\/inveurop.online\/oldsite\/fr\/?page_id=756"},"modified":"2021-01-04T10:51:49","modified_gmt":"2021-01-04T10:51:49","slug":"notre-vision","status":"publish","type":"page","link":"https:\/\/inveurop.online\/oldsite\/fr\/notre-vision\/","title":{"rendered":"Notre Vision"},"content":{"rendered":"\n<p>Pour la conception, la fabrication et le montage de tous nos mod\u00e8les de serres, notre entreprise dispose d&rsquo;un personnel hautement qualifi\u00e9. Il est compos\u00e9 d&rsquo;ing\u00e9nieurs, de personnel administratif, de techniciens de production et de techniciens de montage de serres.<\/p>\n\n\n\n<p>Pour le d\u00e9veloppement du processus de production de nos serres, nous disposons d&rsquo;installations de plus de 4000 m\u00e8tres carr\u00e9s de surface, \u00e9quip\u00e9es des machines les meilleures et les plus modernes pour la fabrication de tous les composants des serres. Parmi eux, nous soulignons la ligne de profilage et de fa\u00e7onnage du tube galvanis\u00e9 utilis\u00e9 dans nos serres, ainsi qu&rsquo;un robot de soudage automatique. En outre, nous disposons d&rsquo;une ligne de profilage du profil om\u00e9ga et d&rsquo;un ensemble de presses hydrauliques, de plieuses et de cisailles utilis\u00e9es pour la fabrication de toutes les pi\u00e8ces d&rsquo;union de nos serres.<\/p>\n\n\n\n<p>NOS OBJECTIFS LES PLUS IMM\u00c9DIATS sont la consolidation de notre entreprise en tant que leader national dans le secteur de la construction de serres et l&rsquo;expansion progressive vers de nouveaux march\u00e9s internationaux dans des pays tels que la G\u00e9orgie, l&rsquo;Europe centrale ou l&rsquo;Afrique du Nord.<\/p>\n\n\n\n<p>Dans un premier temps, notre soci\u00e9t\u00e9 a effectu\u00e9 des \u00e9tudes climatiques et plusieurs visites avec des ing\u00e9nieurs agronomes qualifi\u00e9s en G\u00e9orgie, o\u00f9 il a \u00e9t\u00e9 conclu que la \u00ab\u00a0merveilleuse\u00a0\u00bb serre mod\u00e8le est adapt\u00e9e \u00e0 la culture dans ce pays. Pour toutes ces raisons, nous consid\u00e9rons que Invernaderos Europeos SLL dispose d&rsquo;une infrastructure technologique et humaine complexe, capable de satisfaire les besoins de tous nos clients.<\/p>\n\n\n","protected":false},"excerpt":{"rendered":"<p>Pour la conception, la fabrication et le montage de tous nos mod\u00e8les de serres, notre entreprise dispose d&rsquo;un personnel hautement qualifi\u00e9. Il est compos\u00e9 d&rsquo;ing\u00e9nieurs, de personnel administratif, de techniciens de production et de techniciens de montage de serres. Pour le d\u00e9veloppement du processus de production de nos serres, nous disposons d&rsquo;installations de plus de &hellip;<\/p>\n","protected":false},"author":1,"featured_media":757,"parent":0,"menu_order":0,"comment_status":"closed","ping_status":"closed","template":"","meta":{"inline_featured_image":false,"_genesis_hide_title":false,"_genesis_hide_breadcrumbs":false,"_genesis_hide_singular_image":false,"_genesis_hide_footer_widgets":false,"_genesis_custom_body_class":"","_genesis_custom_post_class":"","_genesis_layout":"","footnotes":""},"yst_prominent_words":[],"class_list":{"0":"post-756","1":"page","2":"type-page","3":"status-publish","4":"has-post-thumbnail","6":"entry"},"_links":{"self":[{"href":"https:\/\/inveurop.online\/oldsite\/fr\/wp-json\/wp\/v2\/pages\/756"}],"collection":[{"href":"https:\/\/inveurop.online\/oldsite\/fr\/wp-json\/wp\/v2\/pages"}],"about":[{"href":"https:\/\/inveurop.online\/oldsite\/fr\/wp-json\/wp\/v2\/types\/page"}],"author":[{"embeddable":true,"href":"https:\/\/inveurop.online\/oldsite\/fr\/wp-json\/wp\/v2\/users\/1"}],"replies":[{"embeddable":true,"href":"https:\/\/inveurop.online\/oldsite\/fr\/wp-json\/wp\/v2\/comments?post=756"}],"version-history":[{"count":4,"href":"https:\/\/inveurop.online\/oldsite\/fr\/wp-json\/wp\/v2\/pages\/756\/revisions"}],"predecessor-version":[{"id":856,"href":"https:\/\/inveurop.online\/oldsite\/fr\/wp-json\/wp\/v2\/pages\/756\/revisions\/856"}],"wp:featuredmedia":[{"embeddable":true,"href":"https:\/\/inveurop.online\/oldsite\/fr\/wp-json\/wp\/v2\/media\/757"}],"wp:attachment":[{"href":"https:\/\/inveurop.online\/oldsite\/fr\/wp-json\/wp\/v2\/media?parent=756"}],"wp:term":[{"taxonomy":"yst_prominent_words","embeddable":true,"href":"https:\/\/inveurop.online\/oldsite\/fr\/wp-json\/wp\/v2\/yst_prominent_words?post=756"}],"curies":[{"name":"wp","href":"https:\/\/api.w.org\/{rel}","templated":true}]}}