{"id":759,"date":"2020-12-16T16:32:31","date_gmt":"2020-12-16T16:32:31","guid":{"rendered":"https:\/\/inveurop.online\/oldsite\/fr\/?page_id=759"},"modified":"2021-01-04T10:09:39","modified_gmt":"2021-01-04T10:09:39","slug":"equipement-et-accessoires","status":"publish","type":"page","link":"https:\/\/inveurop.online\/oldsite\/fr\/equipement-et-accessoires\/","title":{"rendered":"\u00c9quipement et accessoires"},"content":{"rendered":"\n<div class=\"alignfull wp-block-ugb-header ugb-header ugb-99194a7 ugb-header ugb-header--v3 ugb-header--design-plain ugb-main-block ugb--has-custom-content-width ugb--has-custom-content-width-tablet ugb--has-custom-content-width-mobile ugb-main-block--inner-full ugb--has-block-background ugb--has-background-overlay\" id=\"\"><style>.ugb-99194a7 .ugb-header__title{font-family:\"Montserrat\",Sans-serif !important;font-weight:700 !important;color:#ffffff;text-align:center !important}.ugb-99194a7 .ugb-inner-block{text-align:center}.ugb-99194a7.ugb-header{justify-content:flex-start;background-image:url(https:\/\/inveurop.online\/oldsite\/es\/wp-content\/uploads\/sites\/2\/2020\/10\/Equipamientos.jpg)}.ugb-99194a7.ugb-header > .ugb-inner-block{max-width:100% !important}.ugb-99194a7.ugb-header:before{opacity:0.5}@media screen and (min-width:768px){.ugb-99194a7.ugb-header{padding-top:8px !important;padding-right:0px !important}}@media screen and (max-width:1025px){.ugb-99194a7.ugb-header{justify-content:flex-start}.ugb-99194a7.ugb-header > .ugb-inner-block{max-width:75% !important}}@media screen and (max-width:768px){.ugb-99194a7.ugb-header{justify-content:flex-start}.ugb-99194a7.ugb-header > .ugb-inner-block{max-width:90% !important}}<\/style><div class=\"ugb-inner-block ugb-inner-block--full\"><div class=\"ugb-block-content\"><div class=\"ugb-header__item\"><div class=\"ugb-content-wrapper\"><h1 class=\"ugb-header__title\">Equipamientos y accesorios<\/h1><\/div><\/div><\/div><\/div><\/div>\n\n\n\n<div class=\"wp-block-ugb-text ugb-text ugb-3d8c6c0 ugb-text--design-plain ugb-text--columns-1 ugb-main-block\" id=\"\"><style>@media screen and (min-width:768px){.ugb-3d8c6c0.ugb-text{margin-right:200px !important;margin-left:200px !important}}<\/style><div class=\"ugb-inner-block\"><div class=\"ugb-block-content\"><div class=\"ugb-text__text-wrapper\"><div class=\"ugb-text__text\"><p class=\"ugb-text__text-1\">Le service technique vous conseillera sur tout type d&rsquo;\u00e9quipement auxiliaire afin d&rsquo;obtenir le climat id\u00e9al pour chaque type de culture \u00e0 l&rsquo;int\u00e9rieur de la serre.<br>Gr\u00e2ce \u00e0 ces \u00e9quipements, nos clients peuvent modifier des param\u00e8tres tels que : la temp\u00e9rature, l&rsquo;humidit\u00e9, la lumi\u00e8re, etc\u2026 tout cela dans le but final d&rsquo;obtenir une augmentation de leur productivit\u00e9 et par cons\u00e9quent une r\u00e9duction des co\u00fbts.<br><br>Parmi les plus remarquables :<\/p><\/div><\/div><\/div><\/div><\/div>\n\n\n\n<div class=\"alignfull wp-block-ugb-icon-list ugb-icon-list ugb-icon--icon-arrow ugb-93e65b5 ugb-icon-list--v2 ugb-main-block ugb--has-custom-content-width ugb--has-custom-content-width-mobile ugb-main-block--inner-center ugb--has-block-background\" id=\"\"><style>.ugb-93e65b5 li{--icon-size:25px !important;margin-bottom:10px !important}.ugb-93e65b5 li::before{width:25px !important;height:25px !important;background-image:url('data:image\/svg+xml;base64,PHN2ZyB2aWV3Qm94PSIwIDAgMTk0IDE5NCIgeG1sbnM9Imh0dHA6Ly93d3cudzMub3JnLzIwMDAvc3ZnIiBzdHlsZT0iZmlsbDogIzI5NTM5NyAhaW1wb3J0YW50OyBjb2xvcjogIzI5NTM5NyAhaW1wb3J0YW50Ij48cGF0aCBkPSJNNzMuMSA2NS4zTDEwNC44IDk3bC0zMS43IDMxLjcgMTAuNiAxMC42TDEyNiA5NyA4My43IDU0Ljd6IiBmaWxsPSIjMjk1Mzk3IiBzdHJva2U9IiMyOTUzOTciIHN0eWxlPSJmaWxsOiByZ2IoNDEsIDgzLCAxNTEpOyBzdHJva2U6IHJnYig0MSwgODMsIDE1MSk7Ii8+PHBhdGggZD0iTTE4NC40IDYwYy03LjItMTctMTkuMi0zMS41LTM0LjQtNDEuOEMxMzQuOSA4IDExNi41IDIgOTYuOSAyYy0xMy4xIDAtMjUuNiAyLjctMzcgNy41LTE3LjEgNy4yLTMxLjYgMTkuMy00MS44IDM0LjRTMS45IDc3LjQgMS45IDk3YzAgMTMuMSAyLjcgMjUuNiA3LjUgMzcgNy4yIDE3LjEgMTkuMyAzMS42IDM0LjQgNDEuOFM3Ny4yIDE5MiA5Ni45IDE5MmMxMy4xIDAgMjUuNi0yLjcgMzctNy41IDE3LjEtNy4yIDMxLjYtMTkuMyA0MS44LTM0LjQgMTAuMi0xNS4yIDE2LjItMzMuNSAxNi4yLTUzLjEgMC0xMy4xLTIuNy0yNS42LTcuNS0zN3ptLTEzLjggNjguMWMtNi4xIDE0LjMtMTYuMiAyNi42LTI5IDM1LjItMTIuOCA4LjctMjguMSAxMy43LTQ0LjcgMTMuNy0xMS4xIDAtMjEuNi0yLjItMzEuMS02LjMtMTQuMy02LjEtMjYuNi0xNi4yLTM1LjItMjlDMjEuOSAxMjkgMTYuOSAxMTMuNiAxNi45IDk3YzAtMTEuMSAyLjItMjEuNiA2LjMtMzEuMSA2LjEtMTQuMyAxNi4yLTI2LjYgMjktMzUuMkM2NC45IDIyIDgwLjMgMTcgOTYuOSAxN2MxMS4xIDAgMjEuNiAyLjIgMzEuMSA2LjMgMTQuMyA2LjEgMjYuNiAxNi4yIDM1LjIgMjkgOC42IDEyLjggMTMuNyAyOC4xIDEzLjcgNDQuNyAwIDExLjEtMi4yIDIxLjYtNi4zIDMxLjF6IiBmaWxsPSIjMjk1Mzk3IiBzdHJva2U9IiMyOTUzOTciIHN0eWxlPSJmaWxsOiByZ2IoNDEsIDgzLCAxNTEpOyBzdHJva2U6IHJnYig0MSwgODMsIDE1MSk7Ii8+PC9zdmc+')}.ugb-93e65b5 li ul{margin-bottom:10px !important}.ugb-93e65b5.ugb-icon-list ul{columns:2}.ugb-93e65b5 .ugb-inner-block{text-align:left}.ugb-93e65b5.ugb-icon-list > .ugb-inner-block{max-width:2500px !important}@media screen and (min-width:768px){.ugb-93e65b5.ugb-icon-list{padding-top:0px !important;padding-right:200px !important;padding-left:200px !important}}@media screen and (max-width:768px){.ugb-93e65b5.ugb-icon-list > .ugb-inner-block{max-width:250px !important}}<\/style><div class=\"ugb-inner-block ugb-inner-block--center\"><div class=\"ugb-block-content\"><ul><li>Plastiques<\/li><li>\u00c9crans thermiques<\/li><li>Cooling Systems<\/li><li>Mesh <\/li><li>Ventilations<\/li><li>Extracteurs<\/li><\/ul><\/div><\/div><\/div>\n","protected":false},"excerpt":{"rendered":"","protected":false},"author":1,"featured_media":0,"parent":0,"menu_order":0,"comment_status":"closed","ping_status":"closed","template":"builder.php","meta":{"inline_featured_image":false,"_genesis_hide_title":false,"_genesis_hide_breadcrumbs":false,"_genesis_hide_singular_image":false,"_genesis_hide_footer_widgets":false,"_genesis_custom_body_class":"","_genesis_custom_post_class":"","_genesis_layout":"","footnotes":""},"yst_prominent_words":[],"class_list":{"0":"post-759","1":"page","2":"type-page","3":"status-publish","5":"entry"},"_links":{"self":[{"href":"https:\/\/inveurop.online\/oldsite\/fr\/wp-json\/wp\/v2\/pages\/759"}],"collection":[{"href":"https:\/\/inveurop.online\/oldsite\/fr\/wp-json\/wp\/v2\/pages"}],"about":[{"href":"https:\/\/inveurop.online\/oldsite\/fr\/wp-json\/wp\/v2\/types\/page"}],"author":[{"embeddable":true,"href":"https:\/\/inveurop.online\/oldsite\/fr\/wp-json\/wp\/v2\/users\/1"}],"replies":[{"embeddable":true,"href":"https:\/\/inveurop.online\/oldsite\/fr\/wp-json\/wp\/v2\/comments?post=759"}],"version-history":[{"count":5,"href":"https:\/\/inveurop.online\/oldsite\/fr\/wp-json\/wp\/v2\/pages\/759\/revisions"}],"predecessor-version":[{"id":836,"href":"https:\/\/inveurop.online\/oldsite\/fr\/wp-json\/wp\/v2\/pages\/759\/revisions\/836"}],"wp:attachment":[{"href":"https:\/\/inveurop.online\/oldsite\/fr\/wp-json\/wp\/v2\/media?parent=759"}],"wp:term":[{"taxonomy":"yst_prominent_words","embeddable":true,"href":"https:\/\/inveurop.online\/oldsite\/fr\/wp-json\/wp\/v2\/yst_prominent_words?post=759"}],"curies":[{"name":"wp","href":"https:\/\/api.w.org\/{rel}","templated":true}]}}