{"id":761,"date":"2020-12-16T16:39:30","date_gmt":"2020-12-16T16:39:30","guid":{"rendered":"https:\/\/inveurop.online\/oldsite\/fr\/?page_id=761"},"modified":"2021-01-04T10:15:18","modified_gmt":"2021-01-04T10:15:18","slug":"tables-de-culture","status":"publish","type":"page","link":"https:\/\/inveurop.online\/oldsite\/fr\/tables-de-culture\/","title":{"rendered":"Tables de culture"},"content":{"rendered":"\n<div class=\"alignfull wp-block-ugb-header ugb-header ugb-caae29f ugb-header ugb-header--v3 ugb-header--design-plain ugb-main-block ugb--has-custom-content-width ugb--has-custom-content-width-tablet ugb--has-custom-content-width-mobile ugb-main-block--inner-full ugb--has-block-background ugb--has-background-overlay\" id=\"\"><style>.ugb-caae29f .ugb-header__title{font-family:\"Montserrat\",Sans-serif !important;font-weight:700 !important;color:#ffffff;text-align:center !important}.ugb-caae29f .ugb-inner-block{text-align:center}.ugb-caae29f.ugb-header{justify-content:center;background-image:url(https:\/\/inveurop.online\/oldsite\/es\/wp-content\/uploads\/sites\/2\/2020\/10\/Mesas-de-cultivo-pa\u0301gina.jpeg)}.ugb-caae29f.ugb-header > .ugb-inner-block{max-width:100% !important}.ugb-caae29f.ugb-header:before{opacity:0.5}@media screen and (min-width:768px){.ugb-caae29f.ugb-header{padding-top:8px !important}}@media screen and (max-width:1025px){.ugb-caae29f.ugb-header{justify-content:flex-start}.ugb-caae29f.ugb-header > .ugb-inner-block{max-width:75% !important}}@media screen and (max-width:768px){.ugb-caae29f.ugb-header{justify-content:flex-start}.ugb-caae29f.ugb-header > .ugb-inner-block{max-width:90% !important}}<\/style><div class=\"ugb-inner-block ugb-inner-block--full\"><div class=\"ugb-block-content\"><div class=\"ugb-header__item\"><div class=\"ugb-content-wrapper\"><h1 class=\"ugb-header__title\">Mesas de Cultivo<\/h1><\/div><\/div><\/div><\/div><\/div>\n\n\n\n<div class=\"wp-block-ugb-text ugb-text ugb-3bdac14 ugb-text--design-plain ugb-text--columns-1 ugb-main-block\" id=\"\"><style>@media screen and (min-width:768px){.ugb-3bdac14.ugb-text{margin-right:200px !important;margin-left:200px !important}}<\/style><div class=\"ugb-inner-block\"><div class=\"ugb-block-content\"><div class=\"ugb-text__text-wrapper\"><div class=\"ugb-text__text\"><p class=\"ugb-text__text-1\">Les tables de culture sont utilis\u00e9es dans les jardineries, les lits de semences, les p\u00e9pini\u00e8res, etc.<br><br>Nos tables de culture sont con\u00e7ues pour offrir un maximum de confort et d&rsquo;efficacit\u00e9 et, bien entendu, nous les fabriquons dans la taille qui convient le mieux aux besoins de votre culture :<\/p><\/div><\/div><\/div><\/div><\/div>\n\n\n\n<div class=\"alignfull wp-block-ugb-icon-list ugb-icon-list ugb-icon--icon-arrow ugb-7ed1442 ugb-icon-list--v2 ugb-main-block ugb--has-custom-content-width ugb--has-custom-content-width-mobile ugb-main-block--inner-center ugb--has-block-background\" id=\"\"><style>.ugb-7ed1442 li{--icon-size:25px !important;margin-bottom:10px !important}.ugb-7ed1442 li::before{width:25px !important;height:25px !important;background-image:url('data:image\/svg+xml;base64,PHN2ZyB2aWV3Qm94PSIwIDAgMTk0IDE5NCIgeG1sbnM9Imh0dHA6Ly93d3cudzMub3JnLzIwMDAvc3ZnIiBzdHlsZT0iZmlsbDogIzI5NTM5NyAhaW1wb3J0YW50OyBjb2xvcjogIzI5NTM5NyAhaW1wb3J0YW50Ij48cGF0aCBkPSJNNzMuMSA2NS4zTDEwNC44IDk3bC0zMS43IDMxLjcgMTAuNiAxMC42TDEyNiA5NyA4My43IDU0Ljd6IiBmaWxsPSIjMjk1Mzk3IiBzdHJva2U9IiMyOTUzOTciIHN0eWxlPSJmaWxsOiByZ2IoNDEsIDgzLCAxNTEpOyBzdHJva2U6IHJnYig0MSwgODMsIDE1MSk7Ii8+PHBhdGggZD0iTTE4NC40IDYwYy03LjItMTctMTkuMi0zMS41LTM0LjQtNDEuOEMxMzQuOSA4IDExNi41IDIgOTYuOSAyYy0xMy4xIDAtMjUuNiAyLjctMzcgNy41LTE3LjEgNy4yLTMxLjYgMTkuMy00MS44IDM0LjRTMS45IDc3LjQgMS45IDk3YzAgMTMuMSAyLjcgMjUuNiA3LjUgMzcgNy4yIDE3LjEgMTkuMyAzMS42IDM0LjQgNDEuOFM3Ny4yIDE5MiA5Ni45IDE5MmMxMy4xIDAgMjUuNi0yLjcgMzctNy41IDE3LjEtNy4yIDMxLjYtMTkuMyA0MS44LTM0LjQgMTAuMi0xNS4yIDE2LjItMzMuNSAxNi4yLTUzLjEgMC0xMy4xLTIuNy0yNS42LTcuNS0zN3ptLTEzLjggNjguMWMtNi4xIDE0LjMtMTYuMiAyNi42LTI5IDM1LjItMTIuOCA4LjctMjguMSAxMy43LTQ0LjcgMTMuNy0xMS4xIDAtMjEuNi0yLjItMzEuMS02LjMtMTQuMy02LjEtMjYuNi0xNi4yLTM1LjItMjlDMjEuOSAxMjkgMTYuOSAxMTMuNiAxNi45IDk3YzAtMTEuMSAyLjItMjEuNiA2LjMtMzEuMSA2LjEtMTQuMyAxNi4yLTI2LjYgMjktMzUuMkM2NC45IDIyIDgwLjMgMTcgOTYuOSAxN2MxMS4xIDAgMjEuNiAyLjIgMzEuMSA2LjMgMTQuMyA2LjEgMjYuNiAxNi4yIDM1LjIgMjkgOC42IDEyLjggMTMuNyAyOC4xIDEzLjcgNDQuNyAwIDExLjEtMi4yIDIxLjYtNi4zIDMxLjF6IiBmaWxsPSIjMjk1Mzk3IiBzdHJva2U9IiMyOTUzOTciIHN0eWxlPSJmaWxsOiByZ2IoNDEsIDgzLCAxNTEpOyBzdHJva2U6IHJnYig0MSwgODMsIDE1MSk7Ii8+PC9zdmc+')}.ugb-7ed1442 li ul{margin-bottom:10px !important}.ugb-7ed1442.ugb-icon-list ul{columns:1}.ugb-7ed1442 .ugb-inner-block{text-align:left}.ugb-7ed1442.ugb-icon-list > .ugb-inner-block{max-width:2500px !important}@media screen and (min-width:768px){.ugb-7ed1442.ugb-icon-list{padding-top:0px !important;padding-right:200px !important;padding-left:200px !important}}@media screen and (max-width:768px){.ugb-7ed1442.ugb-icon-list > .ugb-inner-block{max-width:275px !important}}<\/style><div class=\"ugb-inner-block ugb-inner-block--center\"><div class=\"ugb-block-content\"><ul><li>Structure en acier galvanis\u00e9 par la m\u00e9thode sendzimir pour les tables avec plateau d&rsquo;inondation.<\/li><li>Pour les tables \u00e0 fond grillag\u00e9, elles sont fabriqu\u00e9es en acier galvanis\u00e9 \u00e0 chaud.<\/li><li>Structure totalement d\u00e9tachable.<\/li><li>Fix\u00e9 au sol avec des ancres.<\/li><li>Hauteur r\u00e9glable.<\/li><li>Largeurs standard 1,20 \/ 1,40 \/ 1,60 \/ 1,80 \/ 2,00 m\u00e8tres<\/li><li>Longueur en fonction des besoins du client.<\/li><\/ul><\/div><\/div><\/div>\n\n\n\n<p>Diff\u00e9rents <strong>types de tableaux<\/strong> selon leur <em>application<\/em> :<\/p>\n\n\n\n<ul class=\"wp-block-list\"><li>Tables fixes : hauteur de travail r\u00e9glable. Id\u00e9al pour l&rsquo;exposition dans les jardineries.<\/li><li>Tables mobiles : meilleure utilisation de l&rsquo;espace disponible car elles peuvent ouvrir des couloirs dans n&rsquo;importe quelle zone de travail. Id\u00e9al pour les serres de production.<\/li><li>Tables transportables : mont\u00e9es sur rails et actionn\u00e9es hydrauliquement. Id\u00e9al pour les grandes p\u00e9pini\u00e8res qui ont besoin de d\u00e9placer les plantes pendant leurs phases de croissance.<\/li><\/ul>\n","protected":false},"excerpt":{"rendered":"<p>Diff\u00e9rents types de tableaux selon leur application : Tables fixes : hauteur de travail r\u00e9glable. Id\u00e9al pour l&rsquo;exposition dans les jardineries. Tables mobiles : meilleure utilisation de l&rsquo;espace disponible car elles peuvent ouvrir des couloirs dans n&rsquo;importe quelle zone de travail. Id\u00e9al pour les serres de production. Tables transportables : mont\u00e9es sur rails et actionn\u00e9es &hellip;<\/p>\n","protected":false},"author":1,"featured_media":0,"parent":0,"menu_order":0,"comment_status":"closed","ping_status":"closed","template":"","meta":{"inline_featured_image":false,"_genesis_hide_title":false,"_genesis_hide_breadcrumbs":false,"_genesis_hide_singular_image":false,"_genesis_hide_footer_widgets":false,"_genesis_custom_body_class":"","_genesis_custom_post_class":"","_genesis_layout":"","footnotes":""},"yst_prominent_words":[],"class_list":{"0":"post-761","1":"page","2":"type-page","3":"status-publish","5":"entry"},"_links":{"self":[{"href":"https:\/\/inveurop.online\/oldsite\/fr\/wp-json\/wp\/v2\/pages\/761"}],"collection":[{"href":"https:\/\/inveurop.online\/oldsite\/fr\/wp-json\/wp\/v2\/pages"}],"about":[{"href":"https:\/\/inveurop.online\/oldsite\/fr\/wp-json\/wp\/v2\/types\/page"}],"author":[{"embeddable":true,"href":"https:\/\/inveurop.online\/oldsite\/fr\/wp-json\/wp\/v2\/users\/1"}],"replies":[{"embeddable":true,"href":"https:\/\/inveurop.online\/oldsite\/fr\/wp-json\/wp\/v2\/comments?post=761"}],"version-history":[{"count":3,"href":"https:\/\/inveurop.online\/oldsite\/fr\/wp-json\/wp\/v2\/pages\/761\/revisions"}],"predecessor-version":[{"id":838,"href":"https:\/\/inveurop.online\/oldsite\/fr\/wp-json\/wp\/v2\/pages\/761\/revisions\/838"}],"wp:attachment":[{"href":"https:\/\/inveurop.online\/oldsite\/fr\/wp-json\/wp\/v2\/media?parent=761"}],"wp:term":[{"taxonomy":"yst_prominent_words","embeddable":true,"href":"https:\/\/inveurop.online\/oldsite\/fr\/wp-json\/wp\/v2\/yst_prominent_words?post=761"}],"curies":[{"name":"wp","href":"https:\/\/api.w.org\/{rel}","templated":true}]}}