{"id":767,"date":"2020-12-16T16:54:08","date_gmt":"2020-12-16T16:54:08","guid":{"rendered":"https:\/\/inveurop.online\/oldsite\/fr\/?page_id=767"},"modified":"2020-12-16T16:54:21","modified_gmt":"2020-12-16T16:54:21","slug":"systemes-hydroponiques","status":"publish","type":"page","link":"https:\/\/inveurop.online\/oldsite\/fr\/systemes-hydroponiques\/","title":{"rendered":"Syst\u00e8mes hydroponiques"},"content":{"rendered":"\n<p>La culture hydroponique est la culture de plantes sans les ressources du sol. C&rsquo;est pourquoi il faut utiliser un substrat qui peut \u00eatre organique (fibre de coco, tourbe, etc.) ou inorganique (perlite, argile expans\u00e9e, etc.).<\/p>\n\n\n\n<p>Il s&rsquo;agit donc d&rsquo;une culture biologique capable d&rsquo;augmenter consid\u00e9rablement la production, gr\u00e2ce \u00e0 une meilleure utilisation de l&rsquo;espace cultiv\u00e9.<\/p>\n\n\n\n<p>Nous fabriquons deux syst\u00e8mes de culture pour la culture hydroponique :<\/p>\n\n\n\n<div class=\"wp-block-kadence-iconlist kt-svg-icon-list-items kt-svg-icon-list-items_9e9ce3-42 kt-svg-icon-list-columns-1 alignnone\"><ul class=\"kt-svg-icon-list\"><li class=\"kt-svg-icon-list-style-default kt-svg-icon-list-item-wrap kt-svg-icon-list-item-0\"><div style=\"display:inline-flex;justify-content:center;align-items:center\" class=\"kt-svg-icon-list-single kt-svg-icon-list-single-fe_checkCircle\"><svg style=\"display:inline-block;vertical-align:middle\" viewbox=\"0 0 24 24\" height=\"20\" width=\"20\" fill=\"none\" stroke=\"currentColor\" xmlns=\"http:\/\/www.w3.org\/2000\/svg\" stroke-width=\"2\" stroke-linecap=\"round\" stroke-linejoin=\"round\"><path d=\"M22 11.08V12a10 10 0 1 1-5.93-9.14\"><\/path><polyline points=\"22 4 12 14.01 9 11.01\"><\/polyline><\/svg><\/div><span class=\"kt-svg-icon-list-text\">Syst\u00e8me de fixation par \u00ab\u00a0cha\u00eene\u00a0\u00bb, au moyen duquel la goutti\u00e8re est suspendue dans l&rsquo;air et fix\u00e9e \u00e0 la structure d&rsquo;une serre mod\u00e8le multi-tunnel au moyen d&rsquo;une cha\u00eene attach\u00e9e \u00e0 un \u00e9l\u00e9ment en forme de crochet qui maintient finalement la goutti\u00e8re en place.<\/span><\/li><li class=\"kt-svg-icon-list-style-default kt-svg-icon-list-item-wrap kt-svg-icon-list-item-1\"><div style=\"display:inline-flex;justify-content:center;align-items:center\" class=\"kt-svg-icon-list-single kt-svg-icon-list-single-fe_checkCircle\"><svg style=\"display:inline-block;vertical-align:middle\" viewbox=\"0 0 24 24\" height=\"20\" width=\"20\" fill=\"none\" stroke=\"currentColor\" xmlns=\"http:\/\/www.w3.org\/2000\/svg\" stroke-width=\"2\" stroke-linecap=\"round\" stroke-linejoin=\"round\"><path d=\"M22 11.08V12a10 10 0 1 1-5.93-9.14\"><\/path><polyline points=\"22 4 12 14.01 9 11.01\"><\/polyline><\/svg><\/div><span class=\"kt-svg-icon-list-text\">Sistema \u00abPata-clic\u00bb<strong>,<\/strong>\u00a0que consiste en el acoplamiento de una pata met\u00e1lica y una canaleta de dise\u00f1o\u00a0innovador que mejora considerablemente lo existente en el mercado. Su principal ventaja reside en la enorme capacidad para evacuar el agua de riego. Este sistema se puede implantar tanto en invernadero modelo multitunel, como en los denominados macrotunel.<\/span><\/li><\/ul><\/div>\n","protected":false},"excerpt":{"rendered":"<p>La culture hydroponique est la culture de plantes sans les ressources du sol. C&rsquo;est pourquoi il faut utiliser un substrat qui peut \u00eatre organique (fibre de coco, tourbe, etc.) ou inorganique (perlite, argile expans\u00e9e, etc.). Il s&rsquo;agit donc d&rsquo;une culture biologique capable d&rsquo;augmenter consid\u00e9rablement la production, gr\u00e2ce \u00e0 une meilleure utilisation de l&rsquo;espace cultiv\u00e9. Nous &hellip;<\/p>\n","protected":false},"author":1,"featured_media":0,"parent":0,"menu_order":0,"comment_status":"closed","ping_status":"closed","template":"","meta":{"inline_featured_image":false,"_genesis_hide_title":false,"_genesis_hide_breadcrumbs":false,"_genesis_hide_singular_image":false,"_genesis_hide_footer_widgets":false,"_genesis_custom_body_class":"","_genesis_custom_post_class":"","_genesis_layout":"","footnotes":""},"yst_prominent_words":[],"class_list":{"0":"post-767","1":"page","2":"type-page","3":"status-publish","5":"entry"},"_links":{"self":[{"href":"https:\/\/inveurop.online\/oldsite\/fr\/wp-json\/wp\/v2\/pages\/767"}],"collection":[{"href":"https:\/\/inveurop.online\/oldsite\/fr\/wp-json\/wp\/v2\/pages"}],"about":[{"href":"https:\/\/inveurop.online\/oldsite\/fr\/wp-json\/wp\/v2\/types\/page"}],"author":[{"embeddable":true,"href":"https:\/\/inveurop.online\/oldsite\/fr\/wp-json\/wp\/v2\/users\/1"}],"replies":[{"embeddable":true,"href":"https:\/\/inveurop.online\/oldsite\/fr\/wp-json\/wp\/v2\/comments?post=767"}],"version-history":[{"count":1,"href":"https:\/\/inveurop.online\/oldsite\/fr\/wp-json\/wp\/v2\/pages\/767\/revisions"}],"predecessor-version":[{"id":768,"href":"https:\/\/inveurop.online\/oldsite\/fr\/wp-json\/wp\/v2\/pages\/767\/revisions\/768"}],"wp:attachment":[{"href":"https:\/\/inveurop.online\/oldsite\/fr\/wp-json\/wp\/v2\/media?parent=767"}],"wp:term":[{"taxonomy":"yst_prominent_words","embeddable":true,"href":"https:\/\/inveurop.online\/oldsite\/fr\/wp-json\/wp\/v2\/yst_prominent_words?post=767"}],"curies":[{"name":"wp","href":"https:\/\/api.w.org\/{rel}","templated":true}]}}