{"id":801,"date":"2021-01-04T09:24:20","date_gmt":"2021-01-04T09:24:20","guid":{"rendered":"https:\/\/inveurop.online\/oldsite\/fr\/?page_id=801"},"modified":"2021-01-04T09:27:11","modified_gmt":"2021-01-04T09:27:11","slug":"modele-multitunnel","status":"publish","type":"page","link":"https:\/\/inveurop.online\/oldsite\/fr\/modele-multitunnel\/","title":{"rendered":"Mod\u00e8le Multitunnel"},"content":{"rendered":"\n<div class=\"alignfull wp-block-ugb-header ugb-header ugb-19245e6 ugb-header ugb-header--v3 ugb-header--design-plain ugb-main-block ugb--has-custom-content-width ugb--has-custom-content-width-tablet ugb--has-custom-content-width-mobile ugb-main-block--inner-full ugb--has-block-background ugb--has-background-overlay\" id=\"\"><style>.ugb-19245e6 .ugb-header__title{font-family:\"Montserrat\",Sans-serif !important;font-weight:700 !important;color:#ffffff}.ugb-19245e6.ugb-header{justify-content:flex-start;background-image:url(https:\/\/inveurop.online\/oldsite\/es\/wp-content\/uploads\/sites\/2\/2020\/10\/Multitunel.jpg)}.ugb-19245e6.ugb-header > .ugb-inner-block{max-width:100% !important}.ugb-19245e6.ugb-header:before{opacity:0.5}@media screen and (min-width:768px){.ugb-19245e6.ugb-header{margin-top:0px !important;padding-top:8px !important}}@media screen and (max-width:1025px){.ugb-19245e6.ugb-header{justify-content:flex-start}.ugb-19245e6.ugb-header > .ugb-inner-block{max-width:75% !important}}@media screen and (max-width:768px){.ugb-19245e6.ugb-header{justify-content:flex-start}.ugb-19245e6.ugb-header > .ugb-inner-block{max-width:90% !important}}<\/style><div class=\"ugb-inner-block ugb-inner-block--full\"><div class=\"ugb-block-content\"><div class=\"ugb-header__item\"><div class=\"ugb-content-wrapper\"><h1 class=\"ugb-header__title\">Multitunnel<\/h1><\/div><\/div><\/div><\/div><\/div>\n\n\n\n<div class=\"wp-block-ugb-text ugb-text ugb-c1cb55c ugb-text--design-plain ugb-text--columns-1 ugb-main-block\" id=\"\"><style>@media screen and (min-width:768px){.ugb-c1cb55c.ugb-text{margin-right:200px !important;margin-left:200px !important}}<\/style><div class=\"ugb-inner-block\"><div class=\"ugb-block-content\"><div class=\"ugb-text__text-wrapper\"><div class=\"ugb-text__text\"><p class=\"ugb-text__text-1\">Serre modulaire construite au moyen d&rsquo;une structure m\u00e9tallique en tube galvanis\u00e9 par la \u00ab\u00a0m\u00e9thode sendzimir\u00a0\u00bb de qualit\u00e9 Z-235 JRH selon la norme UNE-36.130, formant un cadre sur lequel est fix\u00e9 un mat\u00e9riau de couverture de mani\u00e8re \u00e0 ce qu&rsquo;il soit totalement \u00e9tanche.<\/p><\/div><\/div><\/div><\/div><\/div>\n\n\n\n<div class=\"alignfull wp-block-ugb-icon-list ugb-icon-list ugb-icon--icon-arrow ugb-3739fd4 ugb-icon-list--v2 ugb-main-block ugb--has-custom-content-width ugb--has-custom-content-width-mobile ugb-main-block--inner-center ugb--has-block-background\" id=\"\"><style>.ugb-3739fd4 li{--icon-size:25px !important;margin-bottom:10px !important}.ugb-3739fd4 li::before{width:25px !important;height:25px !important;background-image:url('data:image\/svg+xml;base64,PHN2ZyB2aWV3Qm94PSIwIDAgMTk0IDE5NCIgeG1sbnM9Imh0dHA6Ly93d3cudzMub3JnLzIwMDAvc3ZnIiBzdHlsZT0iZmlsbDogIzI5NTM5NyAhaW1wb3J0YW50OyBjb2xvcjogIzI5NTM5NyAhaW1wb3J0YW50Ij48cGF0aCBkPSJNNzMuMSA2NS4zTDEwNC44IDk3bC0zMS43IDMxLjcgMTAuNiAxMC42TDEyNiA5NyA4My43IDU0Ljd6IiBmaWxsPSIjMjk1Mzk3IiBzdHJva2U9IiMyOTUzOTciIHN0eWxlPSJmaWxsOiByZ2IoNDEsIDgzLCAxNTEpOyBzdHJva2U6IHJnYig0MSwgODMsIDE1MSk7Ii8+PHBhdGggZD0iTTE4NC40IDYwYy03LjItMTctMTkuMi0zMS41LTM0LjQtNDEuOEMxMzQuOSA4IDExNi41IDIgOTYuOSAyYy0xMy4xIDAtMjUuNiAyLjctMzcgNy41LTE3LjEgNy4yLTMxLjYgMTkuMy00MS44IDM0LjRTMS45IDc3LjQgMS45IDk3YzAgMTMuMSAyLjcgMjUuNiA3LjUgMzcgNy4yIDE3LjEgMTkuMyAzMS42IDM0LjQgNDEuOFM3Ny4yIDE5MiA5Ni45IDE5MmMxMy4xIDAgMjUuNi0yLjcgMzctNy41IDE3LjEtNy4yIDMxLjYtMTkuMyA0MS44LTM0LjQgMTAuMi0xNS4yIDE2LjItMzMuNSAxNi4yLTUzLjEgMC0xMy4xLTIuNy0yNS42LTcuNS0zN3ptLTEzLjggNjguMWMtNi4xIDE0LjMtMTYuMiAyNi42LTI5IDM1LjItMTIuOCA4LjctMjguMSAxMy43LTQ0LjcgMTMuNy0xMS4xIDAtMjEuNi0yLjItMzEuMS02LjMtMTQuMy02LjEtMjYuNi0xNi4yLTM1LjItMjlDMjEuOSAxMjkgMTYuOSAxMTMuNiAxNi45IDk3YzAtMTEuMSAyLjItMjEuNiA2LjMtMzEuMSA2LjEtMTQuMyAxNi4yLTI2LjYgMjktMzUuMkM2NC45IDIyIDgwLjMgMTcgOTYuOSAxN2MxMS4xIDAgMjEuNiAyLjIgMzEuMSA2LjMgMTQuMyA2LjEgMjYuNiAxNi4yIDM1LjIgMjkgOC42IDEyLjggMTMuNyAyOC4xIDEzLjcgNDQuNyAwIDExLjEtMi4yIDIxLjYtNi4zIDMxLjF6IiBmaWxsPSIjMjk1Mzk3IiBzdHJva2U9IiMyOTUzOTciIHN0eWxlPSJmaWxsOiByZ2IoNDEsIDgzLCAxNTEpOyBzdHJva2U6IHJnYig0MSwgODMsIDE1MSk7Ii8+PC9zdmc+')}.ugb-3739fd4 li ul{margin-bottom:10px !important}.ugb-3739fd4.ugb-icon-list ul{columns:1}.ugb-3739fd4 .ugb-inner-block{text-align:left}.ugb-3739fd4.ugb-icon-list > .ugb-inner-block{max-width:2500px !important}@media screen and (min-width:768px){.ugb-3739fd4.ugb-icon-list{padding-top:0px !important;padding-right:200px !important;padding-left:200px !important}}@media screen and (max-width:768px){.ugb-3739fd4.ugb-icon-list > .ugb-inner-block{max-width:275px !important}}<\/style><div class=\"ugb-inner-block ugb-inner-block--center\"><div class=\"ugb-block-content\"><ul><li>Seules les pi\u00e8ces boulonn\u00e9es (sans soudure) con\u00e7ues et calcul\u00e9es par notre bureau technique sont utilis\u00e9es pour l&rsquo;assemblage.<\/li><li>Il est adapt\u00e9 \u00e0 la production de toute culture, qu&rsquo;il s&rsquo;agisse de l\u00e9gumes, de plantes ornementales, de p\u00e9pini\u00e8res, de plants, de floriculture, etc.<\/li><li>Convient \u00e0 la culture biologique.<\/li><li>Fentes lat\u00e9rales, frontales et z\u00e9nithales.<\/li><li>Syst\u00e8me de ventilation manuel ou automatique.<\/li><li>Couvertures en film, plastique, plaque de polycarbonate (transparent ou opaque), grillage d&rsquo;ombrage, etc\u2026<\/li><li>Stabilit\u00e9 structurelle garantie.<\/li><\/ul><\/div><\/div><\/div>\n","protected":false},"excerpt":{"rendered":"","protected":false},"author":1,"featured_media":0,"parent":0,"menu_order":0,"comment_status":"closed","ping_status":"closed","template":"builder.php","meta":{"inline_featured_image":false,"_genesis_hide_title":false,"_genesis_hide_breadcrumbs":false,"_genesis_hide_singular_image":false,"_genesis_hide_footer_widgets":false,"_genesis_custom_body_class":"","_genesis_custom_post_class":"","_genesis_layout":"","footnotes":""},"yst_prominent_words":[],"class_list":{"0":"post-801","1":"page","2":"type-page","3":"status-publish","5":"entry"},"_links":{"self":[{"href":"https:\/\/inveurop.online\/oldsite\/fr\/wp-json\/wp\/v2\/pages\/801"}],"collection":[{"href":"https:\/\/inveurop.online\/oldsite\/fr\/wp-json\/wp\/v2\/pages"}],"about":[{"href":"https:\/\/inveurop.online\/oldsite\/fr\/wp-json\/wp\/v2\/types\/page"}],"author":[{"embeddable":true,"href":"https:\/\/inveurop.online\/oldsite\/fr\/wp-json\/wp\/v2\/users\/1"}],"replies":[{"embeddable":true,"href":"https:\/\/inveurop.online\/oldsite\/fr\/wp-json\/wp\/v2\/comments?post=801"}],"version-history":[{"count":2,"href":"https:\/\/inveurop.online\/oldsite\/fr\/wp-json\/wp\/v2\/pages\/801\/revisions"}],"predecessor-version":[{"id":804,"href":"https:\/\/inveurop.online\/oldsite\/fr\/wp-json\/wp\/v2\/pages\/801\/revisions\/804"}],"wp:attachment":[{"href":"https:\/\/inveurop.online\/oldsite\/fr\/wp-json\/wp\/v2\/media?parent=801"}],"wp:term":[{"taxonomy":"yst_prominent_words","embeddable":true,"href":"https:\/\/inveurop.online\/oldsite\/fr\/wp-json\/wp\/v2\/yst_prominent_words?post=801"}],"curies":[{"name":"wp","href":"https:\/\/api.w.org\/{rel}","templated":true}]}}