{"id":805,"date":"2021-01-04T09:34:28","date_gmt":"2021-01-04T09:34:28","guid":{"rendered":"https:\/\/inveurop.online\/oldsite\/fr\/?page_id=805"},"modified":"2021-01-04T09:35:34","modified_gmt":"2021-01-04T09:35:34","slug":"modele-macrotunnel","status":"publish","type":"page","link":"https:\/\/inveurop.online\/oldsite\/fr\/modele-macrotunnel\/","title":{"rendered":"Mod\u00e9le Macrotunnel"},"content":{"rendered":"\n<div class=\"alignfull wp-block-ugb-header ugb-header ugb-3f458fc ugb-header ugb-header--v3 ugb-header--design-plain ugb-main-block ugb--has-custom-content-width ugb-main-block--inner-full ugb--has-block-background ugb--has-background-overlay\" id=\"\"><style>.ugb-3f458fc .ugb-header__title{font-family:\"Montserrat\",Sans-serif !important;color:#ffffff}.ugb-3f458fc.ugb-header{background-image:url(https:\/\/inveurop.online\/oldsite\/es\/wp-content\/uploads\/sites\/2\/2020\/10\/Macrotu\u0301nel-pa\u0301gina.jpg)}.ugb-3f458fc.ugb-header > .ugb-inner-block{max-width:100% !important}.ugb-3f458fc.ugb-header:before{opacity:0.5}@media screen and (min-width:768px){.ugb-3f458fc.ugb-header{padding-top:8px !important}}<\/style><div class=\"ugb-inner-block ugb-inner-block--full\"><div class=\"ugb-block-content\"><div class=\"ugb-header__item\"><div class=\"ugb-content-wrapper\"><h1 class=\"ugb-header__title\">Macrotunnel<\/h1><\/div><\/div><\/div><\/div><\/div>\n\n\n\n<div class=\"wp-block-ugb-text ugb-text ugb-4589aba ugb-text--design-plain ugb-text--columns-1 ugb-main-block\" id=\"\"><style>@media screen and (min-width:768px){.ugb-4589aba.ugb-text{margin-right:200px !important;margin-left:200px !important}}<\/style><div class=\"ugb-inner-block\"><div class=\"ugb-block-content\"><div class=\"ugb-text__text-wrapper\"><div class=\"ugb-text__text\"><p class=\"ugb-text__text-1\">Chez Inveurop, nous proposons une large gamme de serres macro-tunnels qui peuvent \u00eatre adapt\u00e9es aux besoins de la culture et du climat. Avec des largeurs comprises entre 6 et 9 m\u00e8tres et une hauteur libre lat\u00e9rale comprise entre 0,75 et 3 m\u00e8tres, selon le diam\u00e8tre du tunnel.<br>Nous avons \u00e9galement plusieurs diam\u00e8tres de tubes pour la structure : 35, 40 et 50 mm.<br>Tous les mod\u00e8les de macrotunnels sont totalement compatibles avec la culture hydroponique, avec les avantages que ce type de culture comporte :<\/p><\/div><\/div><\/div><\/div><\/div>\n\n\n\n<div class=\"alignfull wp-block-ugb-icon-list ugb-icon-list ugb-icon--icon-arrow ugb-0b35902 ugb-icon-list--v2 ugb-main-block ugb--has-custom-content-width ugb--has-custom-content-width-mobile ugb-main-block--inner-wide ugb--has-block-background\" id=\"\"><style>.ugb-0b35902 li{--icon-size:25px !important;margin-bottom:10px !important}.ugb-0b35902 li::before{width:25px !important;height:25px !important;background-image:url('data:image\/svg+xml;base64,PHN2ZyB2aWV3Qm94PSIwIDAgMTk0IDE5NCIgeG1sbnM9Imh0dHA6Ly93d3cudzMub3JnLzIwMDAvc3ZnIiBzdHlsZT0iZmlsbDogIzIzNjdhOCAhaW1wb3J0YW50OyBjb2xvcjogIzIzNjdhOCAhaW1wb3J0YW50Ij48cGF0aCBkPSJNNzMuMSA2NS4zTDEwNC44IDk3bC0zMS43IDMxLjcgMTAuNiAxMC42TDEyNiA5NyA4My43IDU0Ljd6IiBmaWxsPSIjMjM2N2E4IiBzdHJva2U9IiMyMzY3YTgiIHN0eWxlPSJmaWxsOiByZ2IoMzUsIDEwMywgMTY4KTsgc3Ryb2tlOiByZ2IoMzUsIDEwMywgMTY4KTsiLz48cGF0aCBkPSJNMTg0LjQgNjBjLTcuMi0xNy0xOS4yLTMxLjUtMzQuNC00MS44QzEzNC45IDggMTE2LjUgMiA5Ni45IDJjLTEzLjEgMC0yNS42IDIuNy0zNyA3LjUtMTcuMSA3LjItMzEuNiAxOS4zLTQxLjggMzQuNFMxLjkgNzcuNCAxLjkgOTdjMCAxMy4xIDIuNyAyNS42IDcuNSAzNyA3LjIgMTcuMSAxOS4zIDMxLjYgMzQuNCA0MS44Uzc3LjIgMTkyIDk2LjkgMTkyYzEzLjEgMCAyNS42LTIuNyAzNy03LjUgMTcuMS03LjIgMzEuNi0xOS4zIDQxLjgtMzQuNCAxMC4yLTE1LjIgMTYuMi0zMy41IDE2LjItNTMuMSAwLTEzLjEtMi43LTI1LjYtNy41LTM3em0tMTMuOCA2OC4xYy02LjEgMTQuMy0xNi4yIDI2LjYtMjkgMzUuMi0xMi44IDguNy0yOC4xIDEzLjctNDQuNyAxMy43LTExLjEgMC0yMS42LTIuMi0zMS4xLTYuMy0xNC4zLTYuMS0yNi42LTE2LjItMzUuMi0yOUMyMS45IDEyOSAxNi45IDExMy42IDE2LjkgOTdjMC0xMS4xIDIuMi0yMS42IDYuMy0zMS4xIDYuMS0xNC4zIDE2LjItMjYuNiAyOS0zNS4yQzY0LjkgMjIgODAuMyAxNyA5Ni45IDE3YzExLjEgMCAyMS42IDIuMiAzMS4xIDYuMyAxNC4zIDYuMSAyNi42IDE2LjIgMzUuMiAyOSA4LjYgMTIuOCAxMy43IDI4LjEgMTMuNyA0NC43IDAgMTEuMS0yLjIgMjEuNi02LjMgMzEuMXoiIGZpbGw9IiMyMzY3YTgiIHN0cm9rZT0iIzIzNjdhOCIgc3R5bGU9ImZpbGw6IHJnYigzNSwgMTAzLCAxNjgpOyBzdHJva2U6IHJnYigzNSwgMTAzLCAxNjgpOyIvPjwvc3ZnPg==')}.ugb-0b35902 li ul{margin-bottom:10px !important}.ugb-0b35902.ugb-icon-list ul{columns:1}.ugb-0b35902 .ugb-inner-block{text-align:left}.ugb-0b35902.ugb-icon-list > .ugb-inner-block{min-width:auto !important;max-width:2500px !important}@media screen and (min-width:768px){.ugb-0b35902.ugb-icon-list{padding-top:0px !important;padding-right:200px !important;padding-left:200px !important}}@media screen and (max-width:768px){.ugb-0b35902.ugb-icon-list > .ugb-inner-block{min-width:auto !important;max-width:275px !important}}<\/style><div class=\"ugb-inner-block ugb-inner-block--wide\"><div class=\"ugb-block-content\"><ul><li>R\u00e9duction des co\u00fbts de main-d&rsquo;\u0153uvre et de culture.<\/li><li>R\u00e9duction de 30 % de l&rsquo;eau et de 50 % des engrais.<\/li><li>R\u00e9duction des traitements phytosanitaires. Diminution de l&rsquo;incidence des maladies.<\/li><li>Fruit d&rsquo;excellente qualit\u00e9, de meilleures caract\u00e9ristiques organoleptiques et de conservation, de sorte que son prix sur le march\u00e9 est plus \u00e9lev\u00e9.<\/li><li>Le nombre de plantes par hectare est sup\u00e9rieur de 30%, ce qui signifie plus de rentabilit\u00e9 et de profit.<\/li><\/ul><\/div><\/div><\/div>\n\n\n\n<div class=\"wp-block-ugb-heading alignwide ugb-heading ugb-05c961f ugb-main-block\" id=\"\"><style>.ugb-05c961f .ugb-heading__title{color:#2367a8;font-weight:900 !important;text-transform:uppercase !important;text-align:center}.ugb-05c961f .ugb-heading__bottom-line{background-color:#00a6dd !important;width:725px !important;margin-left:auto !important;margin-right:auto !important}.ugb-05c961f .ugb-inner-block{text-align:center}<\/style><div class=\"ugb-inner-block\"><div class=\"ugb-block-content\"><h3 class=\"ugb-heading__title\">Macrotunnel Basique<\/h3><div class=\"ugb-heading__bottom-line\"><\/div><\/div><\/div><\/div>\n\n\n\n<div class=\"wp-block-image\"><figure class=\"aligncenter size-large\"><img decoding=\"async\" src=\"https:\/\/inveurop.online\/oldsite\/es\/wp-content\/uploads\/sites\/2\/2020\/10\/Macro-basico.jpg\" alt=\"Macrot\u00fanel b\u00e1sico\" class=\"wp-image-1748\"\/><\/figure><\/div>\n\n\n\n<div class=\"wp-block-ugb-text ugb-text ugb-cae4674 ugb-text--design-plain ugb-text--columns-1 ugb-main-block\" id=\"\"><style>@media screen and (min-width:768px){.ugb-cae4674.ugb-text{margin-right:200px !important;margin-left:200px !important}}<\/style><div class=\"ugb-inner-block\"><div class=\"ugb-block-content\"><div class=\"ugb-text__text-wrapper\"><div class=\"ugb-text__text\"><p class=\"ugb-text__text-1\">Serre de base construite avec une structure m\u00e9tallique en tube galvanis\u00e9 de qualit\u00e9 DX 51-D, selon la norme UNE-36130, form\u00e9e par un cadre sur lequel est fix\u00e9 un mat\u00e9riau de couverture. Il est sp\u00e9cialement con\u00e7u pour la production de baies \u00e0 grande \u00e9chelle et la culture d&rsquo;arbres fruitiers. <br><br>Sa structure est totalement d\u00e9montable, id\u00e9ale pour le montage pendant la saison de production et le d\u00e9montage ult\u00e9rieur pour l&rsquo;entretien et l&rsquo;enrichissement des terres.<br><br>Sa polyvalence, sa facilit\u00e9 d&rsquo;assemblage et son faible co\u00fbt, gr\u00e2ce \u00e0 un processus de fabrication enti\u00e8rement automatis\u00e9, sont ses meilleures qualit\u00e9s.<br>En outre, la serre Macrotunnel est totalement compatible avec la culture hydroponique, avec les avantages que ce type de culture comporte.<br><br><\/p><\/div><\/div><\/div><\/div><\/div>\n\n\n\n<div class=\"wp-block-ugb-heading ugb-heading ugb-a5da791 ugb-main-block\" id=\"\"><style>.ugb-a5da791 .ugb-heading__title{color:#2367a8;font-weight:900 !important;text-transform:uppercase !important;text-align:center}.ugb-a5da791 .ugb-heading__bottom-line{background-color:#00a6dd !important;width:725px !important;margin-left:auto !important;margin-right:auto !important}.ugb-a5da791 .ugb-inner-block{text-align:center}<\/style><div class=\"ugb-inner-block\"><div class=\"ugb-block-content\"><h3 class=\"ugb-heading__title\">Macrot\u00fanel magnifique<\/h3><div class=\"ugb-heading__bottom-line\"><\/div><\/div><\/div><\/div>\n\n\n\n<div class=\"wp-block-image\"><figure class=\"aligncenter size-large\"><img decoding=\"async\" src=\"https:\/\/inveurop.online\/oldsite\/es\/wp-content\/uploads\/sites\/2\/2020\/10\/Macro-Maravilla.jpg\" alt=\"Macrot\u00fanel maravilla\" class=\"wp-image-1749\"\/><\/figure><\/div>\n\n\n\n<div class=\"wp-block-ugb-text ugb-text ugb-da326c8 ugb-text--design-plain ugb-text--columns-1 ugb-main-block\" id=\"\"><style>@media screen and (min-width:768px){.ugb-da326c8.ugb-text{padding-right:200px !important;padding-left:200px !important}}<\/style><div class=\"ugb-inner-block\"><div class=\"ugb-block-content\"><div class=\"ugb-text__text-wrapper\"><div class=\"ugb-text__text\"><p class=\"ugb-text__text-1\">Serre de base renforc\u00e9e et polyvalente, avec plus de largeur, plus de hauteur, plus de robustesse, et donc une meilleure ventilation, construite au moyen d&rsquo;une structure m\u00e9tallique en tube galvanis\u00e9 de qualit\u00e9 DX 51-D, selon la norme UNE-36130, form\u00e9e par un cadre sur lequel est fix\u00e9 un mat\u00e9riau de couverture. <br><br>Il est sp\u00e9cialement con\u00e7u pour la production de baies \u00e0 grande \u00e9chelle et la culture d&rsquo;arbres fruitiers. Sa structure est totalement d\u00e9montable, id\u00e9ale pour le montage pendant la saison de production et le d\u00e9montage ult\u00e9rieur pour l&rsquo;entretien et l&rsquo;enrichissement des terres.<br><br>Gr\u00e2ce aux composants sp\u00e9cifiques utilis\u00e9s pour renforcer la structure et \u00e0 sa polyvalence, elle r\u00e9siste au vent et aux climats d\u00e9favorables.<br><br><\/p><\/div><\/div><\/div><\/div><\/div>\n\n\n\n<div class=\"wp-block-ugb-heading ugb-heading ugb-ffe930c ugb-main-block\" id=\"\"><style>.ugb-ffe930c .ugb-heading__title{color:#2367a8;font-weight:900 !important;text-transform:uppercase !important;text-align:center}.ugb-ffe930c .ugb-heading__bottom-line{background-color:#00a6dd !important;width:725px !important;margin-left:auto !important;margin-right:auto !important}.ugb-ffe930c .ugb-inner-block{text-align:center}<\/style><div class=\"ugb-inner-block\"><div class=\"ugb-block-content\"><h3 class=\"ugb-heading__title\">Macrotunnel plus<\/h3><div class=\"ugb-heading__bottom-line\"><\/div><\/div><\/div><\/div>\n\n\n\n<div class=\"wp-block-image\"><figure class=\"aligncenter size-large\"><img decoding=\"async\" src=\"https:\/\/inveurop.online\/oldsite\/es\/wp-content\/uploads\/sites\/2\/2020\/10\/Macro-Plus.jpg\" alt=\"\" class=\"wp-image-1750\"\/><\/figure><\/div>\n\n\n\n<div class=\"wp-block-ugb-text ugb-text ugb-702fcdf ugb-text--design-plain ugb-text--columns-1 ugb-main-block\" id=\"\"><style>@media screen and (min-width:768px){.ugb-702fcdf.ugb-text{margin-right:200px !important;margin-left:200px !important}}<\/style><div class=\"ugb-inner-block\"><div class=\"ugb-block-content\"><div class=\"ugb-text__text-wrapper\"><div class=\"ugb-text__text\"><p class=\"ugb-text__text-1\">Serre de base renforc\u00e9e construite avec une structure m\u00e9tallique en tube galvanis\u00e9 de qualit\u00e9 DX 51-D, selon la norme UNE-36130, form\u00e9e par un cadre sur lequel est fix\u00e9 un mat\u00e9riau de couverture. Il est sp\u00e9cialement con\u00e7u pour la production de baies \u00e0 grande \u00e9chelle et la culture d&rsquo;arbres fruitiers. Sa structure est totalement d\u00e9montable, id\u00e9ale pour le montage pendant la saison de production et le d\u00e9montage ult\u00e9rieur pour l&rsquo;entretien et l&rsquo;enrichissement des terres.<br>Gr\u00e2ce aux composants utilis\u00e9s pour renforcer la structure, avec des enceintes lat\u00e9rales et frontales et un collecteur d&rsquo;eau, elle obtient une plus grande r\u00e9sistance au vent et aux conditions m\u00e9t\u00e9orologiques d\u00e9favorables sans perdre sa polyvalence.<br><\/p><\/div><\/div><\/div><\/div><\/div>\n\n\n\n<div class=\"wp-block-ugb-heading ugb-heading ugb-805fd51 ugb-main-block\" id=\"\"><style>.ugb-805fd51 .ugb-heading__title{color:#2367a8;font-weight:900 !important;text-transform:uppercase !important;text-align:center}.ugb-805fd51 .ugb-heading__bottom-line{background-color:#00a6dd !important;width:725px !important;margin-left:auto !important;margin-right:auto !important}.ugb-805fd51 .ugb-inner-block{text-align:center}@media screen and (min-width:768px){.ugb-805fd51.ugb-heading{margin-top:-1px !important;margin-bottom:35px !important}}<\/style><div class=\"ugb-inner-block\"><div class=\"ugb-block-content\"><h3 class=\"ugb-heading__title\">Macrot\u00fanel allemagne<\/h3><div class=\"ugb-heading__bottom-line\"><\/div><\/div><\/div><\/div>\n\n\n\n<div class=\"wp-block-ugb-text ugb-text ugb-9f2548f ugb-text--design-plain ugb-text--columns-1 ugb-main-block\" id=\"\"><style>@media screen and (min-width:768px){.ugb-9f2548f.ugb-text{margin-top:0px !important;margin-right:200px !important;margin-left:200px !important}}<\/style><div class=\"ugb-inner-block\"><div class=\"ugb-block-content\"><div class=\"ugb-text__text-wrapper\"><div class=\"ugb-text__text\"><p class=\"ugb-text__text-1\">Serre de base construite avec une structure m\u00e9tallique galvanis\u00e9e de qualit\u00e9 DX 51-D, conform\u00e9ment \u00e0 la norme UNE-36130, constitu\u00e9e d&rsquo;un cadre sur lequel est fix\u00e9 un mat\u00e9riau de couverture.<br>Il est sp\u00e9cialement con\u00e7u pour les r\u00e9gions o\u00f9 la neige est abondante, pour la production de baies \u00e0 grande \u00e9chelle et la culture d&rsquo;arbres fruitiers.<br><br>Mod\u00e8le initialement con\u00e7u pour la culture des baies. Ce mod\u00e8le est utilis\u00e9 dans les r\u00e9gions froides o\u00f9 la neige est abondante et les vents forts. Sa structure permet d&rsquo;obtenir un arc complet du sol gr\u00e2ce \u00e0 une patte sp\u00e9ciale, faisant reposer la neige ou la gr\u00eale sur l&rsquo;erra et n&rsquo;affectant pas la structure. Sa grande solidit\u00e9, sa polyvalence et sa facilit\u00e9 de montage en font un produit id\u00e9al pour les climats froids.<\/p><\/div><\/div><\/div><\/div><\/div>\n","protected":false},"excerpt":{"rendered":"","protected":false},"author":1,"featured_media":0,"parent":0,"menu_order":0,"comment_status":"closed","ping_status":"closed","template":"builder.php","meta":{"inline_featured_image":false,"_genesis_hide_title":false,"_genesis_hide_breadcrumbs":false,"_genesis_hide_singular_image":false,"_genesis_hide_footer_widgets":false,"_genesis_custom_body_class":"","_genesis_custom_post_class":"","_genesis_layout":"","footnotes":""},"yst_prominent_words":[],"class_list":{"0":"post-805","1":"page","2":"type-page","3":"status-publish","5":"entry"},"_links":{"self":[{"href":"https:\/\/inveurop.online\/oldsite\/fr\/wp-json\/wp\/v2\/pages\/805"}],"collection":[{"href":"https:\/\/inveurop.online\/oldsite\/fr\/wp-json\/wp\/v2\/pages"}],"about":[{"href":"https:\/\/inveurop.online\/oldsite\/fr\/wp-json\/wp\/v2\/types\/page"}],"author":[{"embeddable":true,"href":"https:\/\/inveurop.online\/oldsite\/fr\/wp-json\/wp\/v2\/users\/1"}],"replies":[{"embeddable":true,"href":"https:\/\/inveurop.online\/oldsite\/fr\/wp-json\/wp\/v2\/comments?post=805"}],"version-history":[{"count":1,"href":"https:\/\/inveurop.online\/oldsite\/fr\/wp-json\/wp\/v2\/pages\/805\/revisions"}],"predecessor-version":[{"id":806,"href":"https:\/\/inveurop.online\/oldsite\/fr\/wp-json\/wp\/v2\/pages\/805\/revisions\/806"}],"wp:attachment":[{"href":"https:\/\/inveurop.online\/oldsite\/fr\/wp-json\/wp\/v2\/media?parent=805"}],"wp:term":[{"taxonomy":"yst_prominent_words","embeddable":true,"href":"https:\/\/inveurop.online\/oldsite\/fr\/wp-json\/wp\/v2\/yst_prominent_words?post=805"}],"curies":[{"name":"wp","href":"https:\/\/api.w.org\/{rel}","templated":true}]}}