{"id":810,"date":"2021-01-04T09:40:22","date_gmt":"2021-01-04T09:40:22","guid":{"rendered":"https:\/\/inveurop.online\/oldsite\/fr\/?page_id=810"},"modified":"2021-01-04T09:42:04","modified_gmt":"2021-01-04T09:42:04","slug":"tuteurs","status":"publish","type":"page","link":"https:\/\/inveurop.online\/oldsite\/fr\/tuteurs\/","title":{"rendered":"Tuteurs"},"content":{"rendered":"\n<div class=\"alignfull wp-block-ugb-header ugb-header ugb-844e82e ugb-header ugb-header--v3 ugb-header--design-plain ugb-main-block ugb--has-custom-content-width ugb--has-custom-content-width-tablet ugb--has-custom-content-width-mobile ugb-main-block--inner-full ugb--has-block-background ugb--has-background-overlay\" id=\"\"><style>.ugb-844e82e .ugb-header__title{font-family:\"Montserrat\",Sans-serif !important;font-weight:700 !important;color:#ffffff;text-align:center !important}.ugb-844e82e .ugb-inner-block{text-align:center}.ugb-844e82e.ugb-header{justify-content:flex-start;background-image:url(https:\/\/inveurop.online\/oldsite\/es\/wp-content\/uploads\/sites\/2\/2020\/10\/Tutores.jpg)}.ugb-844e82e.ugb-header > .ugb-inner-block{max-width:100% !important}.ugb-844e82e.ugb-header:before{opacity:0.5}@media screen and (min-width:768px){.ugb-844e82e.ugb-header{padding-top:8px !important}}@media screen and (max-width:1025px){.ugb-844e82e.ugb-header{justify-content:flex-start}.ugb-844e82e.ugb-header > .ugb-inner-block{max-width:75% !important}}@media screen and (max-width:768px){.ugb-844e82e.ugb-header{justify-content:flex-start}.ugb-844e82e.ugb-header > .ugb-inner-block{max-width:90% !important}}<\/style><div class=\"ugb-inner-block ugb-inner-block--full\"><div class=\"ugb-block-content\"><div class=\"ugb-header__item\"><div class=\"ugb-content-wrapper\"><h1 class=\"ugb-header__title\">Tuteurs<\/h1><\/div><\/div><\/div><\/div><\/div>\n\n\n\n<div class=\"wp-block-ugb-text ugb-text ugb-dec2d87 ugb-text--design-plain ugb-text--columns-1 ugb-main-block\" id=\"\"><style>@media screen and (min-width:768px){.ugb-dec2d87.ugb-text{padding-right:200px !important;padding-left:200px !important}}<\/style><div class=\"ugb-inner-block\"><div class=\"ugb-block-content\"><div class=\"ugb-text__text-wrapper\"><div class=\"ugb-text__text\"><p class=\"ugb-text__text-1\">Le tuteur est un outil utilis\u00e9 en agriculture <strong>qui sert de guide pour certains types de plantes afin de favoriser leur bonne croissance.<\/strong><br><br>Lorsque le tuteur est attach\u00e9 \u00e0 la plante dans son processus de croissance, on obtient que la plante se d\u00e9veloppe de la bonne mani\u00e8re, en <strong>favorisant la maturation homog\u00e8ne de tous les fruits<\/strong>, gr\u00e2ce au fait que l&rsquo;air atteint toutes les parties de la plante dans la m\u00eame mesure.<br><br>En outre, elle facilite certaines t\u00e2ches, en les rendant plus confortables et en pr\u00e9venant les risques de parasites et de maladies et en facilitant les t\u00e2ches de soins. Elle r\u00e9duit \u00e9galement le risque de probl\u00e8mes ult\u00e9rieurs li\u00e9s aux parasites et aux maladies.<\/p><\/div><\/div><\/div><\/div><\/div>\n","protected":false},"excerpt":{"rendered":"","protected":false},"author":1,"featured_media":0,"parent":0,"menu_order":0,"comment_status":"closed","ping_status":"closed","template":"builder.php","meta":{"inline_featured_image":false,"_genesis_hide_title":false,"_genesis_hide_breadcrumbs":false,"_genesis_hide_singular_image":false,"_genesis_hide_footer_widgets":false,"_genesis_custom_body_class":"","_genesis_custom_post_class":"","_genesis_layout":"","footnotes":""},"yst_prominent_words":[],"class_list":{"0":"post-810","1":"page","2":"type-page","3":"status-publish","5":"entry"},"_links":{"self":[{"href":"https:\/\/inveurop.online\/oldsite\/fr\/wp-json\/wp\/v2\/pages\/810"}],"collection":[{"href":"https:\/\/inveurop.online\/oldsite\/fr\/wp-json\/wp\/v2\/pages"}],"about":[{"href":"https:\/\/inveurop.online\/oldsite\/fr\/wp-json\/wp\/v2\/types\/page"}],"author":[{"embeddable":true,"href":"https:\/\/inveurop.online\/oldsite\/fr\/wp-json\/wp\/v2\/users\/1"}],"replies":[{"embeddable":true,"href":"https:\/\/inveurop.online\/oldsite\/fr\/wp-json\/wp\/v2\/comments?post=810"}],"version-history":[{"count":3,"href":"https:\/\/inveurop.online\/oldsite\/fr\/wp-json\/wp\/v2\/pages\/810\/revisions"}],"predecessor-version":[{"id":813,"href":"https:\/\/inveurop.online\/oldsite\/fr\/wp-json\/wp\/v2\/pages\/810\/revisions\/813"}],"wp:attachment":[{"href":"https:\/\/inveurop.online\/oldsite\/fr\/wp-json\/wp\/v2\/media?parent=810"}],"wp:term":[{"taxonomy":"yst_prominent_words","embeddable":true,"href":"https:\/\/inveurop.online\/oldsite\/fr\/wp-json\/wp\/v2\/yst_prominent_words?post=810"}],"curies":[{"name":"wp","href":"https:\/\/api.w.org\/{rel}","templated":true}]}}