{"id":815,"date":"2021-01-04T09:44:04","date_gmt":"2021-01-04T09:44:04","guid":{"rendered":"https:\/\/inveurop.online\/oldsite\/fr\/?page_id=815"},"modified":"2021-01-04T10:17:56","modified_gmt":"2021-01-04T10:17:56","slug":"garden-center","status":"publish","type":"page","link":"https:\/\/inveurop.online\/oldsite\/fr\/garden-center\/","title":{"rendered":"Garden Center"},"content":{"rendered":"\n<div class=\"alignfull wp-block-ugb-header ugb-header ugb-46b85ea ugb-header ugb-header--v3 ugb-header--design-plain ugb-main-block ugb--has-custom-content-width ugb--has-custom-content-width-tablet ugb--has-custom-content-width-mobile ugb-main-block--inner-full ugb--has-block-background ugb--has-background-overlay\" id=\"\"><style>.ugb-46b85ea .ugb-header__title{font-family:\"Montserrat\",Sans-serif !important;font-weight:700 !important;color:#ffffff;text-align:center !important}.ugb-46b85ea .ugb-inner-block{text-align:center}.ugb-46b85ea.ugb-header{justify-content:center;background-image:url(https:\/\/inveurop.online\/oldsite\/es\/wp-content\/uploads\/sites\/2\/2020\/10\/Garden.jpg)}.ugb-46b85ea.ugb-header > .ugb-inner-block{max-width:100% !important}.ugb-46b85ea.ugb-header:before{opacity:0.5}@media screen and (min-width:768px){.ugb-46b85ea.ugb-header{margin-top:0px !important;padding-top:8px !important}}@media screen and (max-width:1025px){.ugb-46b85ea.ugb-header{justify-content:flex-start}.ugb-46b85ea.ugb-header > .ugb-inner-block{max-width:75% !important}}@media screen and (max-width:768px){.ugb-46b85ea.ugb-header{justify-content:flex-start}.ugb-46b85ea.ugb-header > .ugb-inner-block{max-width:90% !important}}<\/style><div class=\"ugb-inner-block ugb-inner-block--full\"><div class=\"ugb-block-content\"><div class=\"ugb-header__item\"><div class=\"ugb-content-wrapper\"><h1 class=\"ugb-header__title\">Garden Center<\/h1><\/div><\/div><\/div><\/div><\/div>\n\n\n\n<div class=\"wp-block-ugb-text ugb-text ugb-5c6b727 ugb-text--design-plain ugb-text--columns-1 ugb-main-block\" id=\"\"><style>@media screen and (min-width:768px){.ugb-5c6b727.ugb-text{margin-bottom:0px !important;padding-right:200px !important;padding-left:200px !important}}<\/style><div class=\"ugb-inner-block\"><div class=\"ugb-block-content\"><div class=\"ugb-text__text-wrapper\"><div class=\"ugb-text__text\"><p class=\"ugb-text__text-1\">Les jardineries sont devenues l&rsquo;un des endroits pr\u00e9f\u00e9r\u00e9s pour acheter des plantes. Ces centres disposent de serres, qui servent \u00e0 conserver les plantes, mais doivent \u00e9galement avoir une esth\u00e9tique adapt\u00e9e comme tout \u00e9tablissement commercial.<\/p><\/div><\/div><\/div><\/div><\/div>\n\n\n\n<div class=\"wp-block-ugb-text ugb-text ugb-db5e5e4 ugb-text--design-plain ugb-text--columns-1 ugb-main-block\" id=\"\"><style>@media screen and (min-width:768px){.ugb-db5e5e4.ugb-text{margin-top:0px !important;margin-right:200px !important;margin-left:200px !important}}<\/style><div class=\"ugb-inner-block\"><div class=\"ugb-block-content\"><div class=\"ugb-text__text-wrapper\"><div class=\"ugb-text__text\"><p class=\"ugb-text__text-1\">Les serres qui sont install\u00e9es dans chaque Garden Center doivent \u00eatre adapt\u00e9es aux diff\u00e9rents types de plantes qui seront commercialis\u00e9es.<br><br>Chez Inveurop, nous avons plus de 30 ans d&rsquo;exp\u00e9rience dans l&rsquo;installation de serres pour les jardineries.<br><br>Pour ce type d&rsquo;installation, nous recommandons l&rsquo;installation d&rsquo;une structure en acier galvanis\u00e9 \u00e0 chaud avec un rev\u00eatement de zinc moyen de 70 microns selon la norme UNE-1S0- 1461.<br><br>&#8211; Destin\u00e9 aux jardineries pour l&rsquo;exposition et la vente d&rsquo;articles de bazar, de plantes et d&rsquo;objets d\u00e9coratifs.<br>&#8211; Conception sur mesure en fonction des besoins du client, pouvant combiner plusieurs types de serres : chapelle, mod\u00e8le multi-tunnel, ombri\u00e8re, etc.<br>&#8211; Des structures qui peuvent \u00eatre compl\u00e8tement d\u00e9mont\u00e9es.<br>&#8211; Mat\u00e9riaux de couverture : plaque de polycarbonate, plaque sandwich, verre, plastique, etc.<br>&#8211; Possibilit\u00e9 d&rsquo;int\u00e9grer une ventilation z\u00e9nithale et\/ou lat\u00e9rale.<\/p><\/div><\/div><\/div><\/div><\/div>\n","protected":false},"excerpt":{"rendered":"","protected":false},"author":1,"featured_media":0,"parent":0,"menu_order":0,"comment_status":"closed","ping_status":"closed","template":"builder.php","meta":{"inline_featured_image":false,"_genesis_hide_title":false,"_genesis_hide_breadcrumbs":false,"_genesis_hide_singular_image":false,"_genesis_hide_footer_widgets":false,"_genesis_custom_body_class":"","_genesis_custom_post_class":"","_genesis_layout":"","footnotes":""},"yst_prominent_words":[],"class_list":{"0":"post-815","1":"page","2":"type-page","3":"status-publish","5":"entry"},"_links":{"self":[{"href":"https:\/\/inveurop.online\/oldsite\/fr\/wp-json\/wp\/v2\/pages\/815"}],"collection":[{"href":"https:\/\/inveurop.online\/oldsite\/fr\/wp-json\/wp\/v2\/pages"}],"about":[{"href":"https:\/\/inveurop.online\/oldsite\/fr\/wp-json\/wp\/v2\/types\/page"}],"author":[{"embeddable":true,"href":"https:\/\/inveurop.online\/oldsite\/fr\/wp-json\/wp\/v2\/users\/1"}],"replies":[{"embeddable":true,"href":"https:\/\/inveurop.online\/oldsite\/fr\/wp-json\/wp\/v2\/comments?post=815"}],"version-history":[{"count":3,"href":"https:\/\/inveurop.online\/oldsite\/fr\/wp-json\/wp\/v2\/pages\/815\/revisions"}],"predecessor-version":[{"id":839,"href":"https:\/\/inveurop.online\/oldsite\/fr\/wp-json\/wp\/v2\/pages\/815\/revisions\/839"}],"wp:attachment":[{"href":"https:\/\/inveurop.online\/oldsite\/fr\/wp-json\/wp\/v2\/media?parent=815"}],"wp:term":[{"taxonomy":"yst_prominent_words","embeddable":true,"href":"https:\/\/inveurop.online\/oldsite\/fr\/wp-json\/wp\/v2\/yst_prominent_words?post=815"}],"curies":[{"name":"wp","href":"https:\/\/api.w.org\/{rel}","templated":true}]}}