{"id":819,"date":"2021-01-04T09:50:58","date_gmt":"2021-01-04T09:50:58","guid":{"rendered":"https:\/\/inveurop.online\/oldsite\/fr\/?page_id=819"},"modified":"2021-01-04T09:51:22","modified_gmt":"2021-01-04T09:51:22","slug":"services","status":"publish","type":"page","link":"https:\/\/inveurop.online\/oldsite\/fr\/services\/","title":{"rendered":"Services"},"content":{"rendered":"\n<div class=\"alignfull wp-block-ugb-header ugb-header ugb-1a10e09 ugb-header ugb-header--v3 ugb-header--design-plain ugb-main-block ugb--has-custom-content-width ugb--has-custom-content-width-tablet ugb--has-custom-content-width-mobile ugb-main-block--inner-wide ugb--has-block-background ugb--has-background-overlay\" id=\"\"><style>.ugb-1a10e09 .ugb-header__title{font-family:\"Montserrat\",Sans-serif !important;font-weight:700 !important;color:#ffffff;text-align:center !important}.ugb-1a10e09 .ugb-inner-block{text-align:left}.ugb-1a10e09.ugb-header{justify-content:center;background-image:url(https:\/\/inveurop.online\/oldsite\/es\/wp-content\/uploads\/sites\/2\/2020\/11\/Servicios-Cabecera.jpg)}.ugb-1a10e09.ugb-header > .ugb-inner-block{min-width:auto !important;max-width:100% !important}.ugb-1a10e09.ugb-header:before{opacity:0.5}@media screen and (min-width:768px){.ugb-1a10e09.ugb-header{margin-top:-75px !important;padding-top:8px !important}}@media screen and (max-width:1025px){.ugb-1a10e09.ugb-header{justify-content:flex-start}.ugb-1a10e09.ugb-header > .ugb-inner-block{min-width:auto !important;max-width:75% !important}}@media screen and (max-width:768px){.ugb-1a10e09.ugb-header{justify-content:flex-start}.ugb-1a10e09.ugb-header > .ugb-inner-block{min-width:auto !important;max-width:90% !important}}<\/style><div class=\"ugb-inner-block ugb-inner-block--wide\"><div class=\"ugb-block-content\"><div class=\"ugb-header__item\"><div class=\"ugb-content-wrapper\"><h1 class=\"ugb-header__title\">Services<\/h1><\/div><\/div><\/div><\/div><\/div>\n\n\n\n<div class=\"wp-block-ugb-text ugb-text ugb-3349f65 ugb-text--design-plain ugb-text--columns-1 ugb-main-block\" id=\"\"><div class=\"ugb-inner-block\"><div class=\"ugb-block-content\"><div class=\"ugb-text__text-wrapper\"><div class=\"ugb-text__text\"><p class=\"ugb-text__text-1\">Notre objectif est que vous disposiez de la serre qui correspond exactement aux besoins de votre culture et de vos ressources. Nous savons \u00e9galement qu&rsquo;il est important que vous ayez un contact direct, personnel et humain avec nous une fois que le processus d&rsquo;installation de votre serre est termin\u00e9.<\/p><\/div><\/div><\/div><\/div><\/div>\n\n\n\n<p>Afin d&rsquo;atteindre cet objectif et aussi pour \u00eatre proche de vous pendant tout le temps o\u00f9 vous avez besoin de notre aide, nous avons adopt\u00e9 une s\u00e9rie de services qui compl\u00e8tent la fabrication et la conception des serres.<\/p>\n\n\n\n<div class=\"wp-block-columns is-layout-flex wp-container-core-columns-is-layout-1 wp-block-columns-is-layout-flex\">\n<div class=\"wp-block-column is-layout-flow wp-block-column-is-layout-flow\">\n<div class=\"wp-block-kadence-icon kt-svg-icons kt-svg-icons_1d3b99-34 aligncenter\" style=\"text-align:center\"><div class=\"kt-svg-style-default kt-svg-icon-wrap kt-svg-item-0\"><div style=\"display:inline-flex;justify-content:center;align-items:center;color:#2367a8\" class=\"kt-svg-icon kt-svg-icon-fe_clock\"><svg style=\"display:inline-block;vertical-align:middle\" viewbox=\"0 0 24 24\" height=\"50\" width=\"50\" fill=\"none\" stroke=\"currentColor\" xmlns=\"http:\/\/www.w3.org\/2000\/svg\" stroke-width=\"2\" stroke-linecap=\"round\" stroke-linejoin=\"round\"><circle cx=\"12\" cy=\"12\" r=\"10\"><\/circle><polyline points=\"12 6 12 12 16 14\"><\/polyline><\/svg><\/div><\/div><\/div>\n\n\n\n<h4 id=\"kt-adv-heading_15d661-1c\" class=\"kt-adv-heading_15d661-1c wp-block-kadence-advancedheading\" style=\"text-align:center\">Planification<\/h4>\n\n\n\n<div class=\"wp-block-ugb-text ugb-text ugb-0f716b9 ugb-text--design-plain ugb-text--columns-1 ugb-main-block\" id=\"\"><div class=\"ugb-inner-block\"><div class=\"ugb-block-content\"><div class=\"ugb-text__text-wrapper\"><div class=\"ugb-text__text\"><p class=\"ugb-text__text-1\">La phase de planification nous aide \u00e0 conna\u00eetre vos besoins et vos ressources afin de vous proposer la meilleure serre pour vos cultures. Nous fixons \u00e9galement des d\u00e9lais pour la conception, la fabrication et la mise en \u0153uvre de la serre.<\/p><\/div><\/div><\/div><\/div><\/div>\n<\/div>\n\n\n\n<div class=\"wp-block-column is-layout-flow wp-block-column-is-layout-flow\">\n<div class=\"wp-block-kadence-icon kt-svg-icons kt-svg-icons_225c6b-80 aligncenter\" style=\"text-align:center\"><div class=\"kt-svg-style-default kt-svg-icon-wrap kt-svg-item-0\"><div style=\"display:inline-flex;justify-content:center;align-items:center;color:#2367a8\" class=\"kt-svg-icon kt-svg-icon-fe_aperture\"><svg style=\"display:inline-block;vertical-align:middle\" viewbox=\"0 0 24 24\" height=\"50\" width=\"50\" fill=\"none\" stroke=\"currentColor\" xmlns=\"http:\/\/www.w3.org\/2000\/svg\" stroke-width=\"2\" stroke-linecap=\"round\" stroke-linejoin=\"round\"><circle cx=\"12\" cy=\"12\" r=\"10\"><\/circle><line x1=\"14.31\" y1=\"8\" x2=\"20.05\" y2=\"17.94\"><\/line><line x1=\"9.69\" y1=\"8\" x2=\"21.17\" y2=\"8\"><\/line><line x1=\"7.38\" y1=\"12\" x2=\"13.12\" y2=\"2.06\"><\/line><line x1=\"9.69\" y1=\"16\" x2=\"3.95\" y2=\"6.06\"><\/line><line x1=\"14.31\" y1=\"16\" x2=\"2.83\" y2=\"16\"><\/line><line x1=\"16.62\" y1=\"12\" x2=\"10.88\" y2=\"21.94\"><\/line><\/svg><\/div><\/div><\/div>\n\n\n\n<h4 id=\"kt-adv-heading_978853-1f\" class=\"kt-adv-heading_978853-1f wp-block-kadence-advancedheading\" style=\"text-align:center\">Conception<\/h4>\n\n\n\n<div class=\"wp-block-ugb-text ugb-text ugb-668aa7f ugb-text--design-plain ugb-text--columns-1 ugb-main-block\" id=\"\"><div class=\"ugb-inner-block\"><div class=\"ugb-block-content\"><div class=\"ugb-text__text-wrapper\"><div class=\"ugb-text__text\"><p class=\"ugb-text__text-1\">Nous avons une \u00e9quipe de conception qui adapte la serre \u00e0 ce qui a \u00e9t\u00e9 \u00e9tabli lors de la phase de planification. Nous sortons les \u00e9bauches sous forme de rendu afin d&rsquo;apporter les modifications n\u00e9cessaires \u00e0 la conception en collaboration avec le client.<\/p><\/div><\/div><\/div><\/div><\/div>\n<\/div>\n\n\n\n<div class=\"wp-block-column is-layout-flow wp-block-column-is-layout-flow\">\n<div class=\"wp-block-kadence-icon kt-svg-icons kt-svg-icons_dee265-13 aligncenter\" style=\"text-align:center\"><div class=\"kt-svg-style-default kt-svg-icon-wrap kt-svg-item-0\"><div style=\"display:inline-flex;justify-content:center;align-items:center;color:#2367a8\" class=\"kt-svg-icon kt-svg-icon-ic_people\"><svg style=\"display:inline-block;vertical-align:middle\" viewbox=\"0 0 8 8\" height=\"50\" width=\"50\" fill=\"currentColor\" xmlns=\"http:\/\/www.w3.org\/2000\/svg\"><path d=\"M5.5 0c-.51 0-.95.35-1.22.88.45.54.72 1.28.72 2.13 0 .29-.03.55-.09.81.19.11.38.19.59.19.83 0 1.5-.9 1.5-2s-.67-2-1.5-2zm-3 1c-.83 0-1.5.9-1.5 2s.67 2 1.5 2 1.5-.9 1.5-2-.67-2-1.5-2zm4.75 3.16c-.43.51-1.02.82-1.69.84.27.38.44.84.44 1.34v.66h2v-1.66c0-.52-.31-.97-.75-1.19zm-6.5 1c-.44.22-.75.67-.75 1.19v1.66h5v-1.66c0-.52-.31-.97-.75-1.19-.45.53-1.06.84-1.75.84s-1.3-.32-1.75-.84z\"><\/path><\/svg><\/div><\/div><\/div>\n\n\n\n<h4 id=\"kt-adv-heading_5f6453-ae\" class=\"kt-adv-heading_5f6453-ae wp-block-kadence-advancedheading\" style=\"text-align:center\">Apr\u00e8s-vente<\/h4>\n\n\n\n<div class=\"wp-block-ugb-text ugb-text ugb-ea21c39 ugb-text--design-plain ugb-text--columns-1 ugb-main-block\" id=\"\"><div class=\"ugb-inner-block\"><div class=\"ugb-block-content\"><div class=\"ugb-text__text-wrapper\"><div class=\"ugb-text__text\"><p class=\"ugb-text__text-1\">Une fois la construction et l&rsquo;installation du projet termin\u00e9es, nous restons \u00e0 vos c\u00f4t\u00e9s, \u00e0 votre disposition pour que vous puissiez nous consulter sur tout doute ou information dont vous pourriez avoir besoin concernant l&rsquo;utilisation de la serre ou les \u00e9ventuels ajustements.<\/p><\/div><\/div><\/div><\/div><\/div>\n<\/div>\n\n\n\n<div class=\"wp-block-column is-layout-flow wp-block-column-is-layout-flow\">\n<div class=\"wp-block-kadence-icon kt-svg-icons kt-svg-icons_e4f138-83 aligncenter\" style=\"text-align:center\"><div class=\"kt-svg-style-default kt-svg-icon-wrap kt-svg-item-0\"><div style=\"display:inline-flex;justify-content:center;align-items:center;color:#2367a8\" class=\"kt-svg-icon kt-svg-icon-ic_wrench\"><svg style=\"display:inline-block;vertical-align:middle\" viewbox=\"0 0 8 8\" height=\"50\" width=\"50\" fill=\"currentColor\" xmlns=\"http:\/\/www.w3.org\/2000\/svg\"><path d=\"M5.5 0c-1.38 0-2.5 1.12-2.5 2.5 0 .32.08.62.19.91l-2.91 2.88c-.39.39-.39 1.05 0 1.44.2.2.46.28.72.28.26 0 .52-.09.72-.28l2.88-2.91c.28.11.58.19.91.19 1.38 0 2.5-1.12 2.5-2.5 0-.16 0-.32-.03-.47l-.97.97h-2v-2l.97-.97c-.15-.03-.31-.03-.47-.03zm-4.5 6.5c.28 0 .5.22.5.5s-.22.5-.5.5-.5-.22-.5-.5.22-.5.5-.5z\"><\/path><\/svg><\/div><\/div><\/div>\n\n\n\n<h4 id=\"kt-adv-heading_dc5385-77\" class=\"kt-adv-heading_dc5385-77 wp-block-kadence-advancedheading\" style=\"text-align:center\">Propre assembl\u00e9e<\/h4>\n\n\n\n<div class=\"wp-block-ugb-text ugb-text ugb-2a88822 ugb-text--design-plain ugb-text--columns-1 ugb-main-block\" id=\"\"><div class=\"ugb-inner-block\"><div class=\"ugb-block-content\"><div class=\"ugb-text__text-wrapper\"><div class=\"ugb-text__text\"><p class=\"ugb-text__text-1\">Nous disposons de notre propre personnel d&rsquo;op\u00e9rateurs professionnels. Nous ne faisons appel \u00e0 aucun sous-traitant pour le montage de nos structures.<\/p><\/div><\/div><\/div><\/div><\/div>\n<\/div>\n<\/div>\n","protected":false},"excerpt":{"rendered":"<p>Afin d&rsquo;atteindre cet objectif et aussi pour \u00eatre proche de vous pendant tout le temps o\u00f9 vous avez besoin de notre aide, nous avons adopt\u00e9 une s\u00e9rie de services qui compl\u00e8tent la fabrication et la conception des serres.<\/p>\n","protected":false},"author":1,"featured_media":0,"parent":0,"menu_order":0,"comment_status":"closed","ping_status":"closed","template":"","meta":{"inline_featured_image":false,"_genesis_hide_title":false,"_genesis_hide_breadcrumbs":false,"_genesis_hide_singular_image":false,"_genesis_hide_footer_widgets":false,"_genesis_custom_body_class":"","_genesis_custom_post_class":"","_genesis_layout":"","footnotes":""},"yst_prominent_words":[],"class_list":{"0":"post-819","1":"page","2":"type-page","3":"status-publish","5":"entry"},"_links":{"self":[{"href":"https:\/\/inveurop.online\/oldsite\/fr\/wp-json\/wp\/v2\/pages\/819"}],"collection":[{"href":"https:\/\/inveurop.online\/oldsite\/fr\/wp-json\/wp\/v2\/pages"}],"about":[{"href":"https:\/\/inveurop.online\/oldsite\/fr\/wp-json\/wp\/v2\/types\/page"}],"author":[{"embeddable":true,"href":"https:\/\/inveurop.online\/oldsite\/fr\/wp-json\/wp\/v2\/users\/1"}],"replies":[{"embeddable":true,"href":"https:\/\/inveurop.online\/oldsite\/fr\/wp-json\/wp\/v2\/comments?post=819"}],"version-history":[{"count":1,"href":"https:\/\/inveurop.online\/oldsite\/fr\/wp-json\/wp\/v2\/pages\/819\/revisions"}],"predecessor-version":[{"id":820,"href":"https:\/\/inveurop.online\/oldsite\/fr\/wp-json\/wp\/v2\/pages\/819\/revisions\/820"}],"wp:attachment":[{"href":"https:\/\/inveurop.online\/oldsite\/fr\/wp-json\/wp\/v2\/media?parent=819"}],"wp:term":[{"taxonomy":"yst_prominent_words","embeddable":true,"href":"https:\/\/inveurop.online\/oldsite\/fr\/wp-json\/wp\/v2\/yst_prominent_words?post=819"}],"curies":[{"name":"wp","href":"https:\/\/api.w.org\/{rel}","templated":true}]}}